{"id":19286,"date":"2024-03-15T13:22:29","date_gmt":"2024-03-15T10:22:29","guid":{"rendered":"https:\/\/ekolet.hahmode.zoner.dev\/product\/ekolet-anna-composting-toilet\/"},"modified":"2025-11-27T15:53:40","modified_gmt":"2025-11-27T12:53:40","slug":"ekolet-anna","status":"publish","type":"product","link":"https:\/\/ekolet.com\/en\/product\/ekolet-anna\/","title":{"rendered":"Ekolet Anna composting toilet"},"content":{"rendered":"\n<div class=\"wp-block-columns\">\n<div class=\"wp-block-column _tabs\">\n<div class=\"wp-block-columns _tab_menu\">\n<div class=\"wp-block-column\">\n<h6 class=\"wp-block-heading _current\"><a href=\"#info-1\">Description<\/a><\/h6>\n<\/div>\n\n\n\n<div class=\"wp-block-column\">\n<h6 class=\"wp-block-heading\"><a href=\"#info-2\">Technical specifications<\/a><\/h6>\n<\/div>\n\n\n\n<div class=\"wp-block-column\">\n<h6 class=\"wp-block-heading\"><a href=\"#info-3\">Instructions<\/a><\/h6>\n<\/div>\n\n\n\n<div class=\"wp-block-column\">\n<h6 class=\"wp-block-heading\"><a href=\"#info-4\">Delivery<\/a><\/h6>\n<\/div>\n<\/div>\n\n\n\n<div class=\"wp-block-columns _tab _current\" id=\"info-1\">\n<div class=\"wp-block-column\" style=\"flex-basis:66.66%\">\n<h2 class=\"wp-block-heading\">Inside the stylish seat<\/h2>\n\n\n\n<p>The toilet room is elegantly furnished with just a sturdy porcelain seat.\nAnd the ingenuity itself is under the floor: a rotating four-litre Ekolet composting tank.   <\/p>\n\n\n\n<p>The electrically ensured air circulation keeps the toilet completely odourless.\nThe fan power can be adjusted and can also be installed to work with a solar panel.\nIf the shower is in the same room, a steam vent at the roofline should be connected to the compost tank lid.  <\/p>\n\n\n\n<p>The tank has filtered intermediate floors with an evaporation level for the liquids and a bottom basin for biological purification of the liquids.<\/p>\n\n\n\n<h2 class=\"wp-block-heading\">Uniquely easy to maintain<\/h2>\n\n\n\n<p>Every year or so, when the tray is full, a light layer of mulch is applied and a new tray is rolled out.\nThe four compartments allow for a sufficiently long period of natural composting, so that the 100% composted nutrient-rich soil that is emptied can be applied directly to the plants. <\/p>\n\n\n\n<p>A full tray will yield about 150 litres of soil.\nIn the evaporation and sedimentation basins, the biologically treated liquid is discharged to the on-site greywater system for further treatment. <\/p>\n\n\n\n<h2 class=\"wp-block-heading\">Long-lived and nature-friendly<\/h2>\n\n\n\n<p>The Ekolet Anna indoor composting toilet for the home has a simple and reliable design.\nThere are no parts that would prevent the use of the toilet if it were to break or become blocked.   <\/p>\n\n\n\n<p>Thanks to the vertical design, the floor area required is small.\nThe compost toilet also effectively removes radon gas by improving ventilation of the house floor. <\/p>\n\n\n\n<p>The toilet is made of durable and long-lasting materials.\nThe plastic parts are made of polyethylene plastic, the metal parts are made of stainless or hot-dip galvanised steel and the metal wheels are made of aluminium.\nThe Ekolet Anna toilet has a 20-year frame warranty from the date of purchase.  <\/p>\n\n\n\n<h2 class=\"wp-block-heading\">Order a carefree Ekolet Anna indoor toilet<\/h2>\n\n\n\n<p>The toilet includes a sturdy porcelain seat and an underfloor rotating four-bowl composting tank.<\/p>\n\n\n\n<p>The price includes a value-added reserve of 25,5 %.\nAny delivery charges will be added to the price. <\/p>\n\n\n<p class=\"product woocommerce add_to_cart_inline \" style=\"border:4px solid #ccc; padding: 12px;\"><a href=\"\/en\/wp-json\/wp\/v2\/product\/19286?add-to-cart=5706\" aria-describedby=\"woocommerce_loop_add_to_cart_link_describedby_5706\" data-quantity=\"1\" class=\"button product_type_simple add_to_cart_button ajax_add_to_cart\" data-product_id=\"5706\" data-product_sku=\"\" aria-label=\"Add to cart: &ldquo;Ekolet Anna -kompostik\u00e4ym\u00e4l\u00e4&rdquo;\" rel=\"nofollow\" data-success_message=\"&ldquo;Ekolet Anna -kompostik\u00e4ym\u00e4l\u00e4&rdquo; has been added to your cart\">Add to cart<\/a>\t<span id=\"woocommerce_loop_add_to_cart_link_describedby_5706\" class=\"screen-reader-text\">\n\t\t\t<\/span>\n<\/p>\n\n\n\n<div style=\"height:12px\" aria-hidden=\"true\" class=\"wp-block-spacer\"><\/div>\n<\/div>\n\n\n\n<div class=\"wp-block-column\" style=\"flex-basis:33.33%\"><\/div>\n<\/div>\n\n\n\n<div class=\"wp-block-columns _tab\" id=\"info-2\">\n<div class=\"wp-block-column\" style=\"flex-basis:100%\">\n<h2 class=\"wp-block-heading\">Technical specifications<\/h2>\n\n\n\n<div style=\"height:12px\" aria-hidden=\"true\" class=\"wp-block-spacer\"><\/div>\n\n\n\n<figure class=\"wp-block-table\"><table><tbody><tr><td><strong>Important dimensions<\/strong><\/td><td><strong>Ekolet Anna compost container<\/strong><\/td><\/tr><tr><td>Total volume<\/td><td>2000 litres (four-litre)<\/td><\/tr><tr><td>Height<\/td><td>215 cm<\/td><\/tr><tr><td>Diameter<\/td><td>123 cm<\/td><\/tr><tr><td>Weight<\/td><td>160 kg<\/td><\/tr><\/tbody><\/table><\/figure>\n\n\n\n<div style=\"height:50px\" aria-hidden=\"true\" class=\"wp-block-spacer\"><\/div>\n\n\n\n<h3 class=\"wp-block-heading\">Space requirements for the porcelain seat and compost bin<\/h3>\n\n\n\n<p>The toilet room will have a sturdy porcelain seat in white.\nIt has a width of 357 mm, a height of 400 mm and a seat height of approx.\n440 mm.  <\/p>\n\n\n\n<p>A vertical connecting pipe runs from the porcelain seat to the compost container under the floor.\nThe diameter of the compost bin is 1230 mm, the distance between the centre of the connecting pipe (inner diameter \u00f8 200 mm, outer diameter \u00f8 206 mm) and the centre of the compost bin is 350 mm, 230 mm from the rear edge of the seat and 290 mm from the front edge.\nThe porcelain seat is 357 mm wide and 400 mm high.\nThe seat height is 440 mm.   <\/p>\n\n\n\n<figure class=\"wp-block-image size-full\"><img loading=\"lazy\" decoding=\"async\" width=\"1314\" height=\"1500\" src=\"https:\/\/ekolet.com\/wp-content\/uploads\/anna-mittakuva-ylhaalta-1.jpg\" alt=\"\" class=\"wp-image-18705\"\/><\/figure>\n\n\n\n<p>Under the floor of the toilet room there must be a space for a compost container of at least 130 cm x 130 cm (125 cm x 125 cm is the absolute minimum) and at least 215 cm in height.\nThe space must be heated and have a floor well.\nThere must be access to the side of the composter for emptying.  <\/p>\n\n\n\n<p>The composter is mounted on the floor on four steel legs.\nThe total volume of the compost container is a convincing 2000 litres.\nThe maximum total weight of the composter is 1400 kg and the normal, normal operating weight is 700-800 kg.\nThe composter parts fit through a 60 cm wide door.   <\/p>\n\n\n\n<p>Each compartment has its own discharge hatch on the side of the continuously rotating composter.\nEmptying is most easily done with a smaller than normal field shovel.\nA full compost locker produces about 150 litres of fertiliser to be applied directly to the plants.  <\/p>\n\n\n\n<h3 class=\"wp-block-heading\">Installation with two seats<\/h3>\n\n\n\n<p>It is also possible to connect two seats to the compost bin, which fill different compartments.\nIn this case, the distance between the centres of the drainage pipes is 700 mm (opposite compartments) or 485 mm (adjacent compartments). <\/p>\n\n\n\n<figure class=\"wp-block-image size-full _orig_size\"><img loading=\"lazy\" decoding=\"async\" width=\"380\" height=\"256\" src=\"https:\/\/ekolet.com\/wp-content\/uploads\/yv01-2-rakenneratkaisukuva.jpg\" alt=\"\" class=\"wp-image-18707\"\/><\/figure>\n\n\n\n<div style=\"height:48px\" aria-hidden=\"true\" class=\"wp-block-spacer\"><\/div>\n\n\n\n<h3 class=\"wp-block-heading\">Ventilation<\/h3>\n\n\n\n<p>The toilet room is ventilated through the seat.\nIf there is a shower in the same room as the toilet, the vapour extraction valve on the ceiling must be connected by a pipe to the compost tank (compost tank lid), so that the entire ventilation of the room is circulated through the compost tank.\nIf a separate ventilation system were to be installed in the steam ventilation valve, and if it were more powerful than the ventilation of the toilet, the air could start to flow in the wrong direction, drawing the odours of the toilet into the room.  <\/p>\n\n\n\n<p>The composter&#8217;s electric fan (12V\/8 W) blows air into a 100 mm diameter ventilation pipe from the composter lid to the roof at a rate of 15\u201330 m3 per hour. The ventilation power of the fan can be adjusted downwards if desired. The fan requires a 230 V 50-60 Hz socket in a dry indoor environment or a connection to a solar panel system.<\/p>\n\n\n\n<p>The ventilation duct must run upwards at all times so that ventilation is gravity fed even during power cuts.\nThe ventilation pipe should be enclosed and insulated if it runs inside the building structure <\/p>\n\n\n\n<h3 class=\"wp-block-heading\">Treatment of liquids<\/h3>\n\n\n\n<p>The tank has filtered intermediate floors with an evaporation level for the liquids and a bottom tank of about 150 litres for biological purification of the liquids.\nMuch of the liquids evaporate with efficient air circulation and the remainder, biologically purified in the purification levels, comes out from under the composter in a 19-mil hose and is discharged to the on-site greywater treatment plant. <\/p>\n<\/div>\n<\/div>\n\n\n\n<div class=\"wp-block-columns _tab\" id=\"info-3\">\n<div class=\"wp-block-column\" style=\"flex-basis:66.66%\">\n<h2 class=\"wp-block-heading\">Instructions<\/h2>\n\n\n<a class='_link_to' href='\/wp-content\/uploads\/ekolet-anna-use-instructions-2025-02-12.pdf' target='_blank'>\t\n\t<svg class='_arrow_right' viewBox='0 0 40 40'>\t\n\t\t<path d='m21.4 10.6 10 10.2-10 10'\/>\n\t<\/svg>\n\t<span>Operating manual<\/span>\t\t\n<\/a>\n\n\n\n<a class='_link_to' href='\/wp-content\/uploads\/ekolet-anna-assemby-instructions-2025-02-12.pdf' target='_blank'>\t\n\t<svg class='_arrow_right' viewBox='0 0 40 40'>\t\n\t\t<path d='m21.4 10.6 10 10.2-10 10'\/>\n\t<\/svg>\n\t<span>Installation manual<\/span>\t\t\n<\/a>\n\n\n\n<a class='_link_to' href='https:\/\/www.youtube.com\/watch?v=Q1Fk0HecRtM' target='_blank'>\t\n\t<svg class='_arrow_right' viewBox='0 0 40 40'>\t\n\t\t<path d='m21.4 10.6 10 10.2-10 10'\/>\n\t<\/svg>\n\t<span>Installation video<\/span>\t\t\n<\/a>\n\n\n\n\n<div style=\"height:12px\" aria-hidden=\"true\" class=\"wp-block-spacer\"><\/div>\n<\/div>\n\n\n\n<div class=\"wp-block-column\" style=\"flex-basis:33.33%\"><\/div>\n<\/div>\n\n\n\n<div class=\"wp-block-columns _tab\" id=\"info-4\">\n<div class=\"wp-block-column\" style=\"flex-basis:66.66%\">\n<h2 class=\"wp-block-heading has-text-align-left\" id=\"verkkokauppiaille\">Delivery<\/h2>\n\n\n\n<p>For Finnish deliveries, the assembly time for Ekolet Anna products is approximately 3 weeks from order. If you prefer a different delivery time, please let us know in the comment field on the checkout page when placing your order.<\/p>\n\n\n\n<p>The driver will always call you before deliveries, so you can give more detailed driving instructions if necessary or indicate where the deliveries can be left if no one happens to be present at the destination at the time.<\/p>\n\n\n\n<h2 class=\"wp-block-heading\">Freight costs<\/h2>\n\n\n\n<p>Freight costs for Finnish deliveries (not to the islands without a road connection) can be seen in the shopping cart. Indicative freight prices in Finland can be found in the following link <a href=\"\/en\/freight-costs\/\">Freight costs<\/a>.<\/p>\n\n\n\n<p>Freight costs outside of Finland must always be checked with us separately by email. <\/p>\n<\/div>\n\n\n\n<div class=\"wp-block-column\" style=\"flex-basis:33.33%\"><\/div>\n<\/div>\n<\/div>\n<\/div>\n\n\n\n<hr class=\"wp-block-separator has-alpha-channel-opacity\"\/>\n\n\n\n<h2 class=\"wp-block-heading accessories\">Accessories<\/h2>\n\n\n<div class=\"woocommerce columns-4 \"><ul class=\"products columns-4\">\n<li class=\"product type-product post-19293 status-publish first instock product_cat-lisatarvikkeet-en has-post-thumbnail taxable shipping-taxable purchasable product-type-simple\">\n\t<a href=\"https:\/\/ekolet.com\/en\/product\/electric-fan\/\" class=\"woocommerce-LoopProduct-link woocommerce-loop-product__link\"><img loading=\"lazy\" decoding=\"async\" width=\"500\" height=\"466\" src=\"https:\/\/ekolet.com\/wp-content\/uploads\/yv-fan-500x466.jpg\" class=\"attachment-woocommerce_thumbnail size-woocommerce_thumbnail\" alt=\"Electric fan Ekolet for Anna\" \/><h2 class=\"woocommerce-loop-product__title\">Electric fan Ekolet for Anna<\/h2>\n\t<span class=\"price\"><span class=\"woocommerce-Price-amount amount\"><bdi>90,00&nbsp;<span class=\"woocommerce-Price-currencySymbol\">&euro;<\/span><\/bdi><\/span> <small class=\"woocommerce-price-suffix\"><span class=\"woocommerce-Price-amount amount\"><bdi>90,00&nbsp;<span class=\"woocommerce-Price-currencySymbol\">&euro;<\/span><\/bdi><\/span><\/small><\/span>\n<p>The fan of the Ekolet Anna composting toilet must be replaced approximately every five years. We recommend keeping a spare fan near the toilet, so that the fan can always be quickly replaced with a new one if the fan in use needs to be cleaned or breaks down.<\/p><\/a><a href=\"\/en\/wp-json\/wp\/v2\/product\/19286?add-to-cart=19293\" aria-describedby=\"woocommerce_loop_add_to_cart_link_describedby_19293\" data-quantity=\"1\" class=\"button product_type_simple add_to_cart_button ajax_add_to_cart\" data-product_id=\"19293\" data-product_sku=\"\" aria-label=\"Add to cart: &ldquo;Electric fan Ekolet for Anna&rdquo;\" rel=\"nofollow\" data-success_message=\"&ldquo;Electric fan Ekolet for Anna&rdquo; has been added to your cart\">Add to cart<\/a>\t<span id=\"woocommerce_loop_add_to_cart_link_describedby_19293\" class=\"screen-reader-text\">\n\t\t\t<\/span>\n<span class=\"gtm4wp_productdata\" style=\"display:none; visibility:hidden;\" data-gtm4wp_product_data=\"{&quot;internal_id&quot;:19293,&quot;item_id&quot;:19293,&quot;item_name&quot;:&quot;Electric fan Ekolet for Anna&quot;,&quot;sku&quot;:19293,&quot;price&quot;:90,&quot;stocklevel&quot;:null,&quot;stockstatus&quot;:&quot;instock&quot;,&quot;google_business_vertical&quot;:&quot;retail&quot;,&quot;item_category&quot;:&quot;Accessories&quot;,&quot;id&quot;:19293,&quot;productlink&quot;:&quot;https:\\\/\\\/ekolet.com\\\/en\\\/product\\\/electric-fan\\\/&quot;,&quot;item_list_name&quot;:&quot;General Product List&quot;,&quot;index&quot;:1,&quot;product_type&quot;:&quot;simple&quot;,&quot;item_brand&quot;:&quot;&quot;}\"><\/span><\/li>\n<\/ul>\n<\/div>\n","protected":false},"excerpt":{"rendered":"<p>Description Technical specifications Instructions Delivery Inside the stylish seat The toilet room is elegantly furnished with just a sturdy porcelain seat. And the ingenuity itself is under the floor: a rotating four-litre Ekolet composting tank. The electrically ensured air circulation keeps the toilet completely odourless. The fan power can be adjusted and can also be [&hellip;]<\/p>\n","protected":false},"featured_media":19154,"template":"","meta":[],"product_brand":[],"product_cat":[474],"product_tag":[],"class_list":{"0":"post-19286","1":"product","2":"type-product","3":"status-publish","4":"has-post-thumbnail","6":"product_cat-kuivakaymalat-sisalle-ja-kotiin-en","7":"product_shipping_class-anna","9":"first","10":"instock","11":"taxable","12":"shipping-taxable","13":"purchasable","14":"product-type-simple"},"yoast_head":"<!-- This site is optimized with the Yoast SEO plugin v27.5 - https:\/\/yoast.com\/product\/yoast-seo-wordpress\/ -->\n<title>Ekolet Anna composting toilet &#183; Ekolet<\/title>\n<meta name=\"description\" content=\"Designed for year-round home use, Ekolet Anna is a dry toilet for the home that composts toilet waste into a nutrient-rich soil.\" \/>\n<meta name=\"robots\" content=\"index, follow, max-snippet:-1, max-image-preview:large, max-video-preview:-1\" \/>\n<link rel=\"canonical\" href=\"https:\/\/ekolet.com\/en\/product\/ekolet-anna\/\" \/>\n<meta property=\"og:locale\" content=\"en_US\" \/>\n<meta property=\"og:type\" content=\"article\" \/>\n<meta property=\"og:title\" content=\"Ekolet Anna composting toilet &#183; Ekolet\" \/>\n<meta property=\"og:description\" content=\"Designed for year-round home use, Ekolet Anna is a dry toilet for the home that composts toilet waste into a nutrient-rich soil.\" \/>\n<meta property=\"og:url\" content=\"https:\/\/ekolet.com\/en\/product\/ekolet-anna\/\" \/>\n<meta property=\"og:site_name\" content=\"Ekolet\" \/>\n<meta property=\"article:modified_time\" content=\"2025-11-27T12:53:40+00:00\" \/>\n<meta property=\"og:image\" content=\"https:\/\/ekolet.com\/wp-content\/uploads\/posliini-istuin.png\" \/>\n\t<meta property=\"og:image:width\" content=\"640\" \/>\n\t<meta property=\"og:image:height\" content=\"640\" \/>\n\t<meta property=\"og:image:type\" content=\"image\/png\" \/>\n<meta name=\"twitter:label1\" content=\"Est. reading time\" \/>\n\t<meta name=\"twitter:data1\" content=\"15 minutes\" \/>\n<script type=\"application\/ld+json\" class=\"yoast-schema-graph\">{\"@context\":\"https:\\\/\\\/schema.org\",\"@graph\":[{\"@type\":\"WebPage\",\"@id\":\"https:\\\/\\\/ekolet.com\\\/en\\\/product\\\/ekolet-anna\\\/\",\"url\":\"https:\\\/\\\/ekolet.com\\\/en\\\/product\\\/ekolet-anna\\\/\",\"name\":\"Ekolet Anna composting toilet &#183; Ekolet\",\"isPartOf\":{\"@id\":\"https:\\\/\\\/ekolet.com\\\/en\\\/#website\"},\"primaryImageOfPage\":{\"@id\":\"https:\\\/\\\/ekolet.com\\\/en\\\/product\\\/ekolet-anna\\\/#primaryimage\"},\"image\":{\"@id\":\"https:\\\/\\\/ekolet.com\\\/en\\\/product\\\/ekolet-anna\\\/#primaryimage\"},\"thumbnailUrl\":\"https:\\\/\\\/ekolet.com\\\/wp-content\\\/uploads\\\/posliini-istuin.png\",\"datePublished\":\"2024-03-15T10:22:29+00:00\",\"dateModified\":\"2025-11-27T12:53:40+00:00\",\"description\":\"Designed for year-round home use, Ekolet Anna is a dry toilet for the home that composts toilet waste into a nutrient-rich soil.\",\"breadcrumb\":{\"@id\":\"https:\\\/\\\/ekolet.com\\\/en\\\/product\\\/ekolet-anna\\\/#breadcrumb\"},\"inLanguage\":\"en-US\",\"potentialAction\":[{\"@type\":\"ReadAction\",\"target\":[\"https:\\\/\\\/ekolet.com\\\/en\\\/product\\\/ekolet-anna\\\/\"]}]},{\"@type\":\"ImageObject\",\"inLanguage\":\"en-US\",\"@id\":\"https:\\\/\\\/ekolet.com\\\/en\\\/product\\\/ekolet-anna\\\/#primaryimage\",\"url\":\"https:\\\/\\\/ekolet.com\\\/wp-content\\\/uploads\\\/posliini-istuin.png\",\"contentUrl\":\"https:\\\/\\\/ekolet.com\\\/wp-content\\\/uploads\\\/posliini-istuin.png\",\"width\":640,\"height\":640},{\"@type\":\"BreadcrumbList\",\"@id\":\"https:\\\/\\\/ekolet.com\\\/en\\\/product\\\/ekolet-anna\\\/#breadcrumb\",\"itemListElement\":[{\"@type\":\"ListItem\",\"position\":1,\"name\":\"Home\",\"item\":\"https:\\\/\\\/ekolet.com\\\/en\\\/\"},{\"@type\":\"ListItem\",\"position\":2,\"name\":\"Products\",\"item\":\"https:\\\/\\\/ekolet.com\\\/en\\\/shop\\\/\"},{\"@type\":\"ListItem\",\"position\":3,\"name\":\"Dry toilets for inside and home\",\"item\":\"https:\\\/\\\/ekolet.com\\\/en\\\/product-category\\\/kuivakaymalat-sisalle-ja-kotiin-en\\\/\"},{\"@type\":\"ListItem\",\"position\":4,\"name\":\"Ekolet Anna composting toilet\"}]},{\"@type\":\"WebSite\",\"@id\":\"https:\\\/\\\/ekolet.com\\\/en\\\/#website\",\"url\":\"https:\\\/\\\/ekolet.com\\\/en\\\/\",\"name\":\"Development\",\"description\":\"\",\"publisher\":{\"@id\":\"https:\\\/\\\/ekolet.com\\\/en\\\/#organization\"},\"potentialAction\":[{\"@type\":\"SearchAction\",\"target\":{\"@type\":\"EntryPoint\",\"urlTemplate\":\"https:\\\/\\\/ekolet.com\\\/en\\\/?s={search_term_string}\"},\"query-input\":{\"@type\":\"PropertyValueSpecification\",\"valueRequired\":true,\"valueName\":\"search_term_string\"}}],\"inLanguage\":\"en-US\"},{\"@type\":\"Organization\",\"@id\":\"https:\\\/\\\/ekolet.com\\\/en\\\/#organization\",\"name\":\"Ekolet Oy\",\"url\":\"https:\\\/\\\/ekolet.com\\\/en\\\/\",\"logo\":{\"@type\":\"ImageObject\",\"inLanguage\":\"en-US\",\"@id\":\"https:\\\/\\\/ekolet.com\\\/en\\\/#\\\/schema\\\/logo\\\/image\\\/\",\"url\":\"https:\\\/\\\/ekolet.com\\\/wp-content\\\/uploads\\\/ekolet-og.png\",\"contentUrl\":\"https:\\\/\\\/ekolet.com\\\/wp-content\\\/uploads\\\/ekolet-og.png\",\"width\":1200,\"height\":630,\"caption\":\"Ekolet Oy\"},\"image\":{\"@id\":\"https:\\\/\\\/ekolet.com\\\/en\\\/#\\\/schema\\\/logo\\\/image\\\/\"}}]}<\/script>\n<!-- \/ Yoast SEO plugin. -->","yoast_head_json":{"title":"Ekolet Anna composting toilet &#183; Ekolet","description":"Designed for year-round home use, Ekolet Anna is a dry toilet for the home that composts toilet waste into a nutrient-rich soil.","robots":{"index":"index","follow":"follow","max-snippet":"max-snippet:-1","max-image-preview":"max-image-preview:large","max-video-preview":"max-video-preview:-1"},"canonical":"https:\/\/ekolet.com\/en\/product\/ekolet-anna\/","og_locale":"en_US","og_type":"article","og_title":"Ekolet Anna composting toilet &#183; Ekolet","og_description":"Designed for year-round home use, Ekolet Anna is a dry toilet for the home that composts toilet waste into a nutrient-rich soil.","og_url":"https:\/\/ekolet.com\/en\/product\/ekolet-anna\/","og_site_name":"Ekolet","article_modified_time":"2025-11-27T12:53:40+00:00","og_image":[{"width":640,"height":640,"url":"https:\/\/ekolet.com\/wp-content\/uploads\/posliini-istuin.png","type":"image\/png"}],"twitter_misc":{"Est. reading time":"15 minutes"},"schema":{"@context":"https:\/\/schema.org","@graph":[{"@type":"WebPage","@id":"https:\/\/ekolet.com\/en\/product\/ekolet-anna\/","url":"https:\/\/ekolet.com\/en\/product\/ekolet-anna\/","name":"Ekolet Anna composting toilet &#183; Ekolet","isPartOf":{"@id":"https:\/\/ekolet.com\/en\/#website"},"primaryImageOfPage":{"@id":"https:\/\/ekolet.com\/en\/product\/ekolet-anna\/#primaryimage"},"image":{"@id":"https:\/\/ekolet.com\/en\/product\/ekolet-anna\/#primaryimage"},"thumbnailUrl":"https:\/\/ekolet.com\/wp-content\/uploads\/posliini-istuin.png","datePublished":"2024-03-15T10:22:29+00:00","dateModified":"2025-11-27T12:53:40+00:00","description":"Designed for year-round home use, Ekolet Anna is a dry toilet for the home that composts toilet waste into a nutrient-rich soil.","breadcrumb":{"@id":"https:\/\/ekolet.com\/en\/product\/ekolet-anna\/#breadcrumb"},"inLanguage":"en-US","potentialAction":[{"@type":"ReadAction","target":["https:\/\/ekolet.com\/en\/product\/ekolet-anna\/"]}]},{"@type":"ImageObject","inLanguage":"en-US","@id":"https:\/\/ekolet.com\/en\/product\/ekolet-anna\/#primaryimage","url":"https:\/\/ekolet.com\/wp-content\/uploads\/posliini-istuin.png","contentUrl":"https:\/\/ekolet.com\/wp-content\/uploads\/posliini-istuin.png","width":640,"height":640},{"@type":"BreadcrumbList","@id":"https:\/\/ekolet.com\/en\/product\/ekolet-anna\/#breadcrumb","itemListElement":[{"@type":"ListItem","position":1,"name":"Home","item":"https:\/\/ekolet.com\/en\/"},{"@type":"ListItem","position":2,"name":"Products","item":"https:\/\/ekolet.com\/en\/shop\/"},{"@type":"ListItem","position":3,"name":"Dry toilets for inside and home","item":"https:\/\/ekolet.com\/en\/product-category\/kuivakaymalat-sisalle-ja-kotiin-en\/"},{"@type":"ListItem","position":4,"name":"Ekolet Anna composting toilet"}]},{"@type":"WebSite","@id":"https:\/\/ekolet.com\/en\/#website","url":"https:\/\/ekolet.com\/en\/","name":"Development","description":"","publisher":{"@id":"https:\/\/ekolet.com\/en\/#organization"},"potentialAction":[{"@type":"SearchAction","target":{"@type":"EntryPoint","urlTemplate":"https:\/\/ekolet.com\/en\/?s={search_term_string}"},"query-input":{"@type":"PropertyValueSpecification","valueRequired":true,"valueName":"search_term_string"}}],"inLanguage":"en-US"},{"@type":"Organization","@id":"https:\/\/ekolet.com\/en\/#organization","name":"Ekolet Oy","url":"https:\/\/ekolet.com\/en\/","logo":{"@type":"ImageObject","inLanguage":"en-US","@id":"https:\/\/ekolet.com\/en\/#\/schema\/logo\/image\/","url":"https:\/\/ekolet.com\/wp-content\/uploads\/ekolet-og.png","contentUrl":"https:\/\/ekolet.com\/wp-content\/uploads\/ekolet-og.png","width":1200,"height":630,"caption":"Ekolet Oy"},"image":{"@id":"https:\/\/ekolet.com\/en\/#\/schema\/logo\/image\/"}}]}},"_links":{"self":[{"href":"https:\/\/ekolet.com\/en\/wp-json\/wp\/v2\/product\/19286","targetHints":{"allow":["GET"]}}],"collection":[{"href":"https:\/\/ekolet.com\/en\/wp-json\/wp\/v2\/product"}],"about":[{"href":"https:\/\/ekolet.com\/en\/wp-json\/wp\/v2\/types\/product"}],"wp:featuredmedia":[{"embeddable":true,"href":"https:\/\/ekolet.com\/en\/wp-json\/wp\/v2\/media\/19154"}],"wp:attachment":[{"href":"https:\/\/ekolet.com\/en\/wp-json\/wp\/v2\/media?parent=19286"}],"wp:term":[{"taxonomy":"product_brand","embeddable":true,"href":"https:\/\/ekolet.com\/en\/wp-json\/wp\/v2\/product_brand?post=19286"},{"taxonomy":"product_cat","embeddable":true,"href":"https:\/\/ekolet.com\/en\/wp-json\/wp\/v2\/product_cat?post=19286"},{"taxonomy":"product_tag","embeddable":true,"href":"https:\/\/ekolet.com\/en\/wp-json\/wp\/v2\/product_tag?post=19286"}],"curies":[{"name":"wp","href":"https:\/\/api.w.org\/{rel}","templated":true}]}}