{"id":19248,"date":"2013-10-19T05:42:41","date_gmt":"2013-10-19T02:42:41","guid":{"rendered":"https:\/\/ekolet.hahmode.zoner.dev\/kundvagn\/"},"modified":"2024-08-28T15:27:52","modified_gmt":"2024-08-28T12:27:52","slug":"varukorg","status":"publish","type":"page","link":"https:\/\/ekolet.com\/sv\/varukorg\/","title":{"rendered":"Varukorg"},"content":{"rendered":"\n<div class=\"wp-block-columns\">\n<div class=\"wp-block-column\">\n<p class=\"_note\">Priserna inkluderar moms 25,5%.<\/p>\n<\/div>\n\n\n\n<div class=\"wp-block-column\">\n<p class=\"_note\">Se <a href=\"\/sv\/fraktkostnader\/\" target=\"_blank\" rel=\"noreferrer noopener\">fraktkostnaderna<\/a>.<\/p>\n\n\n\n<p class=\"_note\">I princip levererar vi produkterna per post, men vissa produkter (Oiva, Anna) kan ocks\u00e5 h\u00e4mtas av dig sj\u00e4lv &#8211; kontakta oss separat: <a href=\"mailto:info@ekolet.com\">info@ekolet.com<\/a> eller <a href=\"tel:+358102006260\">010 200 6260<\/a><\/p>\n<\/div>\n\n\n\n<div class=\"wp-block-column\">\n<p class=\"_note\">Alla best\u00e4llningar av tillbeh\u00f6r inkluderar fraktkostnader.<\/p>\n<\/div>\n\n\n\n<div class=\"wp-block-column\"><\/div>\n<\/div>\n\n\n\n","protected":false},"excerpt":{"rendered":"<p>Priserna inkluderar moms %. Se fraktkostnaderna. I princip levererar vi produkterna per post, men vissa produkter (Oiva, Anna) kan ocks\u00e5 h\u00e4mtas av dig sj\u00e4lv &#8211; kontakta oss separat: info@ekolet.com eller 010 200 6260 Alla best\u00e4llningar av tillbeh\u00f6r inkluderar fraktkostnader.<\/p>\n","protected":false},"author":9,"featured_media":0,"parent":0,"menu_order":0,"comment_status":"closed","ping_status":"open","template":"","meta":{"footnotes":""},"class_list":["post-19248","page","type-page","status-publish","hentry"],"yoast_head":"<!-- This site is optimized with the Yoast SEO plugin v27.4 - https:\/\/yoast.com\/product\/yoast-seo-wordpress\/ -->\n<title>Varukorg &#183; Ekolet<\/title>\n<meta name=\"description\" content=\"Priserna inkluderar moms %. Se fraktkostnaderna. I princip levererar vi produkterna per post, men vissa produkter (Oiva, Anna) kan ocks\u00e5 h\u00e4mtas av dig\" \/>\n<meta name=\"robots\" content=\"index, follow, max-snippet:-1, max-image-preview:large, max-video-preview:-1\" \/>\n<link rel=\"canonical\" href=\"https:\/\/ekolet.com\/sv\/varukorg\/\" \/>\n<meta property=\"og:locale\" content=\"sv_SE\" \/>\n<meta property=\"og:type\" content=\"article\" \/>\n<meta property=\"og:title\" content=\"Varukorg &#183; Ekolet\" \/>\n<meta property=\"og:description\" content=\"Priserna inkluderar moms %. Se fraktkostnaderna. I princip levererar vi produkterna per post, men vissa produkter (Oiva, Anna) kan ocks\u00e5 h\u00e4mtas av dig\" \/>\n<meta property=\"og:url\" content=\"https:\/\/ekolet.com\/sv\/varukorg\/\" \/>\n<meta property=\"og:site_name\" content=\"Ekolet\" \/>\n<meta property=\"article:modified_time\" content=\"2024-08-28T12:27:52+00:00\" \/>\n<meta property=\"og:image\" content=\"https:\/\/ekolet.com\/wp-content\/uploads\/ekolet-og.png\" \/>\n\t<meta property=\"og:image:width\" content=\"1200\" \/>\n\t<meta property=\"og:image:height\" content=\"630\" \/>\n\t<meta property=\"og:image:type\" content=\"image\/png\" \/>\n<meta name=\"twitter:label1\" content=\"Ber\u00e4knad l\u00e4stid\" \/>\n\t<meta name=\"twitter:data1\" content=\"1 minut\" \/>\n<script type=\"application\/ld+json\" class=\"yoast-schema-graph\">{\"@context\":\"https:\\\/\\\/schema.org\",\"@graph\":[{\"@type\":\"WebPage\",\"@id\":\"https:\\\/\\\/ekolet.com\\\/sv\\\/varukorg\\\/\",\"url\":\"https:\\\/\\\/ekolet.com\\\/sv\\\/varukorg\\\/\",\"name\":\"Varukorg &#183; Ekolet\",\"isPartOf\":{\"@id\":\"https:\\\/\\\/ekolet.com\\\/sv\\\/#website\"},\"datePublished\":\"2013-10-19T02:42:41+00:00\",\"dateModified\":\"2024-08-28T12:27:52+00:00\",\"description\":\"Priserna inkluderar moms %. Se fraktkostnaderna. I princip levererar vi produkterna per post, men vissa produkter (Oiva, Anna) kan ocks\u00e5 h\u00e4mtas av dig\",\"breadcrumb\":{\"@id\":\"https:\\\/\\\/ekolet.com\\\/sv\\\/varukorg\\\/#breadcrumb\"},\"inLanguage\":\"sv-SE\",\"potentialAction\":[{\"@type\":\"ReadAction\",\"target\":[\"https:\\\/\\\/ekolet.com\\\/sv\\\/varukorg\\\/\"]}]},{\"@type\":\"BreadcrumbList\",\"@id\":\"https:\\\/\\\/ekolet.com\\\/sv\\\/varukorg\\\/#breadcrumb\",\"itemListElement\":[{\"@type\":\"ListItem\",\"position\":1,\"name\":\"Home\",\"item\":\"https:\\\/\\\/ekolet.com\\\/sv\\\/\"},{\"@type\":\"ListItem\",\"position\":2,\"name\":\"Varukorg\"}]},{\"@type\":\"WebSite\",\"@id\":\"https:\\\/\\\/ekolet.com\\\/sv\\\/#website\",\"url\":\"https:\\\/\\\/ekolet.com\\\/sv\\\/\",\"name\":\"Development\",\"description\":\"\",\"publisher\":{\"@id\":\"https:\\\/\\\/ekolet.com\\\/sv\\\/#organization\"},\"potentialAction\":[{\"@type\":\"SearchAction\",\"target\":{\"@type\":\"EntryPoint\",\"urlTemplate\":\"https:\\\/\\\/ekolet.com\\\/sv\\\/?s={search_term_string}\"},\"query-input\":{\"@type\":\"PropertyValueSpecification\",\"valueRequired\":true,\"valueName\":\"search_term_string\"}}],\"inLanguage\":\"sv-SE\"},{\"@type\":\"Organization\",\"@id\":\"https:\\\/\\\/ekolet.com\\\/sv\\\/#organization\",\"name\":\"Ekolet Oy\",\"url\":\"https:\\\/\\\/ekolet.com\\\/sv\\\/\",\"logo\":{\"@type\":\"ImageObject\",\"inLanguage\":\"sv-SE\",\"@id\":\"https:\\\/\\\/ekolet.com\\\/sv\\\/#\\\/schema\\\/logo\\\/image\\\/\",\"url\":\"https:\\\/\\\/ekolet.com\\\/wp-content\\\/uploads\\\/ekolet-og.png\",\"contentUrl\":\"https:\\\/\\\/ekolet.com\\\/wp-content\\\/uploads\\\/ekolet-og.png\",\"width\":1200,\"height\":630,\"caption\":\"Ekolet Oy\"},\"image\":{\"@id\":\"https:\\\/\\\/ekolet.com\\\/sv\\\/#\\\/schema\\\/logo\\\/image\\\/\"}}]}<\/script>\n<!-- \/ Yoast SEO plugin. -->","yoast_head_json":{"title":"Varukorg &#183; Ekolet","description":"Priserna inkluderar moms %. Se fraktkostnaderna. I princip levererar vi produkterna per post, men vissa produkter (Oiva, Anna) kan ocks\u00e5 h\u00e4mtas av dig","robots":{"index":"index","follow":"follow","max-snippet":"max-snippet:-1","max-image-preview":"max-image-preview:large","max-video-preview":"max-video-preview:-1"},"canonical":"https:\/\/ekolet.com\/sv\/varukorg\/","og_locale":"sv_SE","og_type":"article","og_title":"Varukorg &#183; Ekolet","og_description":"Priserna inkluderar moms %. Se fraktkostnaderna. I princip levererar vi produkterna per post, men vissa produkter (Oiva, Anna) kan ocks\u00e5 h\u00e4mtas av dig","og_url":"https:\/\/ekolet.com\/sv\/varukorg\/","og_site_name":"Ekolet","article_modified_time":"2024-08-28T12:27:52+00:00","og_image":[{"width":1200,"height":630,"url":"https:\/\/ekolet.com\/wp-content\/uploads\/ekolet-og.png","type":"image\/png"}],"twitter_misc":{"Ber\u00e4knad l\u00e4stid":"1 minut"},"schema":{"@context":"https:\/\/schema.org","@graph":[{"@type":"WebPage","@id":"https:\/\/ekolet.com\/sv\/varukorg\/","url":"https:\/\/ekolet.com\/sv\/varukorg\/","name":"Varukorg &#183; Ekolet","isPartOf":{"@id":"https:\/\/ekolet.com\/sv\/#website"},"datePublished":"2013-10-19T02:42:41+00:00","dateModified":"2024-08-28T12:27:52+00:00","description":"Priserna inkluderar moms %. Se fraktkostnaderna. I princip levererar vi produkterna per post, men vissa produkter (Oiva, Anna) kan ocks\u00e5 h\u00e4mtas av dig","breadcrumb":{"@id":"https:\/\/ekolet.com\/sv\/varukorg\/#breadcrumb"},"inLanguage":"sv-SE","potentialAction":[{"@type":"ReadAction","target":["https:\/\/ekolet.com\/sv\/varukorg\/"]}]},{"@type":"BreadcrumbList","@id":"https:\/\/ekolet.com\/sv\/varukorg\/#breadcrumb","itemListElement":[{"@type":"ListItem","position":1,"name":"Home","item":"https:\/\/ekolet.com\/sv\/"},{"@type":"ListItem","position":2,"name":"Varukorg"}]},{"@type":"WebSite","@id":"https:\/\/ekolet.com\/sv\/#website","url":"https:\/\/ekolet.com\/sv\/","name":"Development","description":"","publisher":{"@id":"https:\/\/ekolet.com\/sv\/#organization"},"potentialAction":[{"@type":"SearchAction","target":{"@type":"EntryPoint","urlTemplate":"https:\/\/ekolet.com\/sv\/?s={search_term_string}"},"query-input":{"@type":"PropertyValueSpecification","valueRequired":true,"valueName":"search_term_string"}}],"inLanguage":"sv-SE"},{"@type":"Organization","@id":"https:\/\/ekolet.com\/sv\/#organization","name":"Ekolet Oy","url":"https:\/\/ekolet.com\/sv\/","logo":{"@type":"ImageObject","inLanguage":"sv-SE","@id":"https:\/\/ekolet.com\/sv\/#\/schema\/logo\/image\/","url":"https:\/\/ekolet.com\/wp-content\/uploads\/ekolet-og.png","contentUrl":"https:\/\/ekolet.com\/wp-content\/uploads\/ekolet-og.png","width":1200,"height":630,"caption":"Ekolet Oy"},"image":{"@id":"https:\/\/ekolet.com\/sv\/#\/schema\/logo\/image\/"}}]}},"_links":{"self":[{"href":"https:\/\/ekolet.com\/sv\/wp-json\/wp\/v2\/pages\/19248","targetHints":{"allow":["GET"]}}],"collection":[{"href":"https:\/\/ekolet.com\/sv\/wp-json\/wp\/v2\/pages"}],"about":[{"href":"https:\/\/ekolet.com\/sv\/wp-json\/wp\/v2\/types\/page"}],"author":[{"embeddable":true,"href":"https:\/\/ekolet.com\/sv\/wp-json\/wp\/v2\/users\/9"}],"replies":[{"embeddable":true,"href":"https:\/\/ekolet.com\/sv\/wp-json\/wp\/v2\/comments?post=19248"}],"version-history":[{"count":0,"href":"https:\/\/ekolet.com\/sv\/wp-json\/wp\/v2\/pages\/19248\/revisions"}],"wp:attachment":[{"href":"https:\/\/ekolet.com\/sv\/wp-json\/wp\/v2\/media?parent=19248"}],"curies":[{"name":"wp","href":"https:\/\/api.w.org\/{rel}","templated":true}]}}