{"id":19278,"date":"2015-01-23T19:50:21","date_gmt":"2015-01-23T16:50:21","guid":{"rendered":"https:\/\/ekolet.hahmode.zoner.dev\/fraktkostnader\/"},"modified":"2025-02-19T17:24:01","modified_gmt":"2025-02-19T14:24:01","slug":"fraktkostnader","status":"publish","type":"page","link":"https:\/\/ekolet.com\/sv\/fraktkostnader\/","title":{"rendered":"Fraktkostnader"},"content":{"rendered":"\n<p>F\u00f6r finska leveranser skickas produkterna inom cirka en vecka fr\u00e5n best\u00e4llningen, med undantag f\u00f6r modellen Ekolet Anna, d\u00e4r monteringstiden \u00e4r 2\u20133 veckor fr\u00e5n best\u00e4llningen. Om du vill ange ett senare leveransdatum, v\u00e4nligen ange detta n\u00e4r du l\u00e4gger din best\u00e4llning genom att ange \u00f6nskad leveransvecka i kommentarsf\u00e4ltet.<\/p>\n\n\n\n<p>Tabellpriserna nedan \u00e4r ungef\u00e4rliga priser.\nDet exakta aktuella priset kommer att visas i kundvagnen.   <\/p>\n\n\n\n<hr class=\"wp-block-separator has-alpha-channel-opacity\"\/>\n\n\n\n<div class=\"wp-block-columns _wc_freight_table\">\n<div class=\"wp-block-column _shipping_cost_table\" style=\"flex-basis:100%\">\n<figure class=\"wp-block-table\"><table class=\"has-fixed-layout\"><tbody><tr><th>&nbsp;\n<\/th><th>Oiva<\/th><th>Onni<\/th><th>UR &amp; Oiva<\/th><th>UR &amp; Onni<\/th><th>Aino<\/th><th>Anna<\/th><\/tr><tr><td>Lappland<\/td><td>299 \u20ac<\/td><td>59 \u20ac<\/td><td>749 \u20ac<\/td><td>499 \u20ac<\/td><td>599 \u20ac<\/td><td>699 \u20ac<\/td><\/tr><tr><td>\u00d6vriga Finland<\/td><td>99 \u20ac<\/td><td>59 \u20ac<\/td><td>159 \u20ac<\/td><td>119 \u20ac<\/td><td>99 \u20ac<\/td><td>349 \u20ac<\/td><\/tr><\/tbody><\/table><\/figure>\n<\/div>\n<\/div>\n\n\n\n<div class=\"wp-block-columns\">\n<div class=\"wp-block-column\">\n<p class=\"_note\">Lappland: postnummeromr\u00e5den 94000\u201399999<\/p>\n<\/div>\n\n\n\n<div class=\"wp-block-column\">\n<p class=\"_note\">Fraktkostnaderna g\u00e4ller f\u00f6r leveranser till fastlandet, inte bakom slussarna.<\/p>\n<\/div>\n\n\n\n<div class=\"wp-block-column\">\n<p class=\"_note\">UR &amp; Oiva\/Onni: Frakten omfattar inte bara toaletten utan \u00e4ven utedasset.<\/p>\n<\/div>\n\n\n\n<div class=\"wp-block-column\">\n<p class=\"_note\">Alla kostnader inkluderar moms 25,5%.<\/p>\n<\/div>\n<\/div>\n","protected":false},"excerpt":{"rendered":"<p>F\u00f6r finska leveranser skickas produkterna inom cirka en vecka fr\u00e5n best\u00e4llningen, med undantag f\u00f6r modellen Ekolet Anna, d\u00e4r monteringstiden \u00e4r 2\u20133 veckor fr\u00e5n best\u00e4llningen. Om du vill ange ett senare leveransdatum, v\u00e4nligen ange detta n\u00e4r du l\u00e4gger din best\u00e4llning genom att ange \u00f6nskad leveransvecka i kommentarsf\u00e4ltet. Tabellpriserna nedan \u00e4r ungef\u00e4rliga priser. Det exakta aktuella priset [&hellip;]<\/p>\n","protected":false},"author":9,"featured_media":0,"parent":0,"menu_order":0,"comment_status":"closed","ping_status":"closed","template":"","meta":{"footnotes":""},"class_list":["post-19278","page","type-page","status-publish","hentry"],"yoast_head":"<!-- This site is optimized with the Yoast SEO plugin v27.5 - https:\/\/yoast.com\/product\/yoast-seo-wordpress\/ -->\n<title>Fraktkostnader &#183; Ekolet<\/title>\n<meta name=\"description\" content=\"F\u00f6r finska leveranser skickas produkterna inom cirka en vecka fr\u00e5n best\u00e4llningen, med undantag f\u00f6r modellen Ekolet Anna, d\u00e4r monteringstiden \u00e4r 2\u20133 veckor\" \/>\n<meta name=\"robots\" content=\"index, follow, max-snippet:-1, max-image-preview:large, max-video-preview:-1\" \/>\n<link rel=\"canonical\" href=\"https:\/\/ekolet.com\/sv\/fraktkostnader\/\" \/>\n<meta property=\"og:locale\" content=\"sv_SE\" \/>\n<meta property=\"og:type\" content=\"article\" \/>\n<meta property=\"og:title\" content=\"Fraktkostnader &#183; Ekolet\" \/>\n<meta property=\"og:description\" content=\"F\u00f6r finska leveranser skickas produkterna inom cirka en vecka fr\u00e5n best\u00e4llningen, med undantag f\u00f6r modellen Ekolet Anna, d\u00e4r monteringstiden \u00e4r 2\u20133 veckor\" \/>\n<meta property=\"og:url\" content=\"https:\/\/ekolet.com\/sv\/fraktkostnader\/\" \/>\n<meta property=\"og:site_name\" content=\"Ekolet\" \/>\n<meta property=\"article:modified_time\" content=\"2025-02-19T14:24:01+00:00\" \/>\n<meta property=\"og:image\" content=\"https:\/\/ekolet.com\/wp-content\/uploads\/ekolet-og.png\" \/>\n\t<meta property=\"og:image:width\" content=\"1200\" \/>\n\t<meta property=\"og:image:height\" content=\"630\" \/>\n\t<meta property=\"og:image:type\" content=\"image\/png\" \/>\n<meta name=\"twitter:label1\" content=\"Ber\u00e4knad l\u00e4stid\" \/>\n\t<meta name=\"twitter:data1\" content=\"1 minut\" \/>\n<script type=\"application\/ld+json\" class=\"yoast-schema-graph\">{\"@context\":\"https:\\\/\\\/schema.org\",\"@graph\":[{\"@type\":\"WebPage\",\"@id\":\"https:\\\/\\\/ekolet.com\\\/sv\\\/fraktkostnader\\\/\",\"url\":\"https:\\\/\\\/ekolet.com\\\/sv\\\/fraktkostnader\\\/\",\"name\":\"Fraktkostnader &#183; Ekolet\",\"isPartOf\":{\"@id\":\"https:\\\/\\\/ekolet.com\\\/sv\\\/#website\"},\"datePublished\":\"2015-01-23T16:50:21+00:00\",\"dateModified\":\"2025-02-19T14:24:01+00:00\",\"description\":\"F\u00f6r finska leveranser skickas produkterna inom cirka en vecka fr\u00e5n best\u00e4llningen, med undantag f\u00f6r modellen Ekolet Anna, d\u00e4r monteringstiden \u00e4r 2\u20133 veckor\",\"breadcrumb\":{\"@id\":\"https:\\\/\\\/ekolet.com\\\/sv\\\/fraktkostnader\\\/#breadcrumb\"},\"inLanguage\":\"sv-SE\",\"potentialAction\":[{\"@type\":\"ReadAction\",\"target\":[\"https:\\\/\\\/ekolet.com\\\/sv\\\/fraktkostnader\\\/\"]}]},{\"@type\":\"BreadcrumbList\",\"@id\":\"https:\\\/\\\/ekolet.com\\\/sv\\\/fraktkostnader\\\/#breadcrumb\",\"itemListElement\":[{\"@type\":\"ListItem\",\"position\":1,\"name\":\"Home\",\"item\":\"https:\\\/\\\/ekolet.com\\\/sv\\\/\"},{\"@type\":\"ListItem\",\"position\":2,\"name\":\"Fraktkostnader\"}]},{\"@type\":\"WebSite\",\"@id\":\"https:\\\/\\\/ekolet.com\\\/sv\\\/#website\",\"url\":\"https:\\\/\\\/ekolet.com\\\/sv\\\/\",\"name\":\"Development\",\"description\":\"\",\"publisher\":{\"@id\":\"https:\\\/\\\/ekolet.com\\\/sv\\\/#organization\"},\"potentialAction\":[{\"@type\":\"SearchAction\",\"target\":{\"@type\":\"EntryPoint\",\"urlTemplate\":\"https:\\\/\\\/ekolet.com\\\/sv\\\/?s={search_term_string}\"},\"query-input\":{\"@type\":\"PropertyValueSpecification\",\"valueRequired\":true,\"valueName\":\"search_term_string\"}}],\"inLanguage\":\"sv-SE\"},{\"@type\":\"Organization\",\"@id\":\"https:\\\/\\\/ekolet.com\\\/sv\\\/#organization\",\"name\":\"Ekolet Oy\",\"url\":\"https:\\\/\\\/ekolet.com\\\/sv\\\/\",\"logo\":{\"@type\":\"ImageObject\",\"inLanguage\":\"sv-SE\",\"@id\":\"https:\\\/\\\/ekolet.com\\\/sv\\\/#\\\/schema\\\/logo\\\/image\\\/\",\"url\":\"https:\\\/\\\/ekolet.com\\\/wp-content\\\/uploads\\\/ekolet-og.png\",\"contentUrl\":\"https:\\\/\\\/ekolet.com\\\/wp-content\\\/uploads\\\/ekolet-og.png\",\"width\":1200,\"height\":630,\"caption\":\"Ekolet Oy\"},\"image\":{\"@id\":\"https:\\\/\\\/ekolet.com\\\/sv\\\/#\\\/schema\\\/logo\\\/image\\\/\"}}]}<\/script>\n<!-- \/ Yoast SEO plugin. -->","yoast_head_json":{"title":"Fraktkostnader &#183; Ekolet","description":"F\u00f6r finska leveranser skickas produkterna inom cirka en vecka fr\u00e5n best\u00e4llningen, med undantag f\u00f6r modellen Ekolet Anna, d\u00e4r monteringstiden \u00e4r 2\u20133 veckor","robots":{"index":"index","follow":"follow","max-snippet":"max-snippet:-1","max-image-preview":"max-image-preview:large","max-video-preview":"max-video-preview:-1"},"canonical":"https:\/\/ekolet.com\/sv\/fraktkostnader\/","og_locale":"sv_SE","og_type":"article","og_title":"Fraktkostnader &#183; Ekolet","og_description":"F\u00f6r finska leveranser skickas produkterna inom cirka en vecka fr\u00e5n best\u00e4llningen, med undantag f\u00f6r modellen Ekolet Anna, d\u00e4r monteringstiden \u00e4r 2\u20133 veckor","og_url":"https:\/\/ekolet.com\/sv\/fraktkostnader\/","og_site_name":"Ekolet","article_modified_time":"2025-02-19T14:24:01+00:00","og_image":[{"width":1200,"height":630,"url":"https:\/\/ekolet.com\/wp-content\/uploads\/ekolet-og.png","type":"image\/png"}],"twitter_misc":{"Ber\u00e4knad l\u00e4stid":"1 minut"},"schema":{"@context":"https:\/\/schema.org","@graph":[{"@type":"WebPage","@id":"https:\/\/ekolet.com\/sv\/fraktkostnader\/","url":"https:\/\/ekolet.com\/sv\/fraktkostnader\/","name":"Fraktkostnader &#183; Ekolet","isPartOf":{"@id":"https:\/\/ekolet.com\/sv\/#website"},"datePublished":"2015-01-23T16:50:21+00:00","dateModified":"2025-02-19T14:24:01+00:00","description":"F\u00f6r finska leveranser skickas produkterna inom cirka en vecka fr\u00e5n best\u00e4llningen, med undantag f\u00f6r modellen Ekolet Anna, d\u00e4r monteringstiden \u00e4r 2\u20133 veckor","breadcrumb":{"@id":"https:\/\/ekolet.com\/sv\/fraktkostnader\/#breadcrumb"},"inLanguage":"sv-SE","potentialAction":[{"@type":"ReadAction","target":["https:\/\/ekolet.com\/sv\/fraktkostnader\/"]}]},{"@type":"BreadcrumbList","@id":"https:\/\/ekolet.com\/sv\/fraktkostnader\/#breadcrumb","itemListElement":[{"@type":"ListItem","position":1,"name":"Home","item":"https:\/\/ekolet.com\/sv\/"},{"@type":"ListItem","position":2,"name":"Fraktkostnader"}]},{"@type":"WebSite","@id":"https:\/\/ekolet.com\/sv\/#website","url":"https:\/\/ekolet.com\/sv\/","name":"Development","description":"","publisher":{"@id":"https:\/\/ekolet.com\/sv\/#organization"},"potentialAction":[{"@type":"SearchAction","target":{"@type":"EntryPoint","urlTemplate":"https:\/\/ekolet.com\/sv\/?s={search_term_string}"},"query-input":{"@type":"PropertyValueSpecification","valueRequired":true,"valueName":"search_term_string"}}],"inLanguage":"sv-SE"},{"@type":"Organization","@id":"https:\/\/ekolet.com\/sv\/#organization","name":"Ekolet Oy","url":"https:\/\/ekolet.com\/sv\/","logo":{"@type":"ImageObject","inLanguage":"sv-SE","@id":"https:\/\/ekolet.com\/sv\/#\/schema\/logo\/image\/","url":"https:\/\/ekolet.com\/wp-content\/uploads\/ekolet-og.png","contentUrl":"https:\/\/ekolet.com\/wp-content\/uploads\/ekolet-og.png","width":1200,"height":630,"caption":"Ekolet Oy"},"image":{"@id":"https:\/\/ekolet.com\/sv\/#\/schema\/logo\/image\/"}}]}},"_links":{"self":[{"href":"https:\/\/ekolet.com\/sv\/wp-json\/wp\/v2\/pages\/19278","targetHints":{"allow":["GET"]}}],"collection":[{"href":"https:\/\/ekolet.com\/sv\/wp-json\/wp\/v2\/pages"}],"about":[{"href":"https:\/\/ekolet.com\/sv\/wp-json\/wp\/v2\/types\/page"}],"author":[{"embeddable":true,"href":"https:\/\/ekolet.com\/sv\/wp-json\/wp\/v2\/users\/9"}],"replies":[{"embeddable":true,"href":"https:\/\/ekolet.com\/sv\/wp-json\/wp\/v2\/comments?post=19278"}],"version-history":[{"count":0,"href":"https:\/\/ekolet.com\/sv\/wp-json\/wp\/v2\/pages\/19278\/revisions"}],"wp:attachment":[{"href":"https:\/\/ekolet.com\/sv\/wp-json\/wp\/v2\/media?parent=19278"}],"curies":[{"name":"wp","href":"https:\/\/api.w.org\/{rel}","templated":true}]}}