{"id":19388,"date":"2020-11-23T12:00:19","date_gmt":"2020-11-23T09:00:19","guid":{"rendered":"https:\/\/ekolet.hahmode.zoner.dev\/beskrivning-av-kundfil\/"},"modified":"2024-08-09T15:03:33","modified_gmt":"2024-08-09T12:03:33","slug":"beskrivning-av-kundfil","status":"publish","type":"page","link":"https:\/\/ekolet.com\/sv\/beskrivning-av-kundfil\/","title":{"rendered":"Beskrivning av kundfil"},"content":{"rendered":"\n<p class=\"_small\">11\/2020<\/p>\n\n\n\n<p><strong>Controller<\/strong> <br>Ekolet Oy<br>Estetie 3<br>00430 Helsingfors<\/p>\n\n\n\n<p><strong>Registrets namn<\/strong><br>Ekolet Ab<br>kundregister<\/p>\n\n\n\n<p><strong>\u00c4ndam\u00e5let med behandlingen avpersonuppgifter<\/strong><br>\u00c4ndam\u00e5let med behandlingen av personuppgifter \u00e4r hantering och uppr\u00e4tth\u00e5llande av kundrelationen mellan Ekolet Oy och kunden, kundkontakt och marknadsf\u00f6ring. Uppgifterna i registret kan anv\u00e4ndas f\u00f6r Ekolet Oy:s egen direktmarknadsf\u00f6ring, om inte kunden har f\u00f6rbjudit direktmarknadsf\u00f6ring<\/p>\n\n\n\n<p><strong>Beskrivning av de registrerade<\/strong><br>Registret inneh\u00e5ller personuppgifter om kunder.<\/p>\n\n\n\n<p><strong>Registret kan inneh\u00e5lla f\u00f6ljande information<\/strong><br>&#8211; personens f\u00f6r<br>&#8211; och efternamn<br>&#8211; adress<br>&#8211; telefonnummer<br>&#8211; mobiltelefonnummer<br>&#8211; e-postadress<br>&#8211; kundnummer<br>&#8211; information om behandlade best\u00e4llningar<br>&#8211; tillst\u00e5nd f\u00f6r direktmarknadsf\u00f6ring<\/p>\n\n\n\n<p><strong>Regelbundna informationsk\u00e4llor<\/strong> <br>&#8211; webbplatsens kontaktformul\u00e4r <br>&#8211; e-post <br>&#8211; enk\u00e4ter och t\u00e4vlingar <br>&#8211; telefon <br>&#8211; webbutik <br>&#8211; f\u00f6rs\u00e4ljnings- och marknadsf\u00f6ringsevenemang<\/p>\n\n\n\n<p>Kontakt- och kundinformation kan ocks\u00e5 samlas in genom olika marknadsf\u00f6ringskampanjer.\nEtt marknadsf\u00f6ringsf\u00f6rbud registreras p\u00e5 grundval av en separat deklaration fr\u00e5n kunden. <\/p>\n\n\n\n<p><strong>Lagring av uppgifter<\/strong><br>Uppgifter kommer att lagras s\u00e5 l\u00e4nge som det \u00e4r n\u00f6dv\u00e4ndigt f\u00f6r varje syfte med kundtj\u00e4nsten.<\/p>\n\n\n\n<p><strong>Regelbundna utl\u00e4mnanden<\/strong><br>Information l\u00e4mnas ut eller delas med tredje part endast som svar p\u00e5 en r\u00e4ttslig skyldighet att l\u00e4mna ut information, till exempel en kunds egen beg\u00e4ran eller en r\u00e4ttslig beg\u00e4ran fr\u00e5n en offentlig myndighet<\/p>\n\n\n\n<p><strong>\u00d6verf\u00f6ring av uppgifter utanf\u00f6r EU eller det Europeiska ekonomiska samarbetsomr\u00e5det<\/strong><br>Inga uppgifter kommer att \u00f6verf\u00f6ras eller l\u00e4mnas ut utanf\u00f6r EU eller det Europeiska ekonomiska samarbetsomr\u00e5det.<\/p>\n\n\n\n<p><strong>Principer f\u00f6r registerskydd<\/strong><br>Den registeransvariges informationssystem och filer skyddas med tekniska skyddsmetoder som normalt anv\u00e4nds i aff\u00e4rsverksamhet. F\u00f6r att f\u00e5 tillg\u00e5ng till registret kr\u00e4vs ett personligt anv\u00e4ndarnamn och l\u00f6senord, som endast beviljas en anst\u00e4lld hos den personuppgiftsansvarige eller en tj\u00e4nsteleverant\u00f6r som agerar f\u00f6r den personuppgiftsansvariges r\u00e4kning och vars roll och uppgifter omfattar s\u00e5dan tillg\u00e5ng till och behandling av personuppgifter. Anst\u00e4llda som behandlar uppgifter ur kundregister \u00e4r bundna av tystnadsplikt.<\/p>\n\n\n\n<p><strong> Den registrerades r\u00e4tt till insyn<\/strong><br>Den registrerade har r\u00e4tt att f\u00e5 insyn i och kopior av de personuppgifter som finns lagrade i registret. Beg\u00e4ran om insyn kan g\u00f6ras <a href=\"mailto:info@ekolet.com\">per e-post<\/a> eller genom att bes\u00f6ka v\u00e5rt kontor, Estetie 3, 00430 Helsingfors.<\/p>\n\n\n\n<p><strong>R\u00e4ttelse av uppgifter<\/strong><br>Den personuppgiftsansvarige ska p\u00e5 eget initiativ eller p\u00e5 beg\u00e4ran av den registrerade r\u00e4tta, radera eller komplettera personuppgifter i registret som \u00e4r felaktiga, on\u00f6diga, ofullst\u00e4ndiga eller inaktuella med h\u00e4nsyn till \u00e4ndam\u00e5len med behandlingen. Den registrerade ska kontakta den <a href=\"mailto:info@ekolet.com\">personuppgiftsansvarige<\/a> f\u00f6r att f\u00e5 uppgifterna r\u00e4ttade. <\/p>\n","protected":false},"excerpt":{"rendered":"<p>11\/2020 Controller Ekolet OyEstetie 300430 Helsingfors Registrets namnEkolet Abkundregister \u00c4ndam\u00e5let med behandlingen avpersonuppgifter\u00c4ndam\u00e5let med behandlingen av personuppgifter \u00e4r hantering och uppr\u00e4tth\u00e5llande av kundrelationen mellan Ekolet Oy och kunden, kundkontakt och marknadsf\u00f6ring. Uppgifterna i registret kan anv\u00e4ndas f\u00f6r Ekolet Oy:s egen direktmarknadsf\u00f6ring, om inte kunden har f\u00f6rbjudit direktmarknadsf\u00f6ring Beskrivning av de registreradeRegistret inneh\u00e5ller personuppgifter om kunder. [&hellip;]<\/p>\n","protected":false},"author":9,"featured_media":0,"parent":0,"menu_order":0,"comment_status":"closed","ping_status":"closed","template":"","meta":{"footnotes":""},"class_list":["post-19388","page","type-page","status-publish","hentry"],"yoast_head":"<!-- This site is optimized with the Yoast SEO plugin v27.4 - https:\/\/yoast.com\/product\/yoast-seo-wordpress\/ -->\n<title>Beskrivning av kundfil &#183; Ekolet<\/title>\n<meta name=\"description\" content=\"11\/2020 Controller Ekolet OyEstetie 300430 Helsingfors Registrets namnEkolet Abkundregister \u00c4ndam\u00e5let med behandlingen avpersonuppgifter\u00c4ndam\u00e5let med\" \/>\n<meta name=\"robots\" content=\"index, follow, max-snippet:-1, max-image-preview:large, max-video-preview:-1\" \/>\n<link rel=\"canonical\" href=\"https:\/\/ekolet.com\/sv\/beskrivning-av-kundfil\/\" \/>\n<meta property=\"og:locale\" content=\"sv_SE\" \/>\n<meta property=\"og:type\" content=\"article\" \/>\n<meta property=\"og:title\" content=\"Beskrivning av kundfil &#183; Ekolet\" \/>\n<meta property=\"og:description\" content=\"11\/2020 Controller Ekolet OyEstetie 300430 Helsingfors Registrets namnEkolet Abkundregister \u00c4ndam\u00e5let med behandlingen avpersonuppgifter\u00c4ndam\u00e5let med\" \/>\n<meta property=\"og:url\" content=\"https:\/\/ekolet.com\/sv\/beskrivning-av-kundfil\/\" \/>\n<meta property=\"og:site_name\" content=\"Ekolet\" \/>\n<meta property=\"article:modified_time\" content=\"2024-08-09T12:03:33+00:00\" \/>\n<meta property=\"og:image\" content=\"https:\/\/ekolet.com\/wp-content\/uploads\/ekolet-og.png\" \/>\n\t<meta property=\"og:image:width\" content=\"1200\" \/>\n\t<meta property=\"og:image:height\" content=\"630\" \/>\n\t<meta property=\"og:image:type\" content=\"image\/png\" \/>\n<meta name=\"twitter:label1\" content=\"Ber\u00e4knad l\u00e4stid\" \/>\n\t<meta name=\"twitter:data1\" content=\"2 minuter\" \/>\n<script type=\"application\/ld+json\" class=\"yoast-schema-graph\">{\"@context\":\"https:\\\/\\\/schema.org\",\"@graph\":[{\"@type\":\"WebPage\",\"@id\":\"https:\\\/\\\/ekolet.com\\\/sv\\\/beskrivning-av-kundfil\\\/\",\"url\":\"https:\\\/\\\/ekolet.com\\\/sv\\\/beskrivning-av-kundfil\\\/\",\"name\":\"Beskrivning av kundfil &#183; Ekolet\",\"isPartOf\":{\"@id\":\"https:\\\/\\\/ekolet.com\\\/sv\\\/#website\"},\"datePublished\":\"2020-11-23T09:00:19+00:00\",\"dateModified\":\"2024-08-09T12:03:33+00:00\",\"description\":\"11\\\/2020 Controller Ekolet OyEstetie 300430 Helsingfors Registrets namnEkolet Abkundregister \u00c4ndam\u00e5let med behandlingen avpersonuppgifter\u00c4ndam\u00e5let med\",\"breadcrumb\":{\"@id\":\"https:\\\/\\\/ekolet.com\\\/sv\\\/beskrivning-av-kundfil\\\/#breadcrumb\"},\"inLanguage\":\"sv-SE\",\"potentialAction\":[{\"@type\":\"ReadAction\",\"target\":[\"https:\\\/\\\/ekolet.com\\\/sv\\\/beskrivning-av-kundfil\\\/\"]}]},{\"@type\":\"BreadcrumbList\",\"@id\":\"https:\\\/\\\/ekolet.com\\\/sv\\\/beskrivning-av-kundfil\\\/#breadcrumb\",\"itemListElement\":[{\"@type\":\"ListItem\",\"position\":1,\"name\":\"Home\",\"item\":\"https:\\\/\\\/ekolet.com\\\/sv\\\/\"},{\"@type\":\"ListItem\",\"position\":2,\"name\":\"Beskrivning av kundfil\"}]},{\"@type\":\"WebSite\",\"@id\":\"https:\\\/\\\/ekolet.com\\\/sv\\\/#website\",\"url\":\"https:\\\/\\\/ekolet.com\\\/sv\\\/\",\"name\":\"Development\",\"description\":\"\",\"publisher\":{\"@id\":\"https:\\\/\\\/ekolet.com\\\/sv\\\/#organization\"},\"potentialAction\":[{\"@type\":\"SearchAction\",\"target\":{\"@type\":\"EntryPoint\",\"urlTemplate\":\"https:\\\/\\\/ekolet.com\\\/sv\\\/?s={search_term_string}\"},\"query-input\":{\"@type\":\"PropertyValueSpecification\",\"valueRequired\":true,\"valueName\":\"search_term_string\"}}],\"inLanguage\":\"sv-SE\"},{\"@type\":\"Organization\",\"@id\":\"https:\\\/\\\/ekolet.com\\\/sv\\\/#organization\",\"name\":\"Ekolet Oy\",\"url\":\"https:\\\/\\\/ekolet.com\\\/sv\\\/\",\"logo\":{\"@type\":\"ImageObject\",\"inLanguage\":\"sv-SE\",\"@id\":\"https:\\\/\\\/ekolet.com\\\/sv\\\/#\\\/schema\\\/logo\\\/image\\\/\",\"url\":\"https:\\\/\\\/ekolet.com\\\/wp-content\\\/uploads\\\/ekolet-og.png\",\"contentUrl\":\"https:\\\/\\\/ekolet.com\\\/wp-content\\\/uploads\\\/ekolet-og.png\",\"width\":1200,\"height\":630,\"caption\":\"Ekolet Oy\"},\"image\":{\"@id\":\"https:\\\/\\\/ekolet.com\\\/sv\\\/#\\\/schema\\\/logo\\\/image\\\/\"}}]}<\/script>\n<!-- \/ Yoast SEO plugin. -->","yoast_head_json":{"title":"Beskrivning av kundfil &#183; Ekolet","description":"11\/2020 Controller Ekolet OyEstetie 300430 Helsingfors Registrets namnEkolet Abkundregister \u00c4ndam\u00e5let med behandlingen avpersonuppgifter\u00c4ndam\u00e5let med","robots":{"index":"index","follow":"follow","max-snippet":"max-snippet:-1","max-image-preview":"max-image-preview:large","max-video-preview":"max-video-preview:-1"},"canonical":"https:\/\/ekolet.com\/sv\/beskrivning-av-kundfil\/","og_locale":"sv_SE","og_type":"article","og_title":"Beskrivning av kundfil &#183; Ekolet","og_description":"11\/2020 Controller Ekolet OyEstetie 300430 Helsingfors Registrets namnEkolet Abkundregister \u00c4ndam\u00e5let med behandlingen avpersonuppgifter\u00c4ndam\u00e5let med","og_url":"https:\/\/ekolet.com\/sv\/beskrivning-av-kundfil\/","og_site_name":"Ekolet","article_modified_time":"2024-08-09T12:03:33+00:00","og_image":[{"width":1200,"height":630,"url":"https:\/\/ekolet.com\/wp-content\/uploads\/ekolet-og.png","type":"image\/png"}],"twitter_misc":{"Ber\u00e4knad l\u00e4stid":"2 minuter"},"schema":{"@context":"https:\/\/schema.org","@graph":[{"@type":"WebPage","@id":"https:\/\/ekolet.com\/sv\/beskrivning-av-kundfil\/","url":"https:\/\/ekolet.com\/sv\/beskrivning-av-kundfil\/","name":"Beskrivning av kundfil &#183; Ekolet","isPartOf":{"@id":"https:\/\/ekolet.com\/sv\/#website"},"datePublished":"2020-11-23T09:00:19+00:00","dateModified":"2024-08-09T12:03:33+00:00","description":"11\/2020 Controller Ekolet OyEstetie 300430 Helsingfors Registrets namnEkolet Abkundregister \u00c4ndam\u00e5let med behandlingen avpersonuppgifter\u00c4ndam\u00e5let med","breadcrumb":{"@id":"https:\/\/ekolet.com\/sv\/beskrivning-av-kundfil\/#breadcrumb"},"inLanguage":"sv-SE","potentialAction":[{"@type":"ReadAction","target":["https:\/\/ekolet.com\/sv\/beskrivning-av-kundfil\/"]}]},{"@type":"BreadcrumbList","@id":"https:\/\/ekolet.com\/sv\/beskrivning-av-kundfil\/#breadcrumb","itemListElement":[{"@type":"ListItem","position":1,"name":"Home","item":"https:\/\/ekolet.com\/sv\/"},{"@type":"ListItem","position":2,"name":"Beskrivning av kundfil"}]},{"@type":"WebSite","@id":"https:\/\/ekolet.com\/sv\/#website","url":"https:\/\/ekolet.com\/sv\/","name":"Development","description":"","publisher":{"@id":"https:\/\/ekolet.com\/sv\/#organization"},"potentialAction":[{"@type":"SearchAction","target":{"@type":"EntryPoint","urlTemplate":"https:\/\/ekolet.com\/sv\/?s={search_term_string}"},"query-input":{"@type":"PropertyValueSpecification","valueRequired":true,"valueName":"search_term_string"}}],"inLanguage":"sv-SE"},{"@type":"Organization","@id":"https:\/\/ekolet.com\/sv\/#organization","name":"Ekolet Oy","url":"https:\/\/ekolet.com\/sv\/","logo":{"@type":"ImageObject","inLanguage":"sv-SE","@id":"https:\/\/ekolet.com\/sv\/#\/schema\/logo\/image\/","url":"https:\/\/ekolet.com\/wp-content\/uploads\/ekolet-og.png","contentUrl":"https:\/\/ekolet.com\/wp-content\/uploads\/ekolet-og.png","width":1200,"height":630,"caption":"Ekolet Oy"},"image":{"@id":"https:\/\/ekolet.com\/sv\/#\/schema\/logo\/image\/"}}]}},"_links":{"self":[{"href":"https:\/\/ekolet.com\/sv\/wp-json\/wp\/v2\/pages\/19388","targetHints":{"allow":["GET"]}}],"collection":[{"href":"https:\/\/ekolet.com\/sv\/wp-json\/wp\/v2\/pages"}],"about":[{"href":"https:\/\/ekolet.com\/sv\/wp-json\/wp\/v2\/types\/page"}],"author":[{"embeddable":true,"href":"https:\/\/ekolet.com\/sv\/wp-json\/wp\/v2\/users\/9"}],"replies":[{"embeddable":true,"href":"https:\/\/ekolet.com\/sv\/wp-json\/wp\/v2\/comments?post=19388"}],"version-history":[{"count":0,"href":"https:\/\/ekolet.com\/sv\/wp-json\/wp\/v2\/pages\/19388\/revisions"}],"wp:attachment":[{"href":"https:\/\/ekolet.com\/sv\/wp-json\/wp\/v2\/media?parent=19388"}],"curies":[{"name":"wp","href":"https:\/\/api.w.org\/{rel}","templated":true}]}}