{"id":19394,"date":"2016-03-23T20:47:31","date_gmt":"2016-03-23T17:47:31","guid":{"rendered":"https:\/\/ekolet.hahmode.zoner.dev\/varfor-ekolet\/"},"modified":"2025-01-16T11:09:24","modified_gmt":"2025-01-16T08:09:24","slug":"varfor-ekolet","status":"publish","type":"page","link":"https:\/\/ekolet.com\/sv\/varfor-ekolet\/","title":{"rendered":"Varf\u00f6r Ekolet?"},"content":{"rendered":"\n<div style=\"height:48px\" aria-hidden=\"true\" class=\"wp-block-spacer\"><\/div>\n\n\n\n<div class=\"wp-block-columns\">\n<div class=\"wp-block-column is-vertically-aligned-center\"><div class=\"wp-block-image _no_tint\">\n<figure class=\"alignleft size-full\"><img loading=\"lazy\" decoding=\"async\" width=\"1000\" height=\"1000\" src=\"https:\/\/ekolet.com\/wp-content\/uploads\/kompostointi.jpg\" alt=\"\" class=\"wp-image-18738\" style=\"object-fit:cover\"\/><\/figure>\n<\/div><\/div>\n\n\n\n<div class=\"wp-block-column is-vertically-aligned-center\">\n<h2 class=\"wp-block-heading\">Genuint komposterbar och garanterat luktfri<\/h2>\n\n\n\n<p>Tack vare det unika systemet f\u00f6r luftcirkulation och v\u00e4tskebehandling \u00e4r Ekolets komposterande torrtoaletter helt luktfria och inga tillsatser beh\u00f6vs under anv\u00e4ndningen. Utomhusmodellerna fungerar dessutom helt utan el.<\/p>\n\n\n\n<p>I modeller med fyra fack ges den jord som ska t\u00f6mmas direkt till v\u00e4xterna, utan behov av efterkompostering. Till skillnad fr\u00e5n m\u00e5nga konkurrenter komposterar Ekolets torrtoaletter med fyra fack 100 % av avfallet i kompostenheten.<\/p>\n\n\n\n<p>En stor del av v\u00e4tskorna avdunstar med luftcirkulationen. Det n\u00e4ringsrika lakvattnet som inte avdunstar renas biologiskt och kan p\u00e5 ett s\u00e4kert s\u00e4tt dr\u00e4neras ner i marken i fyra fack modeller, t.ex. i en underjordisk bergrum d\u00e4r v\u00e4xtr\u00f6tterna kan h\u00e4mta n\u00e4ring. Det finns d\u00e4rf\u00f6r inget behov av att samla upp v\u00e4tskor i beh\u00e5llare f\u00f6r efterbehandling.<\/p>\n\n\n\n<p>Det \u00e4r viktigt f\u00f6r oss att den utomhus- eller inomhustoalett du k\u00f6per verkligen \u00e4r bekymmersfri.<\/p>\n<\/div>\n<\/div>\n\n\n\n<div style=\"height:48px\" aria-hidden=\"true\" class=\"wp-block-spacer\"><\/div>\n\n\n\n<div class=\"wp-block-columns _bg_green_pale\">\n<div class=\"wp-block-column is-vertically-aligned-center\">\n<h2 class=\"wp-block-heading\">Enkel att installera och l\u00e4tt att underh\u00e5lla<\/h2>\n\n\n\n<p>Ekolets torrtoaletter \u00e4r utformade f\u00f6r att installeras av en person med r\u00e4tt g\u00f6r-det-sj\u00e4lv-attityd, utan hj\u00e4lp utifr\u00e5n.\nF\u00f6rutom tydliga skriftliga instruktioner underl\u00e4ttas installationsprocessen av en video som visar hur toaletten installeras fr\u00e5n b\u00f6rjan till slut. <\/p>\n\n\n\n<p>Inga specialverktyg beh\u00f6vs f\u00f6r underh\u00e5llet, en vanlig spade r\u00e4cker.\nT\u00f6mning beh\u00f6vs vanligtvis en g\u00e5ng om \u00e5ret eller mindre, och \u00e4ven d\u00e5 finns det ren planteringsjord att ta hand om, s\u00e5 din semester kommer inte att f\u00f6rst\u00f6ras av st\u00e4ndigt toalettunderh\u00e5ll eller oro f\u00f6r t\u00f6mning. <\/p>\n<\/div>\n\n\n\n<div class=\"wp-block-column is-vertically-aligned-center\"><div class=\"wp-block-image _no_tint\">\n<figure class=\"aligncenter size-full\"><img loading=\"lazy\" decoding=\"async\" width=\"1000\" height=\"1000\" src=\"https:\/\/ekolet.com\/wp-content\/uploads\/pistolapio.jpg\" alt=\"\" class=\"wp-image-18737\" style=\"object-fit:cover\"\/><\/figure>\n<\/div><\/div>\n<\/div>\n\n\n\n<div class=\"wp-block-columns\">\n<div class=\"wp-block-column is-vertically-aligned-center\">\n<figure class=\"wp-block-image size-full _no_tint\"><img loading=\"lazy\" decoding=\"async\" width=\"1000\" height=\"750\" src=\"https:\/\/ekolet.com\/wp-content\/uploads\/kotimainen-1.png\" alt=\"\" class=\"wp-image-18752\"\/><\/figure>\n<\/div>\n\n\n\n<div class=\"wp-block-column is-vertically-aligned-center\">\n<h2 class=\"wp-block-heading\">En l\u00e5nglivad finsk kvalitetsprodukt<\/h2>\n\n\n\n<p>Alla Ekolet-produkter \u00e4r resultatet av skicklig finsk design och tillverkas i Finland av h\u00f6gkvalitativa, milj\u00f6v\u00e4nliga material. Produkterna har tilldelats en finsk Nyckelflaggan som en symbol f\u00f6r finsk kvalitet. Ekolets produkter har funnits till f\u00f6rs\u00e4ljning i \u00f6ver 30 \u00e5r och har n\u00f6jda anv\u00e4ndare \u00f6ver hela v\u00e4rlden.<\/p>\n<\/div>\n<\/div>\n","protected":false},"excerpt":{"rendered":"<p>Genuint komposterbar och garanterat luktfri Tack vare det unika systemet f\u00f6r luftcirkulation och v\u00e4tskebehandling \u00e4r Ekolets komposterande torrtoaletter helt luktfria och inga tillsatser beh\u00f6vs under anv\u00e4ndningen. Utomhusmodellerna fungerar dessutom helt utan el. I modeller med fyra fack ges den jord som ska t\u00f6mmas direkt till v\u00e4xterna, utan behov av efterkompostering. Till skillnad fr\u00e5n m\u00e5nga konkurrenter [&hellip;]<\/p>\n","protected":false},"author":9,"featured_media":0,"parent":0,"menu_order":0,"comment_status":"closed","ping_status":"closed","template":"","meta":{"footnotes":""},"class_list":["post-19394","page","type-page","status-publish","hentry"],"yoast_head":"<!-- This site is optimized with the Yoast SEO plugin v27.5 - https:\/\/yoast.com\/product\/yoast-seo-wordpress\/ -->\n<title>Varf\u00f6r Ekolet? &#183; Ekolet<\/title>\n<meta name=\"description\" content=\"J\u00e4mf\u00f6relse av Ekolets torrtoaletter med andra toaletter. Ekolet \u00e4r en garanterat luktfri, l\u00e4ttanv\u00e4nd, \u00e5tervinningsbar finl\u00e4ndsk kvalitetsprodukt.\" \/>\n<meta name=\"robots\" content=\"index, follow, max-snippet:-1, max-image-preview:large, max-video-preview:-1\" \/>\n<link rel=\"canonical\" href=\"https:\/\/ekolet.com\/sv\/varfor-ekolet\/\" \/>\n<meta property=\"og:locale\" content=\"sv_SE\" \/>\n<meta property=\"og:type\" content=\"article\" \/>\n<meta property=\"og:title\" content=\"Varf\u00f6r Ekolet? &#183; Ekolet\" \/>\n<meta property=\"og:description\" content=\"J\u00e4mf\u00f6relse av Ekolets torrtoaletter med andra toaletter. Ekolet \u00e4r en garanterat luktfri, l\u00e4ttanv\u00e4nd, \u00e5tervinningsbar finl\u00e4ndsk kvalitetsprodukt.\" \/>\n<meta property=\"og:url\" content=\"https:\/\/ekolet.com\/sv\/varfor-ekolet\/\" \/>\n<meta property=\"og:site_name\" content=\"Ekolet\" \/>\n<meta property=\"article:modified_time\" content=\"2025-01-16T08:09:24+00:00\" \/>\n<meta property=\"og:image\" content=\"https:\/\/ekolet.com\/wp-content\/uploads\/kompostointi.jpg\" \/>\n<meta name=\"twitter:label1\" content=\"Ber\u00e4knad l\u00e4stid\" \/>\n\t<meta name=\"twitter:data1\" content=\"2 minuter\" \/>\n<script type=\"application\/ld+json\" class=\"yoast-schema-graph\">{\"@context\":\"https:\\\/\\\/schema.org\",\"@graph\":[{\"@type\":\"WebPage\",\"@id\":\"https:\\\/\\\/ekolet.com\\\/sv\\\/varfor-ekolet\\\/\",\"url\":\"https:\\\/\\\/ekolet.com\\\/sv\\\/varfor-ekolet\\\/\",\"name\":\"Varf\u00f6r Ekolet? &#183; Ekolet\",\"isPartOf\":{\"@id\":\"https:\\\/\\\/ekolet.com\\\/sv\\\/#website\"},\"primaryImageOfPage\":{\"@id\":\"https:\\\/\\\/ekolet.com\\\/sv\\\/varfor-ekolet\\\/#primaryimage\"},\"image\":{\"@id\":\"https:\\\/\\\/ekolet.com\\\/sv\\\/varfor-ekolet\\\/#primaryimage\"},\"thumbnailUrl\":\"https:\\\/\\\/ekolet.com\\\/wp-content\\\/uploads\\\/kompostointi.jpg\",\"datePublished\":\"2016-03-23T17:47:31+00:00\",\"dateModified\":\"2025-01-16T08:09:24+00:00\",\"description\":\"J\u00e4mf\u00f6relse av Ekolets torrtoaletter med andra toaletter. Ekolet \u00e4r en garanterat luktfri, l\u00e4ttanv\u00e4nd, \u00e5tervinningsbar finl\u00e4ndsk kvalitetsprodukt.\",\"breadcrumb\":{\"@id\":\"https:\\\/\\\/ekolet.com\\\/sv\\\/varfor-ekolet\\\/#breadcrumb\"},\"inLanguage\":\"sv-SE\",\"potentialAction\":[{\"@type\":\"ReadAction\",\"target\":[\"https:\\\/\\\/ekolet.com\\\/sv\\\/varfor-ekolet\\\/\"]}]},{\"@type\":\"ImageObject\",\"inLanguage\":\"sv-SE\",\"@id\":\"https:\\\/\\\/ekolet.com\\\/sv\\\/varfor-ekolet\\\/#primaryimage\",\"url\":\"https:\\\/\\\/ekolet.com\\\/wp-content\\\/uploads\\\/kompostointi.jpg\",\"contentUrl\":\"https:\\\/\\\/ekolet.com\\\/wp-content\\\/uploads\\\/kompostointi.jpg\"},{\"@type\":\"BreadcrumbList\",\"@id\":\"https:\\\/\\\/ekolet.com\\\/sv\\\/varfor-ekolet\\\/#breadcrumb\",\"itemListElement\":[{\"@type\":\"ListItem\",\"position\":1,\"name\":\"Home\",\"item\":\"https:\\\/\\\/ekolet.com\\\/sv\\\/\"},{\"@type\":\"ListItem\",\"position\":2,\"name\":\"Varf\u00f6r Ekolet?\"}]},{\"@type\":\"WebSite\",\"@id\":\"https:\\\/\\\/ekolet.com\\\/sv\\\/#website\",\"url\":\"https:\\\/\\\/ekolet.com\\\/sv\\\/\",\"name\":\"Development\",\"description\":\"\",\"publisher\":{\"@id\":\"https:\\\/\\\/ekolet.com\\\/sv\\\/#organization\"},\"potentialAction\":[{\"@type\":\"SearchAction\",\"target\":{\"@type\":\"EntryPoint\",\"urlTemplate\":\"https:\\\/\\\/ekolet.com\\\/sv\\\/?s={search_term_string}\"},\"query-input\":{\"@type\":\"PropertyValueSpecification\",\"valueRequired\":true,\"valueName\":\"search_term_string\"}}],\"inLanguage\":\"sv-SE\"},{\"@type\":\"Organization\",\"@id\":\"https:\\\/\\\/ekolet.com\\\/sv\\\/#organization\",\"name\":\"Ekolet Oy\",\"url\":\"https:\\\/\\\/ekolet.com\\\/sv\\\/\",\"logo\":{\"@type\":\"ImageObject\",\"inLanguage\":\"sv-SE\",\"@id\":\"https:\\\/\\\/ekolet.com\\\/sv\\\/#\\\/schema\\\/logo\\\/image\\\/\",\"url\":\"https:\\\/\\\/ekolet.com\\\/wp-content\\\/uploads\\\/ekolet-og.png\",\"contentUrl\":\"https:\\\/\\\/ekolet.com\\\/wp-content\\\/uploads\\\/ekolet-og.png\",\"width\":1200,\"height\":630,\"caption\":\"Ekolet Oy\"},\"image\":{\"@id\":\"https:\\\/\\\/ekolet.com\\\/sv\\\/#\\\/schema\\\/logo\\\/image\\\/\"}}]}<\/script>\n<!-- \/ Yoast SEO plugin. -->","yoast_head_json":{"title":"Varf\u00f6r Ekolet? &#183; Ekolet","description":"J\u00e4mf\u00f6relse av Ekolets torrtoaletter med andra toaletter. Ekolet \u00e4r en garanterat luktfri, l\u00e4ttanv\u00e4nd, \u00e5tervinningsbar finl\u00e4ndsk kvalitetsprodukt.","robots":{"index":"index","follow":"follow","max-snippet":"max-snippet:-1","max-image-preview":"max-image-preview:large","max-video-preview":"max-video-preview:-1"},"canonical":"https:\/\/ekolet.com\/sv\/varfor-ekolet\/","og_locale":"sv_SE","og_type":"article","og_title":"Varf\u00f6r Ekolet? &#183; Ekolet","og_description":"J\u00e4mf\u00f6relse av Ekolets torrtoaletter med andra toaletter. Ekolet \u00e4r en garanterat luktfri, l\u00e4ttanv\u00e4nd, \u00e5tervinningsbar finl\u00e4ndsk kvalitetsprodukt.","og_url":"https:\/\/ekolet.com\/sv\/varfor-ekolet\/","og_site_name":"Ekolet","article_modified_time":"2025-01-16T08:09:24+00:00","og_image":[{"url":"https:\/\/ekolet.com\/wp-content\/uploads\/kompostointi.jpg","type":"","width":"","height":""}],"twitter_misc":{"Ber\u00e4knad l\u00e4stid":"2 minuter"},"schema":{"@context":"https:\/\/schema.org","@graph":[{"@type":"WebPage","@id":"https:\/\/ekolet.com\/sv\/varfor-ekolet\/","url":"https:\/\/ekolet.com\/sv\/varfor-ekolet\/","name":"Varf\u00f6r Ekolet? &#183; Ekolet","isPartOf":{"@id":"https:\/\/ekolet.com\/sv\/#website"},"primaryImageOfPage":{"@id":"https:\/\/ekolet.com\/sv\/varfor-ekolet\/#primaryimage"},"image":{"@id":"https:\/\/ekolet.com\/sv\/varfor-ekolet\/#primaryimage"},"thumbnailUrl":"https:\/\/ekolet.com\/wp-content\/uploads\/kompostointi.jpg","datePublished":"2016-03-23T17:47:31+00:00","dateModified":"2025-01-16T08:09:24+00:00","description":"J\u00e4mf\u00f6relse av Ekolets torrtoaletter med andra toaletter. Ekolet \u00e4r en garanterat luktfri, l\u00e4ttanv\u00e4nd, \u00e5tervinningsbar finl\u00e4ndsk kvalitetsprodukt.","breadcrumb":{"@id":"https:\/\/ekolet.com\/sv\/varfor-ekolet\/#breadcrumb"},"inLanguage":"sv-SE","potentialAction":[{"@type":"ReadAction","target":["https:\/\/ekolet.com\/sv\/varfor-ekolet\/"]}]},{"@type":"ImageObject","inLanguage":"sv-SE","@id":"https:\/\/ekolet.com\/sv\/varfor-ekolet\/#primaryimage","url":"https:\/\/ekolet.com\/wp-content\/uploads\/kompostointi.jpg","contentUrl":"https:\/\/ekolet.com\/wp-content\/uploads\/kompostointi.jpg"},{"@type":"BreadcrumbList","@id":"https:\/\/ekolet.com\/sv\/varfor-ekolet\/#breadcrumb","itemListElement":[{"@type":"ListItem","position":1,"name":"Home","item":"https:\/\/ekolet.com\/sv\/"},{"@type":"ListItem","position":2,"name":"Varf\u00f6r Ekolet?"}]},{"@type":"WebSite","@id":"https:\/\/ekolet.com\/sv\/#website","url":"https:\/\/ekolet.com\/sv\/","name":"Development","description":"","publisher":{"@id":"https:\/\/ekolet.com\/sv\/#organization"},"potentialAction":[{"@type":"SearchAction","target":{"@type":"EntryPoint","urlTemplate":"https:\/\/ekolet.com\/sv\/?s={search_term_string}"},"query-input":{"@type":"PropertyValueSpecification","valueRequired":true,"valueName":"search_term_string"}}],"inLanguage":"sv-SE"},{"@type":"Organization","@id":"https:\/\/ekolet.com\/sv\/#organization","name":"Ekolet Oy","url":"https:\/\/ekolet.com\/sv\/","logo":{"@type":"ImageObject","inLanguage":"sv-SE","@id":"https:\/\/ekolet.com\/sv\/#\/schema\/logo\/image\/","url":"https:\/\/ekolet.com\/wp-content\/uploads\/ekolet-og.png","contentUrl":"https:\/\/ekolet.com\/wp-content\/uploads\/ekolet-og.png","width":1200,"height":630,"caption":"Ekolet Oy"},"image":{"@id":"https:\/\/ekolet.com\/sv\/#\/schema\/logo\/image\/"}}]}},"_links":{"self":[{"href":"https:\/\/ekolet.com\/sv\/wp-json\/wp\/v2\/pages\/19394","targetHints":{"allow":["GET"]}}],"collection":[{"href":"https:\/\/ekolet.com\/sv\/wp-json\/wp\/v2\/pages"}],"about":[{"href":"https:\/\/ekolet.com\/sv\/wp-json\/wp\/v2\/types\/page"}],"author":[{"embeddable":true,"href":"https:\/\/ekolet.com\/sv\/wp-json\/wp\/v2\/users\/9"}],"replies":[{"embeddable":true,"href":"https:\/\/ekolet.com\/sv\/wp-json\/wp\/v2\/comments?post=19394"}],"version-history":[{"count":0,"href":"https:\/\/ekolet.com\/sv\/wp-json\/wp\/v2\/pages\/19394\/revisions"}],"wp:attachment":[{"href":"https:\/\/ekolet.com\/sv\/wp-json\/wp\/v2\/media?parent=19394"}],"curies":[{"name":"wp","href":"https:\/\/api.w.org\/{rel}","templated":true}]}}