{"id":19396,"date":"2013-10-06T05:16:32","date_gmt":"2013-10-06T02:16:32","guid":{"rendered":"https:\/\/ekolet.hahmode.zoner.dev\/att-valja-en-komposterande-toalett\/"},"modified":"2025-01-15T19:56:16","modified_gmt":"2025-01-15T16:56:16","slug":"att-valja-en-komposterande-toalett","status":"publish","type":"page","link":"https:\/\/ekolet.com\/sv\/att-valja-en-komposterande-toalett\/","title":{"rendered":"Att v\u00e4lja en komposterande toalett"},"content":{"rendered":"\n<p class=\"_lead\">Baserat p\u00e5 feedback fr\u00e5n m\u00e5nga anv\u00e4ndare har vi sammanst\u00e4llt en lista \u00f6ver saker du b\u00f6r t\u00e4nka p\u00e5 n\u00e4r du k\u00f6per en komposteringstoalett f\u00f6r att s\u00e4kerst\u00e4lla att du f\u00e5r r\u00e4tt toalett f\u00f6r ditt eget bruk.<\/p>\n\n\n\n<h2 class=\"wp-block-heading\">Behov av anv\u00e4ndning<\/h2>\n\n\n\n<p class=\"has-medium-font-size\">Vill du placera toaletten ute eller inne?\nVilka ytterligare funktioner vill du ha p\u00e5 toaletten om du placerar den inomhus? <\/p>\n\n\n\n<h2 class=\"wp-block-heading\">Hygien och luktfrihet vid anv\u00e4ndning<\/h2>\n\n\n\n<p>\u00c4r anv\u00e4ndning och underh\u00e5ll av komposteringstoaletten luktfri?\n\u00c4r ytorna l\u00e4tta att h\u00e5lla rena?\nKan den komposterande toaletten inomhus t\u00f6mmas och underh\u00e5llas utan att man beh\u00f6ver g\u00e5 in i bostaden?  <\/p>\n\n\n\n<h2 class=\"wp-block-heading\">Enkel anv\u00e4ndning<\/h2>\n\n\n\n<p>Behov av tillsatser<strong> &#8211; <\/strong>M\u00e5ste tillsatser anv\u00e4ndas vid anv\u00e4ndningstillf\u00e4llet eller fungerar komposteringstoaletten utan dem?<\/p>\n\n\n\n<p>T\u00f6mningsfrekvens<strong> &#8211; <\/strong>Hur ofta ska komposteringstoaletten t\u00f6mmas: en g\u00e5ng om \u00e5ret, en g\u00e5ng i m\u00e5naden eller \u00e4nnu oftare?<\/p>\n\n\n\n<p>Tillf\u00f6rlitlighet<strong> &#8211; <\/strong>Kan felplacerat avfall hindra en torrtoalett fr\u00e5n att fungera?\nInneh\u00e5ller apparaten delar som l\u00e4tt kan t\u00e4ppas till eller fastna under anv\u00e4ndning? <\/p>\n\n\n\n<p>Behov av efterkompostering<strong> &#8211; <\/strong>\u00c4r den komposterade jorden klar och luktfri, eller \u00e4r efterkompostering n\u00f6dv\u00e4ndig efter t\u00f6mning?<\/p>\n\n\n\n<h2 class=\"wp-block-heading\">Bekv\u00e4m anv\u00e4ndning<\/h2>\n\n\n\n<p>Kr\u00e4ver toaletten anv\u00e4ndning av tillsatser? \u00c4r det m\u00f6jligt att g\u00f6ra aff\u00e4rer st\u00e5ende eller bara sittande? \u00c4r det m\u00f6jligt att anv\u00e4nda en handdusch f\u00f6r att tv\u00e4tta sitsen och botten? Hur behagligt \u00e4r det att t\u00f6mma toaletten? \u00c4r det bekv\u00e4mt att sitta p\u00e5 sitsen p\u00e5 vintern?<\/p>\n\n\n\n<h2 class=\"wp-block-heading\">Milj\u00f6v\u00e4nlighet<\/h2>\n\n\n\n<p>Beh\u00f6ver en komposteringstoalett el f\u00f6r att fungera? Vilka material \u00e4r toaletten tillverkad av? Hur l\u00e5nglivande \u00e4r toaletten? Beh\u00f6ver v\u00e4tskan som kommer ut ur komposteringsutloppet n\u00e5gon s\u00e4rskild behandling eller kan den appliceras direkt p\u00e5 v\u00e4xter? Sl\u00e4pper toaletten ut \u00e4mnen i milj\u00f6n \u00e4r skadliga?<\/p>\n\n\n\n<h2 class=\"wp-block-heading\">Anv\u00e4ndningsm\u00e4ngd<\/h2>\n\n\n\n<p>Hur mycket anv\u00e4nds toaletten? Ska vi vara beredda p\u00e5 att den kommer att anv\u00e4ndas mer? Anv\u00e4nds toaletten ocks\u00e5 p\u00e5 vintern?<\/p>\n\n\n\n<h2 class=\"wp-block-heading\">Enkel installation<\/h2>\n\n\n\n<p>Hur l\u00e4tt \u00e4r det att installera toaletten och uthuset? Kr\u00e4ver installationen av komposttoaletten en beh\u00f6rig elektriker eller r\u00f6rmokare?<\/p>\n\n\n\n<h2 class=\"wp-block-heading\">Mina preferenser<\/h2>\n\n\n\n<p>Kan toaletten anpassas efter dina behov?\nFinns det n\u00e5got annat som \u00e4r viktigt f\u00f6r dig ut\u00f6ver dessa funktioner? <\/p>\n","protected":false},"excerpt":{"rendered":"<p>Baserat p\u00e5 feedback fr\u00e5n m\u00e5nga anv\u00e4ndare har vi sammanst\u00e4llt en lista \u00f6ver saker du b\u00f6r t\u00e4nka p\u00e5 n\u00e4r du k\u00f6per en komposteringstoalett f\u00f6r att s\u00e4kerst\u00e4lla att du f\u00e5r r\u00e4tt toalett f\u00f6r ditt eget bruk. Behov av anv\u00e4ndning Vill du placera toaletten ute eller inne? Vilka ytterligare funktioner vill du ha p\u00e5 toaletten om du placerar [&hellip;]<\/p>\n","protected":false},"author":9,"featured_media":0,"parent":0,"menu_order":0,"comment_status":"open","ping_status":"open","template":"","meta":{"footnotes":""},"class_list":["post-19396","page","type-page","status-publish","hentry"],"yoast_head":"<!-- This site is optimized with the Yoast SEO plugin v27.4 - https:\/\/yoast.com\/product\/yoast-seo-wordpress\/ -->\n<title>Att v\u00e4lja en komposterande toalett &#183; Ekolet<\/title>\n<meta name=\"description\" content=\"Baserat p\u00e5 feedback fr\u00e5n m\u00e5nga anv\u00e4ndare har vi sammanst\u00e4llt en lista \u00f6ver saker du b\u00f6r t\u00e4nka p\u00e5 n\u00e4r du k\u00f6per en komposteringstoalett f\u00f6r att s\u00e4kerst\u00e4lla\" \/>\n<meta name=\"robots\" content=\"index, follow, max-snippet:-1, max-image-preview:large, max-video-preview:-1\" \/>\n<link rel=\"canonical\" href=\"https:\/\/ekolet.com\/sv\/att-valja-en-komposterande-toalett\/\" \/>\n<meta property=\"og:locale\" content=\"sv_SE\" \/>\n<meta property=\"og:type\" content=\"article\" \/>\n<meta property=\"og:title\" content=\"Att v\u00e4lja en komposterande toalett &#183; Ekolet\" \/>\n<meta property=\"og:description\" content=\"Baserat p\u00e5 feedback fr\u00e5n m\u00e5nga anv\u00e4ndare har vi sammanst\u00e4llt en lista \u00f6ver saker du b\u00f6r t\u00e4nka p\u00e5 n\u00e4r du k\u00f6per en komposteringstoalett f\u00f6r att s\u00e4kerst\u00e4lla\" \/>\n<meta property=\"og:url\" content=\"https:\/\/ekolet.com\/sv\/att-valja-en-komposterande-toalett\/\" \/>\n<meta property=\"og:site_name\" content=\"Ekolet\" \/>\n<meta property=\"article:modified_time\" content=\"2025-01-15T16:56:16+00:00\" \/>\n<meta property=\"og:image\" content=\"https:\/\/ekolet.com\/wp-content\/uploads\/ekolet-og.png\" \/>\n\t<meta property=\"og:image:width\" content=\"1200\" \/>\n\t<meta property=\"og:image:height\" content=\"630\" \/>\n\t<meta property=\"og:image:type\" content=\"image\/png\" \/>\n<meta name=\"twitter:label1\" content=\"Ber\u00e4knad l\u00e4stid\" \/>\n\t<meta name=\"twitter:data1\" content=\"2 minuter\" \/>\n<script type=\"application\/ld+json\" class=\"yoast-schema-graph\">{\"@context\":\"https:\\\/\\\/schema.org\",\"@graph\":[{\"@type\":\"WebPage\",\"@id\":\"https:\\\/\\\/ekolet.com\\\/sv\\\/att-valja-en-komposterande-toalett\\\/\",\"url\":\"https:\\\/\\\/ekolet.com\\\/sv\\\/att-valja-en-komposterande-toalett\\\/\",\"name\":\"Att v\u00e4lja en komposterande toalett &#183; Ekolet\",\"isPartOf\":{\"@id\":\"https:\\\/\\\/ekolet.com\\\/sv\\\/#website\"},\"datePublished\":\"2013-10-06T02:16:32+00:00\",\"dateModified\":\"2025-01-15T16:56:16+00:00\",\"description\":\"Baserat p\u00e5 feedback fr\u00e5n m\u00e5nga anv\u00e4ndare har vi sammanst\u00e4llt en lista \u00f6ver saker du b\u00f6r t\u00e4nka p\u00e5 n\u00e4r du k\u00f6per en komposteringstoalett f\u00f6r att s\u00e4kerst\u00e4lla\",\"breadcrumb\":{\"@id\":\"https:\\\/\\\/ekolet.com\\\/sv\\\/att-valja-en-komposterande-toalett\\\/#breadcrumb\"},\"inLanguage\":\"sv-SE\",\"potentialAction\":[{\"@type\":\"ReadAction\",\"target\":[\"https:\\\/\\\/ekolet.com\\\/sv\\\/att-valja-en-komposterande-toalett\\\/\"]}]},{\"@type\":\"BreadcrumbList\",\"@id\":\"https:\\\/\\\/ekolet.com\\\/sv\\\/att-valja-en-komposterande-toalett\\\/#breadcrumb\",\"itemListElement\":[{\"@type\":\"ListItem\",\"position\":1,\"name\":\"Home\",\"item\":\"https:\\\/\\\/ekolet.com\\\/sv\\\/\"},{\"@type\":\"ListItem\",\"position\":2,\"name\":\"Att v\u00e4lja en komposterande toalett\"}]},{\"@type\":\"WebSite\",\"@id\":\"https:\\\/\\\/ekolet.com\\\/sv\\\/#website\",\"url\":\"https:\\\/\\\/ekolet.com\\\/sv\\\/\",\"name\":\"Development\",\"description\":\"\",\"publisher\":{\"@id\":\"https:\\\/\\\/ekolet.com\\\/sv\\\/#organization\"},\"potentialAction\":[{\"@type\":\"SearchAction\",\"target\":{\"@type\":\"EntryPoint\",\"urlTemplate\":\"https:\\\/\\\/ekolet.com\\\/sv\\\/?s={search_term_string}\"},\"query-input\":{\"@type\":\"PropertyValueSpecification\",\"valueRequired\":true,\"valueName\":\"search_term_string\"}}],\"inLanguage\":\"sv-SE\"},{\"@type\":\"Organization\",\"@id\":\"https:\\\/\\\/ekolet.com\\\/sv\\\/#organization\",\"name\":\"Ekolet Oy\",\"url\":\"https:\\\/\\\/ekolet.com\\\/sv\\\/\",\"logo\":{\"@type\":\"ImageObject\",\"inLanguage\":\"sv-SE\",\"@id\":\"https:\\\/\\\/ekolet.com\\\/sv\\\/#\\\/schema\\\/logo\\\/image\\\/\",\"url\":\"https:\\\/\\\/ekolet.com\\\/wp-content\\\/uploads\\\/ekolet-og.png\",\"contentUrl\":\"https:\\\/\\\/ekolet.com\\\/wp-content\\\/uploads\\\/ekolet-og.png\",\"width\":1200,\"height\":630,\"caption\":\"Ekolet Oy\"},\"image\":{\"@id\":\"https:\\\/\\\/ekolet.com\\\/sv\\\/#\\\/schema\\\/logo\\\/image\\\/\"}}]}<\/script>\n<!-- \/ Yoast SEO plugin. -->","yoast_head_json":{"title":"Att v\u00e4lja en komposterande toalett &#183; Ekolet","description":"Baserat p\u00e5 feedback fr\u00e5n m\u00e5nga anv\u00e4ndare har vi sammanst\u00e4llt en lista \u00f6ver saker du b\u00f6r t\u00e4nka p\u00e5 n\u00e4r du k\u00f6per en komposteringstoalett f\u00f6r att s\u00e4kerst\u00e4lla","robots":{"index":"index","follow":"follow","max-snippet":"max-snippet:-1","max-image-preview":"max-image-preview:large","max-video-preview":"max-video-preview:-1"},"canonical":"https:\/\/ekolet.com\/sv\/att-valja-en-komposterande-toalett\/","og_locale":"sv_SE","og_type":"article","og_title":"Att v\u00e4lja en komposterande toalett &#183; Ekolet","og_description":"Baserat p\u00e5 feedback fr\u00e5n m\u00e5nga anv\u00e4ndare har vi sammanst\u00e4llt en lista \u00f6ver saker du b\u00f6r t\u00e4nka p\u00e5 n\u00e4r du k\u00f6per en komposteringstoalett f\u00f6r att s\u00e4kerst\u00e4lla","og_url":"https:\/\/ekolet.com\/sv\/att-valja-en-komposterande-toalett\/","og_site_name":"Ekolet","article_modified_time":"2025-01-15T16:56:16+00:00","og_image":[{"width":1200,"height":630,"url":"https:\/\/ekolet.com\/wp-content\/uploads\/ekolet-og.png","type":"image\/png"}],"twitter_misc":{"Ber\u00e4knad l\u00e4stid":"2 minuter"},"schema":{"@context":"https:\/\/schema.org","@graph":[{"@type":"WebPage","@id":"https:\/\/ekolet.com\/sv\/att-valja-en-komposterande-toalett\/","url":"https:\/\/ekolet.com\/sv\/att-valja-en-komposterande-toalett\/","name":"Att v\u00e4lja en komposterande toalett &#183; Ekolet","isPartOf":{"@id":"https:\/\/ekolet.com\/sv\/#website"},"datePublished":"2013-10-06T02:16:32+00:00","dateModified":"2025-01-15T16:56:16+00:00","description":"Baserat p\u00e5 feedback fr\u00e5n m\u00e5nga anv\u00e4ndare har vi sammanst\u00e4llt en lista \u00f6ver saker du b\u00f6r t\u00e4nka p\u00e5 n\u00e4r du k\u00f6per en komposteringstoalett f\u00f6r att s\u00e4kerst\u00e4lla","breadcrumb":{"@id":"https:\/\/ekolet.com\/sv\/att-valja-en-komposterande-toalett\/#breadcrumb"},"inLanguage":"sv-SE","potentialAction":[{"@type":"ReadAction","target":["https:\/\/ekolet.com\/sv\/att-valja-en-komposterande-toalett\/"]}]},{"@type":"BreadcrumbList","@id":"https:\/\/ekolet.com\/sv\/att-valja-en-komposterande-toalett\/#breadcrumb","itemListElement":[{"@type":"ListItem","position":1,"name":"Home","item":"https:\/\/ekolet.com\/sv\/"},{"@type":"ListItem","position":2,"name":"Att v\u00e4lja en komposterande toalett"}]},{"@type":"WebSite","@id":"https:\/\/ekolet.com\/sv\/#website","url":"https:\/\/ekolet.com\/sv\/","name":"Development","description":"","publisher":{"@id":"https:\/\/ekolet.com\/sv\/#organization"},"potentialAction":[{"@type":"SearchAction","target":{"@type":"EntryPoint","urlTemplate":"https:\/\/ekolet.com\/sv\/?s={search_term_string}"},"query-input":{"@type":"PropertyValueSpecification","valueRequired":true,"valueName":"search_term_string"}}],"inLanguage":"sv-SE"},{"@type":"Organization","@id":"https:\/\/ekolet.com\/sv\/#organization","name":"Ekolet Oy","url":"https:\/\/ekolet.com\/sv\/","logo":{"@type":"ImageObject","inLanguage":"sv-SE","@id":"https:\/\/ekolet.com\/sv\/#\/schema\/logo\/image\/","url":"https:\/\/ekolet.com\/wp-content\/uploads\/ekolet-og.png","contentUrl":"https:\/\/ekolet.com\/wp-content\/uploads\/ekolet-og.png","width":1200,"height":630,"caption":"Ekolet Oy"},"image":{"@id":"https:\/\/ekolet.com\/sv\/#\/schema\/logo\/image\/"}}]}},"_links":{"self":[{"href":"https:\/\/ekolet.com\/sv\/wp-json\/wp\/v2\/pages\/19396","targetHints":{"allow":["GET"]}}],"collection":[{"href":"https:\/\/ekolet.com\/sv\/wp-json\/wp\/v2\/pages"}],"about":[{"href":"https:\/\/ekolet.com\/sv\/wp-json\/wp\/v2\/types\/page"}],"author":[{"embeddable":true,"href":"https:\/\/ekolet.com\/sv\/wp-json\/wp\/v2\/users\/9"}],"replies":[{"embeddable":true,"href":"https:\/\/ekolet.com\/sv\/wp-json\/wp\/v2\/comments?post=19396"}],"version-history":[{"count":0,"href":"https:\/\/ekolet.com\/sv\/wp-json\/wp\/v2\/pages\/19396\/revisions"}],"wp:attachment":[{"href":"https:\/\/ekolet.com\/sv\/wp-json\/wp\/v2\/media?parent=19396"}],"curies":[{"name":"wp","href":"https:\/\/api.w.org\/{rel}","templated":true}]}}