{"id":19398,"date":"2024-05-28T09:13:54","date_gmt":"2024-05-28T06:13:54","guid":{"rendered":"https:\/\/ekolet.hahmode.zoner.dev\/tillbehor\/"},"modified":"2024-08-10T22:14:03","modified_gmt":"2024-08-10T19:14:03","slug":"tillbehor","status":"publish","type":"page","link":"https:\/\/ekolet.com\/sv\/tillbehor\/","title":{"rendered":"Tillbeh\u00f6r"},"content":{"rendered":"<a class='_link_to' href='\/sv\/produkt\/ekolet-oiva\/?tillbehor' target='_self'>\t\n\t<svg class='_arrow_right' viewBox='0 0 40 40'>\t\n\t\t<path d='m21.4 10.6 10 10.2-10 10'\/>\n\t<\/svg>\n\t<span>F\u00f6r Ekolet Oiva<\/span>\t\t\n<\/a>\n\n\n\n<a class='_link_to' href='\/sv\/produkt\/ekolet-onni\/?tillbehor' target='_self'>\t\n\t<svg class='_arrow_right' viewBox='0 0 40 40'>\t\n\t\t<path d='m21.4 10.6 10 10.2-10 10'\/>\n\t<\/svg>\n\t<span>F\u00f6r Ekolet Onni<\/span>\t\t\n<\/a>\n\n\n\n<a class='_link_to' href='\/sv\/produkt\/ekolet-aino\/?tillbehor' target='_self'>\t\n\t<svg class='_arrow_right' viewBox='0 0 40 40'>\t\n\t\t<path d='m21.4 10.6 10 10.2-10 10'\/>\n\t<\/svg>\n\t<span>F\u00f6r Ekolet Aino<\/span>\t\t\n<\/a>\n\n\n\n<a class='_link_to' href='\/sv\/produkt\/ekolet-anna\/?tillbehor' target='_self'>\t\n\t<svg class='_arrow_right' viewBox='0 0 40 40'>\t\n\t\t<path d='m21.4 10.6 10 10.2-10 10'\/>\n\t<\/svg>\n\t<span>F\u00f6r Ekolet Anna<\/span>\t\t\n<\/a>\n\n\n\n\n<div style=\"height:32px\" aria-hidden=\"true\" class=\"wp-block-spacer\"><\/div>\n\n\n\n<p class=\"_sc_small\">Du kan hitta tillbeh\u00f6r till.\nDu hittar de tillbeh\u00f6r du beh\u00f6ver l\u00e4ngst ner p\u00e5 produktsidan. <\/p>\n","protected":false},"excerpt":{"rendered":"<p>Du kan hitta tillbeh\u00f6r till. Du hittar de tillbeh\u00f6r du beh\u00f6ver l\u00e4ngst ner p\u00e5 produktsidan.<\/p>\n","protected":false},"author":9,"featured_media":0,"parent":0,"menu_order":0,"comment_status":"closed","ping_status":"closed","template":"","meta":{"footnotes":""},"class_list":["post-19398","page","type-page","status-publish","hentry"],"yoast_head":"<!-- This site is optimized with the Yoast SEO plugin v27.5 - https:\/\/yoast.com\/product\/yoast-seo-wordpress\/ -->\n<title>Tillbeh\u00f6r &#183; Ekolet<\/title>\n<meta name=\"description\" content=\"Du kan hitta tillbeh\u00f6r till. Du hittar de tillbeh\u00f6r du beh\u00f6ver l\u00e4ngst ner p\u00e5 produktsidan.\" \/>\n<meta name=\"robots\" content=\"index, follow, max-snippet:-1, max-image-preview:large, max-video-preview:-1\" \/>\n<link rel=\"canonical\" href=\"https:\/\/ekolet.com\/sv\/tillbehor\/\" \/>\n<meta property=\"og:locale\" content=\"sv_SE\" \/>\n<meta property=\"og:type\" content=\"article\" \/>\n<meta property=\"og:title\" content=\"Tillbeh\u00f6r &#183; Ekolet\" \/>\n<meta property=\"og:description\" content=\"Du kan hitta tillbeh\u00f6r till. Du hittar de tillbeh\u00f6r du beh\u00f6ver l\u00e4ngst ner p\u00e5 produktsidan.\" \/>\n<meta property=\"og:url\" content=\"https:\/\/ekolet.com\/sv\/tillbehor\/\" \/>\n<meta property=\"og:site_name\" content=\"Ekolet\" \/>\n<meta property=\"article:modified_time\" content=\"2024-08-10T19:14:03+00:00\" \/>\n<meta property=\"og:image\" content=\"https:\/\/ekolet.com\/wp-content\/uploads\/ekolet-og.png\" \/>\n\t<meta property=\"og:image:width\" content=\"1200\" \/>\n\t<meta property=\"og:image:height\" content=\"630\" \/>\n\t<meta property=\"og:image:type\" content=\"image\/png\" \/>\n<meta name=\"twitter:label1\" content=\"Ber\u00e4knad l\u00e4stid\" \/>\n\t<meta name=\"twitter:data1\" content=\"1 minut\" \/>\n<script type=\"application\/ld+json\" class=\"yoast-schema-graph\">{\"@context\":\"https:\\\/\\\/schema.org\",\"@graph\":[{\"@type\":\"WebPage\",\"@id\":\"https:\\\/\\\/ekolet.com\\\/sv\\\/tillbehor\\\/\",\"url\":\"https:\\\/\\\/ekolet.com\\\/sv\\\/tillbehor\\\/\",\"name\":\"Tillbeh\u00f6r &#183; Ekolet\",\"isPartOf\":{\"@id\":\"https:\\\/\\\/ekolet.com\\\/sv\\\/#website\"},\"datePublished\":\"2024-05-28T06:13:54+00:00\",\"dateModified\":\"2024-08-10T19:14:03+00:00\",\"description\":\"Du kan hitta tillbeh\u00f6r till. Du hittar de tillbeh\u00f6r du beh\u00f6ver l\u00e4ngst ner p\u00e5 produktsidan.\",\"breadcrumb\":{\"@id\":\"https:\\\/\\\/ekolet.com\\\/sv\\\/tillbehor\\\/#breadcrumb\"},\"inLanguage\":\"sv-SE\",\"potentialAction\":[{\"@type\":\"ReadAction\",\"target\":[\"https:\\\/\\\/ekolet.com\\\/sv\\\/tillbehor\\\/\"]}]},{\"@type\":\"BreadcrumbList\",\"@id\":\"https:\\\/\\\/ekolet.com\\\/sv\\\/tillbehor\\\/#breadcrumb\",\"itemListElement\":[{\"@type\":\"ListItem\",\"position\":1,\"name\":\"Home\",\"item\":\"https:\\\/\\\/ekolet.com\\\/sv\\\/\"},{\"@type\":\"ListItem\",\"position\":2,\"name\":\"Tillbeh\u00f6r\"}]},{\"@type\":\"WebSite\",\"@id\":\"https:\\\/\\\/ekolet.com\\\/sv\\\/#website\",\"url\":\"https:\\\/\\\/ekolet.com\\\/sv\\\/\",\"name\":\"Development\",\"description\":\"\",\"publisher\":{\"@id\":\"https:\\\/\\\/ekolet.com\\\/sv\\\/#organization\"},\"potentialAction\":[{\"@type\":\"SearchAction\",\"target\":{\"@type\":\"EntryPoint\",\"urlTemplate\":\"https:\\\/\\\/ekolet.com\\\/sv\\\/?s={search_term_string}\"},\"query-input\":{\"@type\":\"PropertyValueSpecification\",\"valueRequired\":true,\"valueName\":\"search_term_string\"}}],\"inLanguage\":\"sv-SE\"},{\"@type\":\"Organization\",\"@id\":\"https:\\\/\\\/ekolet.com\\\/sv\\\/#organization\",\"name\":\"Ekolet Oy\",\"url\":\"https:\\\/\\\/ekolet.com\\\/sv\\\/\",\"logo\":{\"@type\":\"ImageObject\",\"inLanguage\":\"sv-SE\",\"@id\":\"https:\\\/\\\/ekolet.com\\\/sv\\\/#\\\/schema\\\/logo\\\/image\\\/\",\"url\":\"https:\\\/\\\/ekolet.com\\\/wp-content\\\/uploads\\\/ekolet-og.png\",\"contentUrl\":\"https:\\\/\\\/ekolet.com\\\/wp-content\\\/uploads\\\/ekolet-og.png\",\"width\":1200,\"height\":630,\"caption\":\"Ekolet Oy\"},\"image\":{\"@id\":\"https:\\\/\\\/ekolet.com\\\/sv\\\/#\\\/schema\\\/logo\\\/image\\\/\"}}]}<\/script>\n<!-- \/ Yoast SEO plugin. -->","yoast_head_json":{"title":"Tillbeh\u00f6r &#183; Ekolet","description":"Du kan hitta tillbeh\u00f6r till. Du hittar de tillbeh\u00f6r du beh\u00f6ver l\u00e4ngst ner p\u00e5 produktsidan.","robots":{"index":"index","follow":"follow","max-snippet":"max-snippet:-1","max-image-preview":"max-image-preview:large","max-video-preview":"max-video-preview:-1"},"canonical":"https:\/\/ekolet.com\/sv\/tillbehor\/","og_locale":"sv_SE","og_type":"article","og_title":"Tillbeh\u00f6r &#183; Ekolet","og_description":"Du kan hitta tillbeh\u00f6r till. Du hittar de tillbeh\u00f6r du beh\u00f6ver l\u00e4ngst ner p\u00e5 produktsidan.","og_url":"https:\/\/ekolet.com\/sv\/tillbehor\/","og_site_name":"Ekolet","article_modified_time":"2024-08-10T19:14:03+00:00","og_image":[{"width":1200,"height":630,"url":"https:\/\/ekolet.com\/wp-content\/uploads\/ekolet-og.png","type":"image\/png"}],"twitter_misc":{"Ber\u00e4knad l\u00e4stid":"1 minut"},"schema":{"@context":"https:\/\/schema.org","@graph":[{"@type":"WebPage","@id":"https:\/\/ekolet.com\/sv\/tillbehor\/","url":"https:\/\/ekolet.com\/sv\/tillbehor\/","name":"Tillbeh\u00f6r &#183; Ekolet","isPartOf":{"@id":"https:\/\/ekolet.com\/sv\/#website"},"datePublished":"2024-05-28T06:13:54+00:00","dateModified":"2024-08-10T19:14:03+00:00","description":"Du kan hitta tillbeh\u00f6r till. Du hittar de tillbeh\u00f6r du beh\u00f6ver l\u00e4ngst ner p\u00e5 produktsidan.","breadcrumb":{"@id":"https:\/\/ekolet.com\/sv\/tillbehor\/#breadcrumb"},"inLanguage":"sv-SE","potentialAction":[{"@type":"ReadAction","target":["https:\/\/ekolet.com\/sv\/tillbehor\/"]}]},{"@type":"BreadcrumbList","@id":"https:\/\/ekolet.com\/sv\/tillbehor\/#breadcrumb","itemListElement":[{"@type":"ListItem","position":1,"name":"Home","item":"https:\/\/ekolet.com\/sv\/"},{"@type":"ListItem","position":2,"name":"Tillbeh\u00f6r"}]},{"@type":"WebSite","@id":"https:\/\/ekolet.com\/sv\/#website","url":"https:\/\/ekolet.com\/sv\/","name":"Development","description":"","publisher":{"@id":"https:\/\/ekolet.com\/sv\/#organization"},"potentialAction":[{"@type":"SearchAction","target":{"@type":"EntryPoint","urlTemplate":"https:\/\/ekolet.com\/sv\/?s={search_term_string}"},"query-input":{"@type":"PropertyValueSpecification","valueRequired":true,"valueName":"search_term_string"}}],"inLanguage":"sv-SE"},{"@type":"Organization","@id":"https:\/\/ekolet.com\/sv\/#organization","name":"Ekolet Oy","url":"https:\/\/ekolet.com\/sv\/","logo":{"@type":"ImageObject","inLanguage":"sv-SE","@id":"https:\/\/ekolet.com\/sv\/#\/schema\/logo\/image\/","url":"https:\/\/ekolet.com\/wp-content\/uploads\/ekolet-og.png","contentUrl":"https:\/\/ekolet.com\/wp-content\/uploads\/ekolet-og.png","width":1200,"height":630,"caption":"Ekolet Oy"},"image":{"@id":"https:\/\/ekolet.com\/sv\/#\/schema\/logo\/image\/"}}]}},"_links":{"self":[{"href":"https:\/\/ekolet.com\/sv\/wp-json\/wp\/v2\/pages\/19398","targetHints":{"allow":["GET"]}}],"collection":[{"href":"https:\/\/ekolet.com\/sv\/wp-json\/wp\/v2\/pages"}],"about":[{"href":"https:\/\/ekolet.com\/sv\/wp-json\/wp\/v2\/types\/page"}],"author":[{"embeddable":true,"href":"https:\/\/ekolet.com\/sv\/wp-json\/wp\/v2\/users\/9"}],"replies":[{"embeddable":true,"href":"https:\/\/ekolet.com\/sv\/wp-json\/wp\/v2\/comments?post=19398"}],"version-history":[{"count":0,"href":"https:\/\/ekolet.com\/sv\/wp-json\/wp\/v2\/pages\/19398\/revisions"}],"wp:attachment":[{"href":"https:\/\/ekolet.com\/sv\/wp-json\/wp\/v2\/media?parent=19398"}],"curies":[{"name":"wp","href":"https:\/\/api.w.org\/{rel}","templated":true}]}}