{"id":19400,"date":"2020-11-23T12:10:02","date_gmt":"2020-11-23T09:10:02","guid":{"rendered":"https:\/\/ekolet.hahmode.zoner.dev\/skydd-av-personuppgifter\/"},"modified":"2025-02-15T00:04:42","modified_gmt":"2025-02-14T21:04:42","slug":"integritetspolicy","status":"publish","type":"page","link":"https:\/\/ekolet.com\/sv\/integritetspolicy\/","title":{"rendered":"Integritetspolicy"},"content":{"rendered":"\n<p>P\u00e5 Ekolet Oy \u00e4r v\u00e5ra kunders integritet viktig f\u00f6r oss.\nVi \u00e5tar oss att skydda personuppgifter och annan information som samlas in i samband med v\u00e5ra tj\u00e4nster.\nVi behandlar dem p\u00e5 det s\u00e4tt som kr\u00e4vs enligt lag.  <\/p>\n\n\n\n<p><a href=\"\/fi\/asiakasrekisteriseloste\/\"><\/a><a href=\"\/sv\/beskrivning-av-kundfil\/\">\u2192 Beskrivning av kundfil<\/a><\/p>\n\n\n\n<div style=\"height:48px\" aria-hidden=\"true\" class=\"wp-block-spacer cookies\"><\/div>\n\n\n\n<h2 class=\"wp-block-heading _like_h1\">Cookies<\/h2>\n\n\n\n<script id=\"CookieDeclaration\" data-culture=\"SV\" src=\"https:\/\/consent.cookiebot.com\/b2e842af-2eef-49db-b827-f9b37000f1c9\/cd.js\" type=\"text\/javascript\" async=\"\"><\/script>\n","protected":false},"excerpt":{"rendered":"<p>P\u00e5 Ekolet Oy \u00e4r v\u00e5ra kunders integritet viktig f\u00f6r oss. Vi \u00e5tar oss att skydda personuppgifter och annan information som samlas in i samband med v\u00e5ra tj\u00e4nster. Vi behandlar dem p\u00e5 det s\u00e4tt som kr\u00e4vs enligt lag. \u2192 Beskrivning av kundfil Cookies<\/p>\n","protected":false},"author":9,"featured_media":0,"parent":0,"menu_order":0,"comment_status":"closed","ping_status":"closed","template":"","meta":{"footnotes":""},"class_list":["post-19400","page","type-page","status-publish","hentry"],"yoast_head":"<!-- This site is optimized with the Yoast SEO plugin v27.4 - https:\/\/yoast.com\/product\/yoast-seo-wordpress\/ -->\n<title>Integritetspolicy &#183; Ekolet<\/title>\n<meta name=\"description\" content=\"P\u00e5 Ekolet Oy \u00e4r v\u00e5ra kunders integritet viktig f\u00f6r oss. Vi \u00e5tar oss att skydda personuppgifter och annan information som samlas in i samband med v\u00e5ra\" \/>\n<meta name=\"robots\" content=\"index, follow, max-snippet:-1, max-image-preview:large, max-video-preview:-1\" \/>\n<link rel=\"canonical\" href=\"https:\/\/ekolet.com\/sv\/integritetspolicy\/\" \/>\n<meta property=\"og:locale\" content=\"sv_SE\" \/>\n<meta property=\"og:type\" content=\"article\" \/>\n<meta property=\"og:title\" content=\"Integritetspolicy &#183; Ekolet\" \/>\n<meta property=\"og:description\" content=\"P\u00e5 Ekolet Oy \u00e4r v\u00e5ra kunders integritet viktig f\u00f6r oss. Vi \u00e5tar oss att skydda personuppgifter och annan information som samlas in i samband med v\u00e5ra\" \/>\n<meta property=\"og:url\" content=\"https:\/\/ekolet.com\/sv\/integritetspolicy\/\" \/>\n<meta property=\"og:site_name\" content=\"Ekolet\" \/>\n<meta property=\"article:modified_time\" content=\"2025-02-14T21:04:42+00:00\" \/>\n<meta property=\"og:image\" content=\"https:\/\/ekolet.com\/wp-content\/uploads\/ekolet-og.png\" \/>\n\t<meta property=\"og:image:width\" content=\"1200\" \/>\n\t<meta property=\"og:image:height\" content=\"630\" \/>\n\t<meta property=\"og:image:type\" content=\"image\/png\" \/>\n<meta name=\"twitter:label1\" content=\"Ber\u00e4knad l\u00e4stid\" \/>\n\t<meta name=\"twitter:data1\" content=\"1 minut\" \/>\n<script type=\"application\/ld+json\" class=\"yoast-schema-graph\">{\"@context\":\"https:\\\/\\\/schema.org\",\"@graph\":[{\"@type\":\"WebPage\",\"@id\":\"https:\\\/\\\/ekolet.com\\\/sv\\\/integritetspolicy\\\/\",\"url\":\"https:\\\/\\\/ekolet.com\\\/sv\\\/integritetspolicy\\\/\",\"name\":\"Integritetspolicy &#183; Ekolet\",\"isPartOf\":{\"@id\":\"https:\\\/\\\/ekolet.com\\\/sv\\\/#website\"},\"datePublished\":\"2020-11-23T09:10:02+00:00\",\"dateModified\":\"2025-02-14T21:04:42+00:00\",\"description\":\"P\u00e5 Ekolet Oy \u00e4r v\u00e5ra kunders integritet viktig f\u00f6r oss. Vi \u00e5tar oss att skydda personuppgifter och annan information som samlas in i samband med v\u00e5ra\",\"breadcrumb\":{\"@id\":\"https:\\\/\\\/ekolet.com\\\/sv\\\/integritetspolicy\\\/#breadcrumb\"},\"inLanguage\":\"sv-SE\",\"potentialAction\":[{\"@type\":\"ReadAction\",\"target\":[\"https:\\\/\\\/ekolet.com\\\/sv\\\/integritetspolicy\\\/\"]}]},{\"@type\":\"BreadcrumbList\",\"@id\":\"https:\\\/\\\/ekolet.com\\\/sv\\\/integritetspolicy\\\/#breadcrumb\",\"itemListElement\":[{\"@type\":\"ListItem\",\"position\":1,\"name\":\"Home\",\"item\":\"https:\\\/\\\/ekolet.com\\\/sv\\\/\"},{\"@type\":\"ListItem\",\"position\":2,\"name\":\"Integritetspolicy\"}]},{\"@type\":\"WebSite\",\"@id\":\"https:\\\/\\\/ekolet.com\\\/sv\\\/#website\",\"url\":\"https:\\\/\\\/ekolet.com\\\/sv\\\/\",\"name\":\"Development\",\"description\":\"\",\"publisher\":{\"@id\":\"https:\\\/\\\/ekolet.com\\\/sv\\\/#organization\"},\"potentialAction\":[{\"@type\":\"SearchAction\",\"target\":{\"@type\":\"EntryPoint\",\"urlTemplate\":\"https:\\\/\\\/ekolet.com\\\/sv\\\/?s={search_term_string}\"},\"query-input\":{\"@type\":\"PropertyValueSpecification\",\"valueRequired\":true,\"valueName\":\"search_term_string\"}}],\"inLanguage\":\"sv-SE\"},{\"@type\":\"Organization\",\"@id\":\"https:\\\/\\\/ekolet.com\\\/sv\\\/#organization\",\"name\":\"Ekolet Oy\",\"url\":\"https:\\\/\\\/ekolet.com\\\/sv\\\/\",\"logo\":{\"@type\":\"ImageObject\",\"inLanguage\":\"sv-SE\",\"@id\":\"https:\\\/\\\/ekolet.com\\\/sv\\\/#\\\/schema\\\/logo\\\/image\\\/\",\"url\":\"https:\\\/\\\/ekolet.com\\\/wp-content\\\/uploads\\\/ekolet-og.png\",\"contentUrl\":\"https:\\\/\\\/ekolet.com\\\/wp-content\\\/uploads\\\/ekolet-og.png\",\"width\":1200,\"height\":630,\"caption\":\"Ekolet Oy\"},\"image\":{\"@id\":\"https:\\\/\\\/ekolet.com\\\/sv\\\/#\\\/schema\\\/logo\\\/image\\\/\"}}]}<\/script>\n<!-- \/ Yoast SEO plugin. -->","yoast_head_json":{"title":"Integritetspolicy &#183; Ekolet","description":"P\u00e5 Ekolet Oy \u00e4r v\u00e5ra kunders integritet viktig f\u00f6r oss. Vi \u00e5tar oss att skydda personuppgifter och annan information som samlas in i samband med v\u00e5ra","robots":{"index":"index","follow":"follow","max-snippet":"max-snippet:-1","max-image-preview":"max-image-preview:large","max-video-preview":"max-video-preview:-1"},"canonical":"https:\/\/ekolet.com\/sv\/integritetspolicy\/","og_locale":"sv_SE","og_type":"article","og_title":"Integritetspolicy &#183; Ekolet","og_description":"P\u00e5 Ekolet Oy \u00e4r v\u00e5ra kunders integritet viktig f\u00f6r oss. Vi \u00e5tar oss att skydda personuppgifter och annan information som samlas in i samband med v\u00e5ra","og_url":"https:\/\/ekolet.com\/sv\/integritetspolicy\/","og_site_name":"Ekolet","article_modified_time":"2025-02-14T21:04:42+00:00","og_image":[{"width":1200,"height":630,"url":"https:\/\/ekolet.com\/wp-content\/uploads\/ekolet-og.png","type":"image\/png"}],"twitter_misc":{"Ber\u00e4knad l\u00e4stid":"1 minut"},"schema":{"@context":"https:\/\/schema.org","@graph":[{"@type":"WebPage","@id":"https:\/\/ekolet.com\/sv\/integritetspolicy\/","url":"https:\/\/ekolet.com\/sv\/integritetspolicy\/","name":"Integritetspolicy &#183; Ekolet","isPartOf":{"@id":"https:\/\/ekolet.com\/sv\/#website"},"datePublished":"2020-11-23T09:10:02+00:00","dateModified":"2025-02-14T21:04:42+00:00","description":"P\u00e5 Ekolet Oy \u00e4r v\u00e5ra kunders integritet viktig f\u00f6r oss. Vi \u00e5tar oss att skydda personuppgifter och annan information som samlas in i samband med v\u00e5ra","breadcrumb":{"@id":"https:\/\/ekolet.com\/sv\/integritetspolicy\/#breadcrumb"},"inLanguage":"sv-SE","potentialAction":[{"@type":"ReadAction","target":["https:\/\/ekolet.com\/sv\/integritetspolicy\/"]}]},{"@type":"BreadcrumbList","@id":"https:\/\/ekolet.com\/sv\/integritetspolicy\/#breadcrumb","itemListElement":[{"@type":"ListItem","position":1,"name":"Home","item":"https:\/\/ekolet.com\/sv\/"},{"@type":"ListItem","position":2,"name":"Integritetspolicy"}]},{"@type":"WebSite","@id":"https:\/\/ekolet.com\/sv\/#website","url":"https:\/\/ekolet.com\/sv\/","name":"Development","description":"","publisher":{"@id":"https:\/\/ekolet.com\/sv\/#organization"},"potentialAction":[{"@type":"SearchAction","target":{"@type":"EntryPoint","urlTemplate":"https:\/\/ekolet.com\/sv\/?s={search_term_string}"},"query-input":{"@type":"PropertyValueSpecification","valueRequired":true,"valueName":"search_term_string"}}],"inLanguage":"sv-SE"},{"@type":"Organization","@id":"https:\/\/ekolet.com\/sv\/#organization","name":"Ekolet Oy","url":"https:\/\/ekolet.com\/sv\/","logo":{"@type":"ImageObject","inLanguage":"sv-SE","@id":"https:\/\/ekolet.com\/sv\/#\/schema\/logo\/image\/","url":"https:\/\/ekolet.com\/wp-content\/uploads\/ekolet-og.png","contentUrl":"https:\/\/ekolet.com\/wp-content\/uploads\/ekolet-og.png","width":1200,"height":630,"caption":"Ekolet Oy"},"image":{"@id":"https:\/\/ekolet.com\/sv\/#\/schema\/logo\/image\/"}}]}},"_links":{"self":[{"href":"https:\/\/ekolet.com\/sv\/wp-json\/wp\/v2\/pages\/19400","targetHints":{"allow":["GET"]}}],"collection":[{"href":"https:\/\/ekolet.com\/sv\/wp-json\/wp\/v2\/pages"}],"about":[{"href":"https:\/\/ekolet.com\/sv\/wp-json\/wp\/v2\/types\/page"}],"author":[{"embeddable":true,"href":"https:\/\/ekolet.com\/sv\/wp-json\/wp\/v2\/users\/9"}],"replies":[{"embeddable":true,"href":"https:\/\/ekolet.com\/sv\/wp-json\/wp\/v2\/comments?post=19400"}],"version-history":[{"count":0,"href":"https:\/\/ekolet.com\/sv\/wp-json\/wp\/v2\/pages\/19400\/revisions"}],"wp:attachment":[{"href":"https:\/\/ekolet.com\/sv\/wp-json\/wp\/v2\/media?parent=19400"}],"curies":[{"name":"wp","href":"https:\/\/api.w.org\/{rel}","templated":true}]}}