{"id":19402,"date":"2016-03-22T16:37:34","date_gmt":"2016-03-22T13:37:34","guid":{"rendered":"https:\/\/ekolet.hahmode.zoner.dev\/leveransvillkor\/"},"modified":"2025-02-17T20:36:03","modified_gmt":"2025-02-17T17:36:03","slug":"leveransvillkor","status":"publish","type":"page","link":"https:\/\/ekolet.com\/sv\/leveransvillkor\/","title":{"rendered":"Leveransvillkor"},"content":{"rendered":"\n<p class=\"_small\">G\u00e4ller fr\u00e5n 25.3.2019<\/p>\n\n\n\n<h2 class=\"wp-block-heading\">Allm\u00e4n information om online shopping<\/h2>\n\n\n\n<p>Produkterna s\u00e4ljs av Ekolet Oy med aff\u00e4rs-ID 0822748-8.\nVi s\u00e4ljer produkter till personer som fyllt 18 \u00e5r i Finland, EU och \u00f6vriga v\u00e4rlden.\nPriserna p\u00e5 produkterna inkluderar moms inom EU.\nVi f\u00f6rbeh\u00e5ller oss r\u00e4tten att \u00e4ndra priser och leveranskostnader.   <\/p>\n\n\n\n<h2 class=\"wp-block-heading\">Best\u00e4llning och orderbekr\u00e4ftelse<\/h2>\n\n\n\n<p>Best\u00e4llning av produkter sker i regel online p\u00e5 www.ekolet.com via kundvagnen.<\/p>\n\n\n\n<p>Alla best\u00e4llningar bekr\u00e4ftas via e-post med uppgift om priset f\u00f6r best\u00e4llningen, leveranskostnaderna och de best\u00e4llda produkterna.\nF\u00f6r att f\u00e5 en orderbekr\u00e4ftelse m\u00e5ste du uppge din e-postadress n\u00e4r du g\u00f6r din best\u00e4llning. <\/p>\n\n\n\n<p>Kunden godk\u00e4nner de leveransvillkor som g\u00e4ller f\u00f6r respektive order.<\/p>\n\n\n\n<h2 class=\"wp-block-heading\">Betalningsmetoder<\/h2>\n\n\n\n<p>Produkter och deras porto betalas i samband med best\u00e4llningen.\nV\u00e5r webbutik anv\u00e4nder den finska betaltj\u00e4nsten Paytrail, som webbutiken automatiskt omdirigerar till n\u00e4r du g\u00f6r en betalning.\nAlla st\u00f6rre finl\u00e4ndska banker, kredit- och betalkort, mobila betalningsmetoder, faktura- och delbetalningsmetoder accepteras f\u00f6r Paytrail-betalningar.  <\/p>\n\n\n\n<p>Paytrail \u00e4r en s\u00e4ker och allm\u00e4nt anv\u00e4nd betalningsmetod i Finland, f\u00f6r mer information bes\u00f6k <a href=\"https:\/\/www.paytrail.com\/en\/for-consumers-paytrail\/\" target=\"_blank\" rel=\"noreferrer noopener sponsored nofollow\">paytrail.com\/en\/for-consumers-paytrail\/<\/a><\/p>\n\n\n\n<p>F\u00f6r \u00e5terf\u00f6rs\u00e4ljare och f\u00f6retag skickar vi fakturor fr\u00e4mst som e-fakturor.<\/p>\n\n\n\n<h2 class=\"wp-block-heading\">R\u00e4tt till byte och retur<\/h2>\n\n\n\n<p>Du kan returnera eller byta dina produkter inom 14 dagar efter att du har mottagit ditt paket.\nDen produkt som ska returneras m\u00e5ste vara oanv\u00e4nd.\nFraktkostnader kommer att debiteras fr\u00e5n fall till fall.  <\/p>\n\n\n\n<h3 class=\"wp-block-heading\">\u00c5terl\u00e4mnande av produkten<\/h3>\n\n\n\n<p>Om det finns n\u00e5gra fel p\u00e5 den produkt du har best\u00e4llt eller om du har f\u00e5tt fel produkt, v\u00e4nligen kontakta oss omedelbart p\u00e5 info@ekolet.com eller p\u00e5 telefon 010 200 6260 s\u00e5 att vi kan ordna med reparation, utbyte eller retur av produkten.\nOm f\u00f6rs\u00e4ndelsen \u00e4r skadad utv\u00e4ndigt, v\u00e4nligen kontrollera inneh\u00e5llet i f\u00f6rs\u00e4ndelsen s\u00e5 snart du tar emot den. <\/p>\n\n\n\n<h3 class=\"wp-block-heading\">Ers\u00e4ttning och \u00e5terbetalning<\/h3>\n\n\n\n<p>Eventuella \u00e5terbetalningar kommer som regel att g\u00f6ras till samma betalningsmedel som anv\u00e4ndes f\u00f6r att betala f\u00f6r produkten.\n\u00c5terbetalningar kan ocks\u00e5 g\u00f6ras till ett bankkonto, och i s\u00e5 fall ber vi dig att uppge ditt bankkontonummer till Ekolet f\u00f6r att kunna g\u00f6ra \u00e5terbetalningen.\nKontonummer \u00f6verf\u00f6rs inte i samband med betalning online.  <\/p>\n","protected":false},"excerpt":{"rendered":"<p>G\u00e4ller fr\u00e5n 25.3.2019 Allm\u00e4n information om online shopping Produkterna s\u00e4ljs av Ekolet Oy med aff\u00e4rs-ID 0822748-8. Vi s\u00e4ljer produkter till personer som fyllt 18 \u00e5r i Finland, EU och \u00f6vriga v\u00e4rlden. Priserna p\u00e5 produkterna inkluderar moms inom EU. Vi f\u00f6rbeh\u00e5ller oss r\u00e4tten att \u00e4ndra priser och leveranskostnader. Best\u00e4llning och orderbekr\u00e4ftelse Best\u00e4llning av produkter sker i [&hellip;]<\/p>\n","protected":false},"author":9,"featured_media":0,"parent":0,"menu_order":0,"comment_status":"closed","ping_status":"closed","template":"","meta":{"footnotes":""},"class_list":["post-19402","page","type-page","status-publish","hentry"],"yoast_head":"<!-- This site is optimized with the Yoast SEO plugin v27.4 - https:\/\/yoast.com\/product\/yoast-seo-wordpress\/ -->\n<title>Leveransvillkor &#183; Ekolet<\/title>\n<meta name=\"description\" content=\"G\u00e4ller fr\u00e5n 25.3.2019 Allm\u00e4n information om online shopping Produkterna s\u00e4ljs av Ekolet Oy med aff\u00e4rs-ID 0822748-8. Vi s\u00e4ljer produkter till personer som\" \/>\n<meta name=\"robots\" content=\"index, follow, max-snippet:-1, max-image-preview:large, max-video-preview:-1\" \/>\n<link rel=\"canonical\" href=\"https:\/\/ekolet.com\/sv\/leveransvillkor\/\" \/>\n<meta property=\"og:locale\" content=\"sv_SE\" \/>\n<meta property=\"og:type\" content=\"article\" \/>\n<meta property=\"og:title\" content=\"Leveransvillkor &#183; Ekolet\" \/>\n<meta property=\"og:description\" content=\"G\u00e4ller fr\u00e5n 25.3.2019 Allm\u00e4n information om online shopping Produkterna s\u00e4ljs av Ekolet Oy med aff\u00e4rs-ID 0822748-8. Vi s\u00e4ljer produkter till personer som\" \/>\n<meta property=\"og:url\" content=\"https:\/\/ekolet.com\/sv\/leveransvillkor\/\" \/>\n<meta property=\"og:site_name\" content=\"Ekolet\" \/>\n<meta property=\"article:modified_time\" content=\"2025-02-17T17:36:03+00:00\" \/>\n<meta property=\"og:image\" content=\"https:\/\/ekolet.com\/wp-content\/uploads\/ekolet-og.png\" \/>\n\t<meta property=\"og:image:width\" content=\"1200\" \/>\n\t<meta property=\"og:image:height\" content=\"630\" \/>\n\t<meta property=\"og:image:type\" content=\"image\/png\" \/>\n<meta name=\"twitter:label1\" content=\"Ber\u00e4knad l\u00e4stid\" \/>\n\t<meta name=\"twitter:data1\" content=\"2 minuter\" \/>\n<script type=\"application\/ld+json\" class=\"yoast-schema-graph\">{\"@context\":\"https:\\\/\\\/schema.org\",\"@graph\":[{\"@type\":\"WebPage\",\"@id\":\"https:\\\/\\\/ekolet.com\\\/sv\\\/leveransvillkor\\\/\",\"url\":\"https:\\\/\\\/ekolet.com\\\/sv\\\/leveransvillkor\\\/\",\"name\":\"Leveransvillkor &#183; Ekolet\",\"isPartOf\":{\"@id\":\"https:\\\/\\\/ekolet.com\\\/sv\\\/#website\"},\"datePublished\":\"2016-03-22T13:37:34+00:00\",\"dateModified\":\"2025-02-17T17:36:03+00:00\",\"description\":\"G\u00e4ller fr\u00e5n 25.3.2019 Allm\u00e4n information om online shopping Produkterna s\u00e4ljs av Ekolet Oy med aff\u00e4rs-ID 0822748-8. Vi s\u00e4ljer produkter till personer som\",\"breadcrumb\":{\"@id\":\"https:\\\/\\\/ekolet.com\\\/sv\\\/leveransvillkor\\\/#breadcrumb\"},\"inLanguage\":\"sv-SE\",\"potentialAction\":[{\"@type\":\"ReadAction\",\"target\":[\"https:\\\/\\\/ekolet.com\\\/sv\\\/leveransvillkor\\\/\"]}]},{\"@type\":\"BreadcrumbList\",\"@id\":\"https:\\\/\\\/ekolet.com\\\/sv\\\/leveransvillkor\\\/#breadcrumb\",\"itemListElement\":[{\"@type\":\"ListItem\",\"position\":1,\"name\":\"Home\",\"item\":\"https:\\\/\\\/ekolet.com\\\/sv\\\/\"},{\"@type\":\"ListItem\",\"position\":2,\"name\":\"Leveransvillkor\"}]},{\"@type\":\"WebSite\",\"@id\":\"https:\\\/\\\/ekolet.com\\\/sv\\\/#website\",\"url\":\"https:\\\/\\\/ekolet.com\\\/sv\\\/\",\"name\":\"Development\",\"description\":\"\",\"publisher\":{\"@id\":\"https:\\\/\\\/ekolet.com\\\/sv\\\/#organization\"},\"potentialAction\":[{\"@type\":\"SearchAction\",\"target\":{\"@type\":\"EntryPoint\",\"urlTemplate\":\"https:\\\/\\\/ekolet.com\\\/sv\\\/?s={search_term_string}\"},\"query-input\":{\"@type\":\"PropertyValueSpecification\",\"valueRequired\":true,\"valueName\":\"search_term_string\"}}],\"inLanguage\":\"sv-SE\"},{\"@type\":\"Organization\",\"@id\":\"https:\\\/\\\/ekolet.com\\\/sv\\\/#organization\",\"name\":\"Ekolet Oy\",\"url\":\"https:\\\/\\\/ekolet.com\\\/sv\\\/\",\"logo\":{\"@type\":\"ImageObject\",\"inLanguage\":\"sv-SE\",\"@id\":\"https:\\\/\\\/ekolet.com\\\/sv\\\/#\\\/schema\\\/logo\\\/image\\\/\",\"url\":\"https:\\\/\\\/ekolet.com\\\/wp-content\\\/uploads\\\/ekolet-og.png\",\"contentUrl\":\"https:\\\/\\\/ekolet.com\\\/wp-content\\\/uploads\\\/ekolet-og.png\",\"width\":1200,\"height\":630,\"caption\":\"Ekolet Oy\"},\"image\":{\"@id\":\"https:\\\/\\\/ekolet.com\\\/sv\\\/#\\\/schema\\\/logo\\\/image\\\/\"}}]}<\/script>\n<!-- \/ Yoast SEO plugin. -->","yoast_head_json":{"title":"Leveransvillkor &#183; Ekolet","description":"G\u00e4ller fr\u00e5n 25.3.2019 Allm\u00e4n information om online shopping Produkterna s\u00e4ljs av Ekolet Oy med aff\u00e4rs-ID 0822748-8. Vi s\u00e4ljer produkter till personer som","robots":{"index":"index","follow":"follow","max-snippet":"max-snippet:-1","max-image-preview":"max-image-preview:large","max-video-preview":"max-video-preview:-1"},"canonical":"https:\/\/ekolet.com\/sv\/leveransvillkor\/","og_locale":"sv_SE","og_type":"article","og_title":"Leveransvillkor &#183; Ekolet","og_description":"G\u00e4ller fr\u00e5n 25.3.2019 Allm\u00e4n information om online shopping Produkterna s\u00e4ljs av Ekolet Oy med aff\u00e4rs-ID 0822748-8. Vi s\u00e4ljer produkter till personer som","og_url":"https:\/\/ekolet.com\/sv\/leveransvillkor\/","og_site_name":"Ekolet","article_modified_time":"2025-02-17T17:36:03+00:00","og_image":[{"width":1200,"height":630,"url":"https:\/\/ekolet.com\/wp-content\/uploads\/ekolet-og.png","type":"image\/png"}],"twitter_misc":{"Ber\u00e4knad l\u00e4stid":"2 minuter"},"schema":{"@context":"https:\/\/schema.org","@graph":[{"@type":"WebPage","@id":"https:\/\/ekolet.com\/sv\/leveransvillkor\/","url":"https:\/\/ekolet.com\/sv\/leveransvillkor\/","name":"Leveransvillkor &#183; Ekolet","isPartOf":{"@id":"https:\/\/ekolet.com\/sv\/#website"},"datePublished":"2016-03-22T13:37:34+00:00","dateModified":"2025-02-17T17:36:03+00:00","description":"G\u00e4ller fr\u00e5n 25.3.2019 Allm\u00e4n information om online shopping Produkterna s\u00e4ljs av Ekolet Oy med aff\u00e4rs-ID 0822748-8. Vi s\u00e4ljer produkter till personer som","breadcrumb":{"@id":"https:\/\/ekolet.com\/sv\/leveransvillkor\/#breadcrumb"},"inLanguage":"sv-SE","potentialAction":[{"@type":"ReadAction","target":["https:\/\/ekolet.com\/sv\/leveransvillkor\/"]}]},{"@type":"BreadcrumbList","@id":"https:\/\/ekolet.com\/sv\/leveransvillkor\/#breadcrumb","itemListElement":[{"@type":"ListItem","position":1,"name":"Home","item":"https:\/\/ekolet.com\/sv\/"},{"@type":"ListItem","position":2,"name":"Leveransvillkor"}]},{"@type":"WebSite","@id":"https:\/\/ekolet.com\/sv\/#website","url":"https:\/\/ekolet.com\/sv\/","name":"Development","description":"","publisher":{"@id":"https:\/\/ekolet.com\/sv\/#organization"},"potentialAction":[{"@type":"SearchAction","target":{"@type":"EntryPoint","urlTemplate":"https:\/\/ekolet.com\/sv\/?s={search_term_string}"},"query-input":{"@type":"PropertyValueSpecification","valueRequired":true,"valueName":"search_term_string"}}],"inLanguage":"sv-SE"},{"@type":"Organization","@id":"https:\/\/ekolet.com\/sv\/#organization","name":"Ekolet Oy","url":"https:\/\/ekolet.com\/sv\/","logo":{"@type":"ImageObject","inLanguage":"sv-SE","@id":"https:\/\/ekolet.com\/sv\/#\/schema\/logo\/image\/","url":"https:\/\/ekolet.com\/wp-content\/uploads\/ekolet-og.png","contentUrl":"https:\/\/ekolet.com\/wp-content\/uploads\/ekolet-og.png","width":1200,"height":630,"caption":"Ekolet Oy"},"image":{"@id":"https:\/\/ekolet.com\/sv\/#\/schema\/logo\/image\/"}}]}},"_links":{"self":[{"href":"https:\/\/ekolet.com\/sv\/wp-json\/wp\/v2\/pages\/19402","targetHints":{"allow":["GET"]}}],"collection":[{"href":"https:\/\/ekolet.com\/sv\/wp-json\/wp\/v2\/pages"}],"about":[{"href":"https:\/\/ekolet.com\/sv\/wp-json\/wp\/v2\/types\/page"}],"author":[{"embeddable":true,"href":"https:\/\/ekolet.com\/sv\/wp-json\/wp\/v2\/users\/9"}],"replies":[{"embeddable":true,"href":"https:\/\/ekolet.com\/sv\/wp-json\/wp\/v2\/comments?post=19402"}],"version-history":[{"count":0,"href":"https:\/\/ekolet.com\/sv\/wp-json\/wp\/v2\/pages\/19402\/revisions"}],"wp:attachment":[{"href":"https:\/\/ekolet.com\/sv\/wp-json\/wp\/v2\/media?parent=19402"}],"curies":[{"name":"wp","href":"https:\/\/api.w.org\/{rel}","templated":true}]}}