{"id":19437,"date":"2024-05-17T16:33:23","date_gmt":"2024-05-17T13:33:23","guid":{"rendered":"https:\/\/ekolet.hahmode.zoner.dev\/foretag\/"},"modified":"2025-02-18T15:34:41","modified_gmt":"2025-02-18T12:34:41","slug":"foretag","status":"publish","type":"page","link":"https:\/\/ekolet.com\/sv\/foretag\/","title":{"rendered":"F\u00f6retag"},"content":{"rendered":"\n<div class=\"wp-block-columns\">\n<div class=\"wp-block-column\">\n<div style=\"height:20px\" aria-hidden=\"true\" class=\"wp-block-spacer\"><\/div>\n\n\n\n<p class=\"_lead_large\">Ekolet \u00e4r ett 100% finskt, 100% familje\u00e4gt f\u00f6retag vars 100% komposterbara toaletter \u00e4r s\u00e5 bekymmersfria att de \u00e4r 0% bekymmer.<\/p>\n<\/div>\n<\/div>\n\n\n\n<div class=\"wp-block-columns _bg\">\n<div class=\"wp-block-column is-vertically-aligned-top\">\n<p class=\"_super\">V\u00e5r vision, v\u00e5rt uppdrag<\/p>\n\n\n\n<h2 class=\"wp-block-heading\">En bra toalett \u00e4r en viktig del av att kunna njuta av sin stuga<\/h2>\n<\/div>\n\n\n\n<div class=\"wp-block-column is-vertically-aligned-center\">\n<div style=\"height:48px\" aria-hidden=\"true\" class=\"wp-block-spacer\"><\/div>\n\n\n\n<p>D\u00e4rf\u00f6r m\u00e5ste den f\u00f6rst och fr\u00e4mst vara bekv\u00e4m och bekymmersfri att anv\u00e4nda.\nLuktfri, naturligtvis, men ocks\u00e5 inhemsk och, som en sj\u00e4lvklarhet, milj\u00f6v\u00e4nlig. <\/p>\n\n\n\n<p>Avfall och t\u00f6mning av soptunnan \u00e4r ett problem f\u00f6r m\u00e5nga stugor, s\u00e5 i st\u00e4llet producerar Ekolet varje \u00e5r cirka en skottk\u00e4rra med f\u00e4rdig, n\u00e4ringsrik kompost &#8211; och det \u00e4r ingen hj\u00e4lteinsats att t\u00f6mma den.<\/p>\n\n\n\n<p>Vi har utformat Ekolet s\u00e5 att du ska vara n\u00f6jd med det.<\/p>\n<\/div>\n<\/div>\n\n\n\n<div style=\"height:16px\" aria-hidden=\"true\" class=\"wp-block-spacer\"><\/div>\n\n\n\n<h2 class=\"wp-block-heading\">Ekolet som f\u00f6retag<\/h2>\n\n\n\n<div class=\"wp-block-columns\">\n<div class=\"wp-block-column\">\n<h3 class=\"wp-block-heading\">Fokusera p\u00e5 andra saker<\/h3>\n\n\n\n<p>Grundid\u00e9n bakom Ekolet har varit exakt densamma sedan starten: vi vill erbjuda dig en milj\u00f6v\u00e4nlig toalett som verkligen fungerar, \u00e4ven under kr\u00e4vande f\u00f6rh\u00e5llanden.\nOch denna funktionalitet m\u00e5ste presenteras f\u00f6r anv\u00e4ndaren p\u00e5 ett s\u00e5dant s\u00e4tt att de beh\u00f6ver t\u00e4nka p\u00e5 dessa saker s\u00e5 lite som m\u00f6jligt.\nF\u00f6r det finns viktigare saker.  <\/p>\n<\/div>\n\n\n\n<div class=\"wp-block-column\">\n<h3 class=\"wp-block-heading\">Sedan 1990<\/h3>\n\n\n\n<p>Den f\u00f6rsta Ekolet-toaletten byggdes redan p\u00e5 1980-talet och Ekolet grundades 1990.\nUnder \u00e5rens lopp har grundid\u00e9n bakom toaletten f\u00f6rfinats, men den bygger fortfarande p\u00e5 samma \u00f6verl\u00e4gsna funktionalitet: ingen annan komposteringstoalett p\u00e5 marknaden komposterar 100 % av sitt avfall i sj\u00e4lva toaletten. <\/p>\n<\/div>\n\n\n\n<div class=\"wp-block-column\">\n<h3 class=\"wp-block-heading\">L\u00e4ngre uppstr\u00f6ms<\/h3>\n\n\n\n<p>Ekolet \u00e4r ett familjef\u00f6retag som nu drivs av Kalle Yl\u00f6sjoki, son till toalettens uppfinnare Matti Yl\u00f6sjoki. Du n\u00e5r Kalle p\u00e5 +358 10 200 6260 &#8211; ifall du har fr\u00e5gor om komposteringstoaletter eller hur du v\u00e4ljer en. Du kan ocks\u00e5 skicka din fr\u00e5ga via email eller sms om den kommer vid en tidpunkt d\u00e5 solen redan har g\u00e5tt ner.<\/p>\n<\/div>\n<\/div>\n\n\n\n<div style=\"height:50px\" aria-hidden=\"true\" class=\"wp-block-spacer\"><\/div>\n\n\n\n<div class=\"wp-block-columns _bg_green_pale2\">\n<div class=\"wp-block-column is-vertically-aligned-center\">\n<p class=\"_super\">Uppfinning<\/p>\n\n\n\n<h2 class=\"wp-block-heading\"><strong>S\u00e5 h\u00e4r f\u00f6ddes Ekolet<\/strong><\/h2>\n\n\n\n<p>Som m\u00e5nga briljanta uppfinningar f\u00f6ddes Ekolet ur ett praktiskt behov.\nI slutet av 1980-talet var civilingenj\u00f6ren Matti Yl\u00f6sjoki tr\u00f6tt p\u00e5 den illaluktande och underh\u00e5llskr\u00e4vande torrtoaletten i sin sommarstuga och ville ha en modell som gick lite l\u00e4ngre.\nTill hans f\u00f6rv\u00e5ning fanns det dock inga avancerade modeller p\u00e5 marknaden, utan fr\u00e4mst stora uppsamlingsk\u00e4rl som f\u00f6rs\u00f6kte f\u00e5 bort v\u00e4tskan och lukten med hj\u00e4lp av skr\u00e4p.\nDe kr\u00e4vde ocks\u00e5 alltid, f\u00f6rutom str\u00f6et, efterkompostering och uppsamling och behandling av v\u00e4tskor.   <\/p>\n\n\n\n<p>Matti Yl\u00f6sjoki b\u00f6rjade s\u00f6ka information och utveckla en toalett som var s\u00e5 bekymmersfri och enkel att anv\u00e4nda som m\u00f6jligt och dessutom luktfri.\nEfter n\u00e5gra \u00e5rs planering byggde han en prototyp av en komposterande toalett med fyra fack till sin sommarstuga i Vichtis, d\u00e4r tanken var att ingen separat efterkompostering skulle beh\u00f6vas utan ske i sj\u00e4lva toaletten.\nHan ville ocks\u00e5 att v\u00e4tskebehandlingen skulle ske i sj\u00e4lva r\u00f6tkammaren.\nDet tredje kravet var att ventilationen skulle vara s\u00e5 effektiv och s\u00e5 v\u00e4l utformad att toalettrummet skulle vara helt luktfritt.\nN\u00e4r prototypen togs i drift fungerade den f\u00f6rsta versionen till Yl\u00f6sjokis f\u00f6rv\u00e5ning s\u00e5 bra att det inte beh\u00f6vdes n\u00e5gra fler versioner.    <\/p>\n\n\n\n<p>Efter att ha anv\u00e4nt den unikt funktionella komposttoalett som han hade utvecklat b\u00f6rjade Yl\u00f6sjoki t\u00e4nka att m\u00e5nga andra kanske skulle vilja ha en s\u00e5dan toalett och att de skulle vara glada \u00f6ver att ha en luktfri och bekymmersfri toalett.\nYl\u00f6sjoki best\u00e4mde sig f\u00f6r att kommersialisera sin toalett och 1990 grundade han f\u00f6retaget Ekolet och tog patent p\u00e5 anordningen.   <\/p>\n\n\n\n<p>Idag har Ekolet redan gett tusentals finl\u00e4ndare och v\u00e4ldigt m\u00e5nga utl\u00e4nningar trevliga och bekymmersfria toalettbes\u00f6k.\nSedan dess har sommarstugefolket som \u00e4ger sin egen Ekolet-toalett kunnat koncentrera sig p\u00e5 n\u00e5got annat \u00e4n sin toalett. <\/p>\n<\/div>\n\n\n\n<div class=\"wp-block-column is-vertically-aligned-center\">\n<figure class=\"wp-block-image size-full _no_tint\"><img decoding=\"async\" src=\"https:\/\/ekolet.com\/wp-content\/uploads\/2021\/04\/Kuva_m\u00f6kki-saaressa.jpg\" alt=\"\" class=\"wp-image-16195\" style=\"object-fit:cover\"\/><\/figure>\n<\/div>\n<\/div>\n","protected":false},"excerpt":{"rendered":"<p>Ekolet \u00e4r ett 100% finskt, 100% familje\u00e4gt f\u00f6retag vars 100% komposterbara toaletter \u00e4r s\u00e5 bekymmersfria att de \u00e4r 0% bekymmer. V\u00e5r vision, v\u00e5rt uppdrag En bra toalett \u00e4r en viktig del av att kunna njuta av sin stuga D\u00e4rf\u00f6r m\u00e5ste den f\u00f6rst och fr\u00e4mst vara bekv\u00e4m och bekymmersfri att anv\u00e4nda. Luktfri, naturligtvis, men ocks\u00e5 inhemsk [&hellip;]<\/p>\n","protected":false},"author":9,"featured_media":0,"parent":0,"menu_order":0,"comment_status":"closed","ping_status":"closed","template":"page-no-bottom-margin.php","meta":{"footnotes":""},"class_list":["post-19437","page","type-page","status-publish","hentry"],"yoast_head":"<!-- This site is optimized with the Yoast SEO plugin v27.5 - https:\/\/yoast.com\/product\/yoast-seo-wordpress\/ -->\n<title>F\u00f6retag &#183; Ekolet<\/title>\n<meta name=\"description\" content=\"Ekolet \u00e4r ett 100% finskt, 100% familje\u00e4gt f\u00f6retag vars 100% komposterbara toaletter \u00e4r s\u00e5 bekymmersfria att de \u00e4r 0% bekymmer. V\u00e5r vision, v\u00e5rt uppdrag\" \/>\n<meta name=\"robots\" content=\"index, follow, max-snippet:-1, max-image-preview:large, max-video-preview:-1\" \/>\n<link rel=\"canonical\" href=\"https:\/\/ekolet.com\/sv\/foretag\/\" \/>\n<meta property=\"og:locale\" content=\"sv_SE\" \/>\n<meta property=\"og:type\" content=\"article\" \/>\n<meta property=\"og:title\" content=\"F\u00f6retag &#183; Ekolet\" \/>\n<meta property=\"og:description\" content=\"Ekolet \u00e4r ett 100% finskt, 100% familje\u00e4gt f\u00f6retag vars 100% komposterbara toaletter \u00e4r s\u00e5 bekymmersfria att de \u00e4r 0% bekymmer. V\u00e5r vision, v\u00e5rt uppdrag\" \/>\n<meta property=\"og:url\" content=\"https:\/\/ekolet.com\/sv\/foretag\/\" \/>\n<meta property=\"og:site_name\" content=\"Ekolet\" \/>\n<meta property=\"article:modified_time\" content=\"2025-02-18T12:34:41+00:00\" \/>\n<meta property=\"og:image\" content=\"https:\/\/ekolet.com\/wp-content\/uploads\/ekolet-og.png\" \/>\n\t<meta property=\"og:image:width\" content=\"1200\" \/>\n\t<meta property=\"og:image:height\" content=\"630\" \/>\n\t<meta property=\"og:image:type\" content=\"image\/png\" \/>\n<meta name=\"twitter:label1\" content=\"Ber\u00e4knad l\u00e4stid\" \/>\n\t<meta name=\"twitter:data1\" content=\"3 minuter\" \/>\n<script type=\"application\/ld+json\" class=\"yoast-schema-graph\">{\"@context\":\"https:\\\/\\\/schema.org\",\"@graph\":[{\"@type\":\"WebPage\",\"@id\":\"https:\\\/\\\/ekolet.com\\\/sv\\\/foretag\\\/\",\"url\":\"https:\\\/\\\/ekolet.com\\\/sv\\\/foretag\\\/\",\"name\":\"F\u00f6retag &#183; Ekolet\",\"isPartOf\":{\"@id\":\"https:\\\/\\\/ekolet.com\\\/sv\\\/#website\"},\"datePublished\":\"2024-05-17T13:33:23+00:00\",\"dateModified\":\"2025-02-18T12:34:41+00:00\",\"description\":\"Ekolet \u00e4r ett 100% finskt, 100% familje\u00e4gt f\u00f6retag vars 100% komposterbara toaletter \u00e4r s\u00e5 bekymmersfria att de \u00e4r 0% bekymmer. V\u00e5r vision, v\u00e5rt uppdrag\",\"breadcrumb\":{\"@id\":\"https:\\\/\\\/ekolet.com\\\/sv\\\/foretag\\\/#breadcrumb\"},\"inLanguage\":\"sv-SE\",\"potentialAction\":[{\"@type\":\"ReadAction\",\"target\":[\"https:\\\/\\\/ekolet.com\\\/sv\\\/foretag\\\/\"]}]},{\"@type\":\"BreadcrumbList\",\"@id\":\"https:\\\/\\\/ekolet.com\\\/sv\\\/foretag\\\/#breadcrumb\",\"itemListElement\":[{\"@type\":\"ListItem\",\"position\":1,\"name\":\"Home\",\"item\":\"https:\\\/\\\/ekolet.com\\\/sv\\\/\"},{\"@type\":\"ListItem\",\"position\":2,\"name\":\"F\u00f6retag\"}]},{\"@type\":\"WebSite\",\"@id\":\"https:\\\/\\\/ekolet.com\\\/sv\\\/#website\",\"url\":\"https:\\\/\\\/ekolet.com\\\/sv\\\/\",\"name\":\"Development\",\"description\":\"\",\"publisher\":{\"@id\":\"https:\\\/\\\/ekolet.com\\\/sv\\\/#organization\"},\"potentialAction\":[{\"@type\":\"SearchAction\",\"target\":{\"@type\":\"EntryPoint\",\"urlTemplate\":\"https:\\\/\\\/ekolet.com\\\/sv\\\/?s={search_term_string}\"},\"query-input\":{\"@type\":\"PropertyValueSpecification\",\"valueRequired\":true,\"valueName\":\"search_term_string\"}}],\"inLanguage\":\"sv-SE\"},{\"@type\":\"Organization\",\"@id\":\"https:\\\/\\\/ekolet.com\\\/sv\\\/#organization\",\"name\":\"Ekolet Oy\",\"url\":\"https:\\\/\\\/ekolet.com\\\/sv\\\/\",\"logo\":{\"@type\":\"ImageObject\",\"inLanguage\":\"sv-SE\",\"@id\":\"https:\\\/\\\/ekolet.com\\\/sv\\\/#\\\/schema\\\/logo\\\/image\\\/\",\"url\":\"https:\\\/\\\/ekolet.com\\\/wp-content\\\/uploads\\\/ekolet-og.png\",\"contentUrl\":\"https:\\\/\\\/ekolet.com\\\/wp-content\\\/uploads\\\/ekolet-og.png\",\"width\":1200,\"height\":630,\"caption\":\"Ekolet Oy\"},\"image\":{\"@id\":\"https:\\\/\\\/ekolet.com\\\/sv\\\/#\\\/schema\\\/logo\\\/image\\\/\"}}]}<\/script>\n<!-- \/ Yoast SEO plugin. -->","yoast_head_json":{"title":"F\u00f6retag &#183; Ekolet","description":"Ekolet \u00e4r ett 100% finskt, 100% familje\u00e4gt f\u00f6retag vars 100% komposterbara toaletter \u00e4r s\u00e5 bekymmersfria att de \u00e4r 0% bekymmer. V\u00e5r vision, v\u00e5rt uppdrag","robots":{"index":"index","follow":"follow","max-snippet":"max-snippet:-1","max-image-preview":"max-image-preview:large","max-video-preview":"max-video-preview:-1"},"canonical":"https:\/\/ekolet.com\/sv\/foretag\/","og_locale":"sv_SE","og_type":"article","og_title":"F\u00f6retag &#183; Ekolet","og_description":"Ekolet \u00e4r ett 100% finskt, 100% familje\u00e4gt f\u00f6retag vars 100% komposterbara toaletter \u00e4r s\u00e5 bekymmersfria att de \u00e4r 0% bekymmer. V\u00e5r vision, v\u00e5rt uppdrag","og_url":"https:\/\/ekolet.com\/sv\/foretag\/","og_site_name":"Ekolet","article_modified_time":"2025-02-18T12:34:41+00:00","og_image":[{"width":1200,"height":630,"url":"https:\/\/ekolet.com\/wp-content\/uploads\/ekolet-og.png","type":"image\/png"}],"twitter_misc":{"Ber\u00e4knad l\u00e4stid":"3 minuter"},"schema":{"@context":"https:\/\/schema.org","@graph":[{"@type":"WebPage","@id":"https:\/\/ekolet.com\/sv\/foretag\/","url":"https:\/\/ekolet.com\/sv\/foretag\/","name":"F\u00f6retag &#183; Ekolet","isPartOf":{"@id":"https:\/\/ekolet.com\/sv\/#website"},"datePublished":"2024-05-17T13:33:23+00:00","dateModified":"2025-02-18T12:34:41+00:00","description":"Ekolet \u00e4r ett 100% finskt, 100% familje\u00e4gt f\u00f6retag vars 100% komposterbara toaletter \u00e4r s\u00e5 bekymmersfria att de \u00e4r 0% bekymmer. V\u00e5r vision, v\u00e5rt uppdrag","breadcrumb":{"@id":"https:\/\/ekolet.com\/sv\/foretag\/#breadcrumb"},"inLanguage":"sv-SE","potentialAction":[{"@type":"ReadAction","target":["https:\/\/ekolet.com\/sv\/foretag\/"]}]},{"@type":"BreadcrumbList","@id":"https:\/\/ekolet.com\/sv\/foretag\/#breadcrumb","itemListElement":[{"@type":"ListItem","position":1,"name":"Home","item":"https:\/\/ekolet.com\/sv\/"},{"@type":"ListItem","position":2,"name":"F\u00f6retag"}]},{"@type":"WebSite","@id":"https:\/\/ekolet.com\/sv\/#website","url":"https:\/\/ekolet.com\/sv\/","name":"Development","description":"","publisher":{"@id":"https:\/\/ekolet.com\/sv\/#organization"},"potentialAction":[{"@type":"SearchAction","target":{"@type":"EntryPoint","urlTemplate":"https:\/\/ekolet.com\/sv\/?s={search_term_string}"},"query-input":{"@type":"PropertyValueSpecification","valueRequired":true,"valueName":"search_term_string"}}],"inLanguage":"sv-SE"},{"@type":"Organization","@id":"https:\/\/ekolet.com\/sv\/#organization","name":"Ekolet Oy","url":"https:\/\/ekolet.com\/sv\/","logo":{"@type":"ImageObject","inLanguage":"sv-SE","@id":"https:\/\/ekolet.com\/sv\/#\/schema\/logo\/image\/","url":"https:\/\/ekolet.com\/wp-content\/uploads\/ekolet-og.png","contentUrl":"https:\/\/ekolet.com\/wp-content\/uploads\/ekolet-og.png","width":1200,"height":630,"caption":"Ekolet Oy"},"image":{"@id":"https:\/\/ekolet.com\/sv\/#\/schema\/logo\/image\/"}}]}},"_links":{"self":[{"href":"https:\/\/ekolet.com\/sv\/wp-json\/wp\/v2\/pages\/19437","targetHints":{"allow":["GET"]}}],"collection":[{"href":"https:\/\/ekolet.com\/sv\/wp-json\/wp\/v2\/pages"}],"about":[{"href":"https:\/\/ekolet.com\/sv\/wp-json\/wp\/v2\/types\/page"}],"author":[{"embeddable":true,"href":"https:\/\/ekolet.com\/sv\/wp-json\/wp\/v2\/users\/9"}],"replies":[{"embeddable":true,"href":"https:\/\/ekolet.com\/sv\/wp-json\/wp\/v2\/comments?post=19437"}],"version-history":[{"count":0,"href":"https:\/\/ekolet.com\/sv\/wp-json\/wp\/v2\/pages\/19437\/revisions"}],"wp:attachment":[{"href":"https:\/\/ekolet.com\/sv\/wp-json\/wp\/v2\/media?parent=19437"}],"curies":[{"name":"wp","href":"https:\/\/api.w.org\/{rel}","templated":true}]}}