{"id":19801,"date":"2013-10-06T05:05:28","date_gmt":"2013-10-06T02:05:28","guid":{"rendered":"https:\/\/ekolet.hahmode.zoner.dev\/?page_id=19801"},"modified":"2025-02-07T12:53:18","modified_gmt":"2025-02-07T09:53:18","slug":"kompostanalyser","status":"publish","type":"page","link":"https:\/\/ekolet.com\/sv\/kompostanalyser\/","title":{"rendered":"Kompostanalyser"},"content":{"rendered":"\n<p class=\"_lead\">Kompost Ekolet fyra fack modeller \u00e4r v\u00e4l nedbruten. M\u00e4ngden kolibakterier \u00e4r mycket liten dvs. skadliga (sjukdomsalstrande) mikroorganismer har f\u00f6rst\u00f6rts i komposteringsskedet. Komposten inneh\u00e5ller f\u00f6rh\u00e5llandevis mycket kv\u00e4ve och fosfor som \u00e4r enkla att ta upp f\u00f6r v\u00e4xterna och l\u00e4mpar sig bra som organisk g\u00f6dsel.<\/p>\n\n\n\n<hr class=\"wp-block-separator has-alpha-channel-opacity\"\/>\n\n\n\n<p><strong>C 27,0%<br>N 2,6%<br>NH4-N 0,2%<br>NO3-N 0,7%<br>P 1,9%<br>K 1,8%<br>Mg 0,8%<br>Ph 6,6<\/strong><\/p>\n\n\n\n<p><strong>Koliform bakt. 35\u00b0C:<\/strong> &lt; 1 per gram<\/p>\n\n\n\n<p><strong>E. coli:<\/strong> &lt; 1 per gram<\/p>\n\n\n\n<p><strong>Salmonella<\/strong>: None<br><strong>Torrsubstanshalt:<\/strong> 30,0%<\/p>\n\n\n\n<p><b>P\u00e5 basen av laboratorieanalyser avskiljer Ekolet mulltoa f\u00f6ljande \u00e4mnen fr\u00e5n avloppsvattnet:<\/b><\/p>\n\n\n\n<ul class=\"wp-block-list\">\n<li>Organiska \u00e4mnen, BHK7 (Biologisk syreupptagning) 95 % (rester 1,0 g\/person\/dygn)<\/li>\n\n\n\n<li>Fosfor, P 73 % (rester 0,6 g\/person\/dygn)<\/li>\n\n\n\n<li>Kv\u00e4ve, N 87 % (rester 1,7 g\/person\/dygn)<\/li>\n\n\n\n<li>I v\u00e4tskan som leds ut finns inte l\u00e4ngre n\u00e5gra skadliga m\u00e4ngder fekala och koliforma bakterier.<\/li>\n<\/ul>\n\n\n\n<h2 class=\"wp-block-heading\">Mer detaljerad information<\/h2>\n\n\n\n<p>Ekolets komposterande toalett \u00e4r en patentskyddad produkt d\u00e4r patentet \u00e4ven inbegriper sj\u00e4lva reningsprocessen. Med tanke p\u00e5 komposteringen av fasta \u00e4mnen \u00e4r det v\u00e4sentligt att v\u00e4tska inf\u00f6rs och sedan utg\u00e5r ur det fasta \u00e4mnet. D\u00e5 beh\u00f6vs inga tillsatser. \u00c5 andra sidan l\u00e5ter den filtrerande bottnen fuktig och syresatt luft fl\u00f6da in i det fasta \u00e4mnet under mognadsfasen. En bra syref\u00f6rs\u00f6rjning, r\u00e4tt fuktighetsgrad och en tillr\u00e4cklig mognadstid garanterar en mogen kompost n\u00e4r det \u00e4ldsta kompostfacket beh\u00f6ver t\u00f6mmas f\u00f6r ny p\u00e5fyllning. T\u00f6mning sker vanligtvis bara efter tre \u00e5r (ett fack av fyra anv\u00e4nds per \u00e5r). Om man f\u00f6rvarade det fasta \u00e4mnet i en sluten tank eller om nytt avfall st\u00e4ndigt fl\u00f6dade in skulle n\u00e5gon motsvarande kompostering inte \u00e4ga rum.<\/p>\n\n\n\n<p>Laboratorieanalyserna f\u00f6r det fasta avfall som tagits ur Ekolets komposterare (normalt bruk) utf\u00f6rdes vid Statens lantbrukskemiska laboratorium i Finland och i Sverige. Officiella laboratorieutl\u00e5tanden finns att tillg\u00e5. Det finns totalt fyra analyser.<\/p>\n\n\n\n<p>Den v\u00e4tska som flutit genom fast avloppsavfall och sedan filtrerats bort har avgett fosfor och upptagit rikligt med mikrober. Ren urin inneh\u00e5ller inte dessa mikrober som beh\u00f6vs f\u00f6r reningen. Processen f\u00f6r v\u00e4tskerening b\u00f6rjar i en platt, filtrerande botten och n\u00e4ra den. Efter filtreringen droppar v\u00e4tskan ner p\u00e5 en platt v\u00e4tskeplatta d\u00e4r den syres\u00e4tts och st\u00e5r. Efter detta droppar v\u00e4tskan vidare ner p\u00e5 en platt v\u00e4tskebotten d\u00e4r den ytterligare syresatta v\u00e4tskans reningsprocess forts\u00e4tter. I modellen som \u00e4r \u00e4mnad f\u00f6r bruk \u00e5ret runt, Ekolet Aino (YV), finns ist\u00e4llet f\u00f6r v\u00e4tskeplattan en vid uppr\u00e4ttst\u00e5ende filtreringsduk. Inuti duken rinner v\u00e4tskan l\u00e5ngsamt ner i v\u00e4tsketanken alltmedan den syres\u00e4tts och renas. I de n\u00e4mnda processerna f\u00e5r den mikrobhaltiga v\u00e4tskan rikligt med syre och ibland \u00e4ven syrebrist, blandas med den \u00e4ldre v\u00e4tskan och slammet och renas d\u00e4rmed biologiskt under processens g\u00e5ng. Om v\u00e4tskan skulle flyta direkt in i v\u00e4tsketanken skulle n\u00e5gon motsvarande rening inte \u00e4ga rum.<\/p>\n\n\n\n<p>M\u00e4ngden utloppsv\u00e4tska fr\u00e5n utloppet p\u00e5 Ekolets komposterare (normalt bruk) har uppm\u00e4tts och analyser genomf\u00f6rts vid flera auktoriserade vattenlaboratorier. Man har fastst\u00e4llt f\u00f6ljande i v\u00e4tskorna: pH, BOD7 +ATU, CODcr, Kv\u00e4ve totalt, Fosfor totalt, Ammoniak, Fekala koliforma bakterier (44,5\u00baC). Analyserna genomf\u00f6rdes i enlighet med allm\u00e4nt anv\u00e4nda standarder. Det finns officiella laboratorieutl\u00e5tanden \u00f6ver alla resultat och bl.a. de anv\u00e4nda standarderna framg\u00e5r ur dem. Flera tiotals prover har blivit unders\u00f6kta.<\/p>\n\n\n\n<p>De ovan n\u00e4mnda analyserna finns refererade p\u00e5 v\u00e5ra internetsidor (www.ekolet.com) genom en referens till den kvarblivna m\u00e4ngden f\u00f6roreningar per anv\u00e4ndare och dygn i utloppsv\u00e4tskan (resthalt\/person\/dygn).<\/p>\n\n\n\n<p>Man har uppn\u00e5tt halten f\u00f6r avl\u00e4gsnade f\u00f6roreningar (reningseffektivitet) genom att j\u00e4mf\u00f6ra de ovan n\u00e4mnda laboratorieanalyserna av v\u00e4tskor med egenskaperna hos orenat toalettavfall.<\/p>\n\n\n\n<p>Vi har p\u00e5 v\u00e5ra internetsidor n\u00f6jt oss med ett sammandrag av laboratorieproverna. Vi ger g\u00e4rna detaljerad information till dem som vill ha den, bl.a. laboratorieanalyserna och utl\u00e5tandena. Alla proverna togs fr\u00e5n Ekolets komposterare som var i normalt bruk s\u00e5 proverna och de uppn\u00e5dda resultaten kan repeteras.<\/p>\n\n\n\n<p>Vi har h\u00f6rt oss f\u00f6r hos de centrala tillverkarna av reningsverk f\u00f6r gr\u00e5vatten om reningsresultatet i deras reningssystem f\u00f6r gr\u00e5vatten p\u00e5verkas negativt eller rentav tar skada av att man tills\u00e4tter f\u00f6rrenad br\u00e4ddv\u00e4tska med ovan n\u00e4mnda resthalter fr\u00e5n Ekolets toalett i gr\u00e5vattnet (n\u00e5gra liter per dygn i droppform). Representanter f\u00f6r tillverkarna har svarat att reng\u00f6ringen inte p\u00e5verkas negativt. Slutresultatet uppfyller kraven \u00e4ven i en str\u00e4ng lagstiftning under f\u00f6ruts\u00e4ttning att kvaliteten p\u00e5 utloppsv\u00e4tskan vid behov kan kontrolleras. P\u00e5 grund av detta t\u00f6rs vi rekommendera en fortsatt hantering av utloppsv\u00e4tskan fr\u00e5n Ekolets toaletter med bostadens gr\u00e5vatten.<\/p>\n\n\n\n<p>P\u00e5 s\u00e5 vis tycker vi att man uppn\u00e5r m\u00e4rkbara milj\u00f6inbesparningar d\u00e5 man slipper transportruljansen med tunga tankbilar och de v\u00e4gar, den utrustning och de energikostnader det inneb\u00e4r. \u00c4ven f\u00f6r milj\u00f6n \u00e4r Ekolet en driftss\u00e4ker produkt eftersom komposteringen och v\u00e4tskereningen \u00e4nda till slutet sker inne i komposteraren, utan tillsatser eller behov av externa arbeten. Anv\u00e4ndaren kan inte f\u00f6rsumma efterkomposteringen, hanteringen av utloppsv\u00e4tskan eller doseringen av tillsatser. Ekolet \u00e4r tillverkad av \u00e5tervinningsmaterial och har designats f\u00f6r att h\u00e5lla i decennier.<\/p>\n\n\n\n<p>Det ovan n\u00e4mnda g\u00e4ller som jag sa i b\u00f6rjan enbart egenskaperna och den fortsatta hanteringen av det fasta \u00e4mne och den v\u00e4tska som kommer fr\u00e5n en Ekolet.<\/p>\n\n\n\n<h2 class=\"wp-block-heading\">Belastningsber\u00e4kning<\/h2>\n\n\n\n<p>Allt avloppsvatten fr\u00e5n hush\u00e5llet vid anv\u00e4ndning av Ekolet fyrkompostkomposttoalett d\u00e4r utkommande v\u00e4tska leds till hush\u00e5llets gr\u00e5vattenbehandlingssystem. Ladda enligt instruktioner: Ekolet Anna (YV) \u00e5ret runt f\u00f6r 6 personer\/dag och Ekolet Aino (VS) f\u00f6r 4 personer\/dag under tv\u00e5 sommarm\u00e5nader<\/p>\n\n\n\n<figure class=\"wp-block-table\"><table class=\"has-fixed-layout\"><tbody><tr><td><strong>Inkommande till systemet<\/strong><\/td><td><strong>Organiskt \u00e4mne g\/pers\/dygn<\/strong><\/td><td><strong>Fosfor g\/pers\/dygn<\/strong><\/td><td><strong>Kv\u00e4v g\/pers\/dygn<\/strong><\/td><\/tr><tr><td>Avf\u00f6ring<\/td><td>15 (30%)<\/td><td>0,6 (30%)<\/td><td>1,5 (10%)<\/td><\/tr><tr><td>Urin<\/td><td>5 (10%)<\/td><td>1,2 (50%)<\/td><td>11,5 (80%)<\/td><\/tr><tr><td>Annat (tv\u00e4ttvatten)<\/td><td>30 (60%)<\/td><td>0,4 (20%)<\/td><td>1 (10%)<\/td><\/tr><tr><td>Totalt<\/td><td>50 (100%)<\/td><td>2,2 (100%)<\/td><td>14 (100%)<\/td><\/tr><tr><td><\/td><td><\/td><td><\/td><td><\/td><\/tr><tr><td><strong>Komposten eliminerar<\/strong><\/td><td>20 (40%)<\/td><td>1,2 (55%)<\/td><td>11,3 (93%)<\/td><\/tr><tr><td><strong>Slamavskiljaren och buskrenings-verket eliminerar<\/strong><\/td><td>25 (50%)<\/td><td>0,6 (45%)<\/td><td>2,0 (5%)<\/td><\/tr><tr><td><\/td><td><\/td><td><\/td><td><\/td><\/tr><tr><td><strong>Blir kvar efter systemet<\/strong><\/td><td>2,5 (5%)<\/td><td>0,4 (20%)<\/td><td>0,7 (2%)<\/td><\/tr><tr><td><strong>Normm\u00e4ssigt tilll\u00e5ten *<\/strong><\/td><td>10 (20%)<\/td><td>0,66 (30%)<\/td><td>9,8 (70%)<\/td><\/tr><tr><td><\/td><td><\/td><td><\/td><td><\/td><\/tr><tr><td><strong>Systemet eliminerar<\/strong><\/td><td>48 (95%)<\/td><td>1,76 (80%)<\/td><td>13,3 (98%)<\/td><\/tr><tr><td><strong>Normm\u00e4ssigt reningskrav *<\/strong><\/td><td>45 (&gt; 80%)<\/td><td>1,54 (&gt; 70%)<\/td><td>5,6 (&gt; 30%)<\/td><\/tr><\/tbody><\/table><\/figure>\n\n\n\n<p class=\"_small\"><strong>*<\/strong> I m\u00e5nga EU-l\u00e4nderna<\/p>\n\n\n\n<div style=\"height:28px\" aria-hidden=\"true\" class=\"wp-block-spacer\"><\/div>\n\n\n\n<p>Om det \u00e4r ett rimligt belagt fritidshus, \u00e4r ett alternativ till anv\u00e4ndningen av ovan n\u00e4mnda gr\u00e5vattenreningssystem att infiltrera den naturligt renade utkommande v\u00e4tskan fr\u00e5n Ekolet-toaletten direkt till v\u00e4xterna eller buskarna i marken.<\/p>\n","protected":false},"excerpt":{"rendered":"<p>Kompost Ekolet fyra fack modeller \u00e4r v\u00e4l nedbruten. M\u00e4ngden kolibakterier \u00e4r mycket liten dvs. skadliga (sjukdomsalstrande) mikroorganismer har f\u00f6rst\u00f6rts i komposteringsskedet. Komposten inneh\u00e5ller f\u00f6rh\u00e5llandevis mycket kv\u00e4ve och fosfor som \u00e4r enkla att ta upp f\u00f6r v\u00e4xterna och l\u00e4mpar sig bra som organisk g\u00f6dsel. C 27,0%N 2,6%NH4-N 0,2%NO3-N 0,7%P 1,9%K 1,8%Mg 0,8%Ph 6,6 Koliform bakt. 35\u00b0C: [&hellip;]<\/p>\n","protected":false},"author":2,"featured_media":0,"parent":0,"menu_order":0,"comment_status":"closed","ping_status":"closed","template":"","meta":{"footnotes":""},"class_list":["post-19801","page","type-page","status-publish","hentry"],"yoast_head":"<!-- This site is optimized with the Yoast SEO plugin v27.4 - https:\/\/yoast.com\/product\/yoast-seo-wordpress\/ -->\n<title>Kompostanalyser &#183; Ekolet<\/title>\n<meta name=\"description\" content=\"Kompost Ekolet fyra fack modeller \u00e4r v\u00e4l nedbruten. M\u00e4ngden kolibakterier \u00e4r mycket liten dvs. skadliga (sjukdomsalstrande) mikroorganismer har f\u00f6rst\u00f6rts\" \/>\n<meta name=\"robots\" content=\"index, follow, max-snippet:-1, max-image-preview:large, max-video-preview:-1\" \/>\n<link rel=\"canonical\" href=\"https:\/\/ekolet.com\/sv\/kompostanalyser\/\" \/>\n<meta property=\"og:locale\" content=\"sv_SE\" \/>\n<meta property=\"og:type\" content=\"article\" \/>\n<meta property=\"og:title\" content=\"Kompostanalyser &#183; Ekolet\" \/>\n<meta property=\"og:description\" content=\"Kompost Ekolet fyra fack modeller \u00e4r v\u00e4l nedbruten. M\u00e4ngden kolibakterier \u00e4r mycket liten dvs. skadliga (sjukdomsalstrande) mikroorganismer har f\u00f6rst\u00f6rts\" \/>\n<meta property=\"og:url\" content=\"https:\/\/ekolet.com\/sv\/kompostanalyser\/\" \/>\n<meta property=\"og:site_name\" content=\"Ekolet\" \/>\n<meta property=\"article:modified_time\" content=\"2025-02-07T09:53:18+00:00\" \/>\n<meta property=\"og:image\" content=\"https:\/\/ekolet.com\/wp-content\/uploads\/ekolet-og.png\" \/>\n\t<meta property=\"og:image:width\" content=\"1200\" \/>\n\t<meta property=\"og:image:height\" content=\"630\" \/>\n\t<meta property=\"og:image:type\" content=\"image\/png\" \/>\n<meta name=\"twitter:label1\" content=\"Ber\u00e4knad l\u00e4stid\" \/>\n\t<meta name=\"twitter:data1\" content=\"5 minuter\" \/>\n<script type=\"application\/ld+json\" class=\"yoast-schema-graph\">{\"@context\":\"https:\\\/\\\/schema.org\",\"@graph\":[{\"@type\":\"WebPage\",\"@id\":\"https:\\\/\\\/ekolet.com\\\/sv\\\/kompostanalyser\\\/\",\"url\":\"https:\\\/\\\/ekolet.com\\\/sv\\\/kompostanalyser\\\/\",\"name\":\"Kompostanalyser &#183; Ekolet\",\"isPartOf\":{\"@id\":\"https:\\\/\\\/ekolet.com\\\/sv\\\/#website\"},\"datePublished\":\"2013-10-06T02:05:28+00:00\",\"dateModified\":\"2025-02-07T09:53:18+00:00\",\"description\":\"Kompost Ekolet fyra fack modeller \u00e4r v\u00e4l nedbruten. M\u00e4ngden kolibakterier \u00e4r mycket liten dvs. skadliga (sjukdomsalstrande) mikroorganismer har f\u00f6rst\u00f6rts\",\"breadcrumb\":{\"@id\":\"https:\\\/\\\/ekolet.com\\\/sv\\\/kompostanalyser\\\/#breadcrumb\"},\"inLanguage\":\"sv-SE\",\"potentialAction\":[{\"@type\":\"ReadAction\",\"target\":[\"https:\\\/\\\/ekolet.com\\\/sv\\\/kompostanalyser\\\/\"]}]},{\"@type\":\"BreadcrumbList\",\"@id\":\"https:\\\/\\\/ekolet.com\\\/sv\\\/kompostanalyser\\\/#breadcrumb\",\"itemListElement\":[{\"@type\":\"ListItem\",\"position\":1,\"name\":\"Home\",\"item\":\"https:\\\/\\\/ekolet.com\\\/sv\\\/\"},{\"@type\":\"ListItem\",\"position\":2,\"name\":\"Kompostanalyser\"}]},{\"@type\":\"WebSite\",\"@id\":\"https:\\\/\\\/ekolet.com\\\/sv\\\/#website\",\"url\":\"https:\\\/\\\/ekolet.com\\\/sv\\\/\",\"name\":\"Development\",\"description\":\"\",\"publisher\":{\"@id\":\"https:\\\/\\\/ekolet.com\\\/sv\\\/#organization\"},\"potentialAction\":[{\"@type\":\"SearchAction\",\"target\":{\"@type\":\"EntryPoint\",\"urlTemplate\":\"https:\\\/\\\/ekolet.com\\\/sv\\\/?s={search_term_string}\"},\"query-input\":{\"@type\":\"PropertyValueSpecification\",\"valueRequired\":true,\"valueName\":\"search_term_string\"}}],\"inLanguage\":\"sv-SE\"},{\"@type\":\"Organization\",\"@id\":\"https:\\\/\\\/ekolet.com\\\/sv\\\/#organization\",\"name\":\"Ekolet Oy\",\"url\":\"https:\\\/\\\/ekolet.com\\\/sv\\\/\",\"logo\":{\"@type\":\"ImageObject\",\"inLanguage\":\"sv-SE\",\"@id\":\"https:\\\/\\\/ekolet.com\\\/sv\\\/#\\\/schema\\\/logo\\\/image\\\/\",\"url\":\"https:\\\/\\\/ekolet.com\\\/wp-content\\\/uploads\\\/ekolet-og.png\",\"contentUrl\":\"https:\\\/\\\/ekolet.com\\\/wp-content\\\/uploads\\\/ekolet-og.png\",\"width\":1200,\"height\":630,\"caption\":\"Ekolet Oy\"},\"image\":{\"@id\":\"https:\\\/\\\/ekolet.com\\\/sv\\\/#\\\/schema\\\/logo\\\/image\\\/\"}}]}<\/script>\n<!-- \/ Yoast SEO plugin. -->","yoast_head_json":{"title":"Kompostanalyser &#183; Ekolet","description":"Kompost Ekolet fyra fack modeller \u00e4r v\u00e4l nedbruten. M\u00e4ngden kolibakterier \u00e4r mycket liten dvs. skadliga (sjukdomsalstrande) mikroorganismer har f\u00f6rst\u00f6rts","robots":{"index":"index","follow":"follow","max-snippet":"max-snippet:-1","max-image-preview":"max-image-preview:large","max-video-preview":"max-video-preview:-1"},"canonical":"https:\/\/ekolet.com\/sv\/kompostanalyser\/","og_locale":"sv_SE","og_type":"article","og_title":"Kompostanalyser &#183; Ekolet","og_description":"Kompost Ekolet fyra fack modeller \u00e4r v\u00e4l nedbruten. M\u00e4ngden kolibakterier \u00e4r mycket liten dvs. skadliga (sjukdomsalstrande) mikroorganismer har f\u00f6rst\u00f6rts","og_url":"https:\/\/ekolet.com\/sv\/kompostanalyser\/","og_site_name":"Ekolet","article_modified_time":"2025-02-07T09:53:18+00:00","og_image":[{"width":1200,"height":630,"url":"https:\/\/ekolet.com\/wp-content\/uploads\/ekolet-og.png","type":"image\/png"}],"twitter_misc":{"Ber\u00e4knad l\u00e4stid":"5 minuter"},"schema":{"@context":"https:\/\/schema.org","@graph":[{"@type":"WebPage","@id":"https:\/\/ekolet.com\/sv\/kompostanalyser\/","url":"https:\/\/ekolet.com\/sv\/kompostanalyser\/","name":"Kompostanalyser &#183; Ekolet","isPartOf":{"@id":"https:\/\/ekolet.com\/sv\/#website"},"datePublished":"2013-10-06T02:05:28+00:00","dateModified":"2025-02-07T09:53:18+00:00","description":"Kompost Ekolet fyra fack modeller \u00e4r v\u00e4l nedbruten. M\u00e4ngden kolibakterier \u00e4r mycket liten dvs. skadliga (sjukdomsalstrande) mikroorganismer har f\u00f6rst\u00f6rts","breadcrumb":{"@id":"https:\/\/ekolet.com\/sv\/kompostanalyser\/#breadcrumb"},"inLanguage":"sv-SE","potentialAction":[{"@type":"ReadAction","target":["https:\/\/ekolet.com\/sv\/kompostanalyser\/"]}]},{"@type":"BreadcrumbList","@id":"https:\/\/ekolet.com\/sv\/kompostanalyser\/#breadcrumb","itemListElement":[{"@type":"ListItem","position":1,"name":"Home","item":"https:\/\/ekolet.com\/sv\/"},{"@type":"ListItem","position":2,"name":"Kompostanalyser"}]},{"@type":"WebSite","@id":"https:\/\/ekolet.com\/sv\/#website","url":"https:\/\/ekolet.com\/sv\/","name":"Development","description":"","publisher":{"@id":"https:\/\/ekolet.com\/sv\/#organization"},"potentialAction":[{"@type":"SearchAction","target":{"@type":"EntryPoint","urlTemplate":"https:\/\/ekolet.com\/sv\/?s={search_term_string}"},"query-input":{"@type":"PropertyValueSpecification","valueRequired":true,"valueName":"search_term_string"}}],"inLanguage":"sv-SE"},{"@type":"Organization","@id":"https:\/\/ekolet.com\/sv\/#organization","name":"Ekolet Oy","url":"https:\/\/ekolet.com\/sv\/","logo":{"@type":"ImageObject","inLanguage":"sv-SE","@id":"https:\/\/ekolet.com\/sv\/#\/schema\/logo\/image\/","url":"https:\/\/ekolet.com\/wp-content\/uploads\/ekolet-og.png","contentUrl":"https:\/\/ekolet.com\/wp-content\/uploads\/ekolet-og.png","width":1200,"height":630,"caption":"Ekolet Oy"},"image":{"@id":"https:\/\/ekolet.com\/sv\/#\/schema\/logo\/image\/"}}]}},"_links":{"self":[{"href":"https:\/\/ekolet.com\/sv\/wp-json\/wp\/v2\/pages\/19801","targetHints":{"allow":["GET"]}}],"collection":[{"href":"https:\/\/ekolet.com\/sv\/wp-json\/wp\/v2\/pages"}],"about":[{"href":"https:\/\/ekolet.com\/sv\/wp-json\/wp\/v2\/types\/page"}],"author":[{"embeddable":true,"href":"https:\/\/ekolet.com\/sv\/wp-json\/wp\/v2\/users\/2"}],"replies":[{"embeddable":true,"href":"https:\/\/ekolet.com\/sv\/wp-json\/wp\/v2\/comments?post=19801"}],"version-history":[{"count":0,"href":"https:\/\/ekolet.com\/sv\/wp-json\/wp\/v2\/pages\/19801\/revisions"}],"wp:attachment":[{"href":"https:\/\/ekolet.com\/sv\/wp-json\/wp\/v2\/media?parent=19801"}],"curies":[{"name":"wp","href":"https:\/\/api.w.org\/{rel}","templated":true}]}}