{"id":19363,"date":"2024-04-15T13:28:00","date_gmt":"2013-10-15T13:28:06","guid":{"rendered":"https:\/\/ekolet.hahmode.zoner.dev\/product\/ekolet-oiva-uthus\/"},"modified":"2026-05-01T18:47:52","modified_gmt":"2026-05-01T15:47:52","slug":"ekolet-oiva-och-uthus","status":"publish","type":"product","link":"https:\/\/ekolet.com\/sv\/produkt\/ekolet-oiva-och-uthus\/","title":{"rendered":"Ekolet Oiva komposterande toalett &amp; uthus"},"content":{"rendered":"\n<div class=\"wp-block-columns\">\n<div class=\"wp-block-column _tabs\">\n<div class=\"wp-block-columns _tab_menu\">\n<div class=\"wp-block-column\">\n<h6 class=\"wp-block-heading _current\"><a href=\"#info-1\">Beskrivning<\/a><\/h6>\n<\/div>\n\n\n\n<div class=\"wp-block-column\">\n<h6 class=\"wp-block-heading\"><a href=\"#info-2\">Tekniska specifikationer<\/a><\/h6>\n<\/div>\n\n\n\n<div class=\"wp-block-column\">\n<h6 class=\"wp-block-heading\"><a href=\"#info-3\">Instruktioner<\/a><\/h6>\n<\/div>\n\n\n\n<div class=\"wp-block-column\">\n<h6 class=\"wp-block-heading\"><a href=\"#info-4\">Leverans<\/a><\/h6>\n<\/div>\n<\/div>\n\n\n\n<div class=\"wp-block-columns _tab _current\" id=\"info-1\">\n<div class=\"wp-block-column\" style=\"flex-basis:66.66%\">\n<h2 class=\"wp-block-heading\">Ett paket som \u00e4r l\u00e4tt att montera<\/h2>\n\n\n\n<p>Delarna levereras som tr\u00e4element, s\u00e5 det g\u00e5r snabbt och enkelt att montera toalettblocket. Den nedre delen med trappan \u00e4r tillverkad av tryckbehandlat tr\u00e4, vilket garanterar en l\u00e5ng livsl\u00e4ngd f\u00f6r byggnaden.<\/p>\n\n\n\n<h3 class=\"wp-block-heading\">Komplett leveransinneh\u00e5ll<\/h3>\n\n\n\n<ul class=\"wp-block-list\">\n<li>Golv- och v\u00e4ggelement med r\u00e4tt \u00f6ppningar<\/li>\n\n\n\n<li>Takelement med f\u00f6rmonterad grafitsvart takpapp<\/li>\n\n\n\n<li>Tryckimpregnerad underdel med trappsteg<\/li>\n\n\n\n<li>Ventilationsr\u00f6r med \u00f6vre del med n\u00e4t f\u00f6r insekter<\/li>\n\n\n\n<li>Alla skruvar och f\u00e4stelement som beh\u00f6vs f\u00f6r montering<\/li>\n\n\n\n<li>Mycket tydliga installationsinstruktioner (+ l\u00e4nk till installationsvideo)<\/li>\n\n\n\n<li>Ekolet Oiva toalett med Ekolet termosits och alla andra n\u00f6dv\u00e4ndiga delar<\/li>\n<\/ul>\n\n\n<a class='_link_to _minimal _margin' href='\/sv\/produkt\/ekolet-oiva\/' target='_self'>\t\n\t<svg class='_arrow_right' viewBox='0 0 40 40'>\t\n\t\t<path d='m21.4 10.6 10 10.2-10 10'\/>\n\t<\/svg>\n\t<span>Ekolet Oiva info<\/span>\t\t\n<\/a>\n\n\n\n<p class=\"product woocommerce add_to_cart_inline \" style=\"border:4px solid #ccc; padding: 12px;\"><a href=\"\/sv\/wp-json\/wp\/v2\/product\/19363?add-to-cart=5692\" aria-describedby=\"woocommerce_loop_add_to_cart_link_describedby_5692\" data-quantity=\"1\" class=\"button product_type_simple add_to_cart_button ajax_add_to_cart\" data-product_id=\"5692\" data-product_sku=\"\" aria-label=\"L\u00e4gg till i varukorgen: \u201dEkolet Oiva &amp; ulkorakennus\u201d\" rel=\"nofollow\" data-success_message=\"&quot;Ekolet Oiva &amp; ulkorakennus&quot; har lagts till i din varukorg\">L\u00e4gg till i varukorg<\/a>\t<span id=\"woocommerce_loop_add_to_cart_link_describedby_5692\" class=\"screen-reader-text\">\n\t\t\t<\/span>\n<\/p>\n<\/div>\n\n\n\n<div class=\"wp-block-column\" style=\"flex-basis:33.33%\"><\/div>\n<\/div>\n\n\n\n<div class=\"wp-block-columns _tab\" id=\"info-2\">\n<div class=\"wp-block-column\" style=\"flex-basis:100%\">\n<h2 class=\"wp-block-heading\">Tekniska specifikationer f\u00f6r uthus<\/h2>\n\n\n\n<ul class=\"wp-block-list\">\n<li>Byggnadens ytterm\u00e5tt 1,30 m \u00d7 1,20 m<\/li>\n\n\n\n<li>Rumsh\u00f6jd 2,10 m<\/li>\n\n\n\n<li>D\u00f6rr\u00f6ppningens h\u00f6jd 180 cm.\nFr\u00e5n det \u00f6versta trappsteget till d\u00f6rr\u00f6ppningens \u00f6verkant \u00e4r det ca.\n195 cm.  <\/li>\n\n\n\n<li>Bekl\u00e4dnadsskivan som anv\u00e4nds i byggnaden \u00e4r 20 mm tjock och den nedre delen \u00e4r tillverkad av 45 mm x 145 mm tryckbehandlat tr\u00e4.<\/li>\n\n\n\n<li>F\u00f6rpackningsstorlek L 1230 mm, P 2400 mm, H 900 mm (med pall)<\/li>\n\n\n\n<li>Vikt 290 kg (med pall)<\/li>\n<\/ul>\n\n\n\n<p>Tv\u00e5 personer kan enkelt b\u00e4ra delar av byggnaden p\u00e5 plats.\nDe st\u00f6rsta enskilda komponenterna \u00e4r v\u00e4ggelementen, som v\u00e4ger cirka 25 kg.\nProdukten kan d\u00e4rf\u00f6r transporteras i delar, till och med till en \u00f6 i en roddb\u00e5t.\nObservera att grundl\u00e4ggning eller m\u00e5lningsutrustning inte ing\u00e5r i paketet.   <\/p>\n\n\n\n<p>Leveranspaketet \u00e4r plastat och i princip f\u00f6rpackat f\u00f6r att vara v\u00e4derbest\u00e4ndigt.\nOm det o\u00f6ppnade paketet ska f\u00f6rvaras under en l\u00e4ngre tid b\u00f6r det skyddas ytterligare mot regn. <\/p>\n\n\n<a class='_link_to _minimal _margin' href='\/sv\/produkt\/ekolet-oiva\/?info-2' target='_self'>\t\n\t<svg class='_arrow_right' viewBox='0 0 40 40'>\t\n\t\t<path d='m21.4 10.6 10 10.2-10 10'\/>\n\t<\/svg>\n\t<span>Tekniska specifikationer f\u00f6r Ekolet Oiva<\/span>\t\t\n<\/a>\n\n\n\n\n<figure class=\"wp-block-image size-large\"><img loading=\"lazy\" decoding=\"async\" width=\"892\" height=\"1024\" src=\"https:\/\/ekolet.com\/wp-content\/uploads\/oiva-rakennus-mittakuva-edesta-1-892x1024.jpg\" alt=\"\" class=\"wp-image-18731\"\/><\/figure>\n\n\n\n<figure class=\"wp-block-image size-large\"><img loading=\"lazy\" decoding=\"async\" width=\"894\" height=\"1024\" src=\"https:\/\/ekolet.com\/wp-content\/uploads\/oiva-rakennus-mittakuva-sivulta-1-894x1024.jpg\" alt=\"\" class=\"wp-image-18730\"\/><\/figure>\n\n\n\n<figure class=\"wp-block-image size-large\"><img loading=\"lazy\" decoding=\"async\" width=\"896\" height=\"1024\" src=\"https:\/\/ekolet.com\/wp-content\/uploads\/oiva-rakennus-mittakuva-takaa-1-896x1024.jpg\" alt=\"\" class=\"wp-image-18729\"\/><\/figure>\n\n\n\n<figure class=\"wp-block-image size-large\"><img loading=\"lazy\" decoding=\"async\" width=\"894\" height=\"1024\" src=\"https:\/\/ekolet.com\/wp-content\/uploads\/oiva-rakennus-perustusehdotus-betonilaatalla-1-894x1024.jpg\" alt=\"\" class=\"wp-image-18728\"\/><\/figure>\n\n\n\n<figure class=\"wp-block-image size-large\"><img loading=\"lazy\" decoding=\"async\" width=\"896\" height=\"1024\" src=\"https:\/\/ekolet.com\/wp-content\/uploads\/oiva-rakennus-perustusehdotus-laatoilla-1-896x1024.jpg\" alt=\"\" class=\"wp-image-18727\"\/><\/figure>\n\n\n\n<div style=\"height:12px\" aria-hidden=\"true\" class=\"wp-block-spacer\"><\/div>\n<\/div>\n<\/div>\n\n\n\n<div class=\"wp-block-columns _tab\" id=\"info-3\">\n<div class=\"wp-block-column\" style=\"flex-basis:66.66%\">\n<h2 class=\"wp-block-heading\">Instruktioner<\/h2>\n\n\n<a class='_link_to' href='\/wp-content\/uploads\/ekolet-oiva-ulkorakennus-outhouse-instruction-20240410.pdf' target='_blank'>\t\n\t<svg class='_arrow_right' viewBox='0 0 40 40'>\t\n\t\t<path d='m21.4 10.6 10 10.2-10 10'\/>\n\t<\/svg>\n\t<span>Monteringsmanual<\/span>\t\t\n<\/a>\n\n\n\n<a class='_link_to' href='\/video\/Oiva_rakennuksen_asennusvideo_2025-02-20_720p.mp4' target='_blank'>\t\n\t<svg class='_arrow_right' viewBox='0 0 40 40'>\t\n\t\t<path d='m21.4 10.6 10 10.2-10 10'\/>\n\t<\/svg>\n\t<span>Monteringsvideo<\/span>\t\t\n<\/a>\n\n\n\n\n<div style=\"height:12px\" aria-hidden=\"true\" class=\"wp-block-spacer\"><\/div>\n<\/div>\n\n\n\n<div class=\"wp-block-column\" style=\"flex-basis:33.33%\"><\/div>\n<\/div>\n\n\n\n<div class=\"wp-block-columns _tab\" id=\"info-4\">\n<div class=\"wp-block-column\" style=\"flex-basis:66.66%\">\n<h2 class=\"wp-block-heading has-text-align-left\" id=\"verkkokauppiaille\">Leverans<\/h2>\n\n\n\n<p>I Finland skickas Ekolet Oiva-produkterna till kunden p\u00e5 onsdagen i<br>veckan efter best\u00e4llningen. Om du best\u00e4ller en toalett den h\u00e4r veckan, skickas den p\u00e5 onsdagen i nasta veckan och kommer troligen fram i slutet av Samma veckan. Om du vill ha en leveranstid som skiljer sig fr\u00e5n den normala, v\u00e4nligen meddela oss detta i kommentarsf\u00e4ltet p\u00e5 kassasidan n\u00e4r du g\u00f6r din best\u00e4llning.<\/p>\n\n\n\n<p>Chauff\u00f6ren ringer dig alltid f\u00f6re leveranserna, s\u00e5 du kan vid behov ge mer detaljerade k\u00f6rinstruktioner eller ange var leveranserna kan l\u00e4mnas om ingen r\u00e5kar vara p\u00e5 plats p\u00e5 destinationen vid den tidpunkten.<\/p>\n\n\n\n<h2 class=\"wp-block-heading\">Fraktkostnader<\/h2>\n\n\n\n<p>Fraktkostnader f\u00f6r Ekolet produkter i Finland (inte till \u00f6ar utan v\u00e4gf\u00f6rbindelse) visas i n\u00e4tbutikens varukorg. V\u00e4gledande fraktkostnader finns p\u00e5 l\u00e4nk <a href=\"\/sv\/fraktkostnader\/\">Fraktkostnader<\/a>.<\/p>\n\n\n\n<p>Fraktkostnader utanf\u00f6r Finland ska alltid klarg\u00f6ras separat fr\u00e5n oss via e-post.<\/p>\n\n\n\n<div style=\"height:0px\" aria-hidden=\"true\" class=\"wp-block-spacer\"><\/div>\n<\/div>\n\n\n\n<div class=\"wp-block-column\" style=\"flex-basis:33.33%\"><\/div>\n<\/div>\n<\/div>\n<\/div>\n","protected":false},"excerpt":{"rendered":"<p>Beskrivning Tekniska specifikationer Instruktioner Leverans Ett paket som \u00e4r l\u00e4tt att montera Delarna levereras som tr\u00e4element, s\u00e5 det g\u00e5r snabbt och enkelt att montera toalettblocket. Den nedre delen med trappan \u00e4r tillverkad av tryckbehandlat tr\u00e4, vilket garanterar en l\u00e5ng livsl\u00e4ngd f\u00f6r byggnaden. Komplett leveransinneh\u00e5ll Tekniska specifikationer f\u00f6r uthus Tv\u00e5 personer kan enkelt b\u00e4ra delar av [&hellip;]<\/p>\n","protected":false},"featured_media":19099,"template":"","meta":[],"product_brand":[],"product_cat":[602],"product_tag":[],"class_list":{"0":"post-19363","1":"product","2":"type-product","3":"status-publish","4":"has-post-thumbnail","6":"product_cat-ulkopaketit-sv","7":"product_shipping_class-oiva-ja-ulkorakennus","9":"first","10":"instock","11":"taxable","12":"shipping-taxable","13":"purchasable","14":"product-type-simple"},"yoast_head":"<!-- This site is optimized with the Yoast SEO plugin v27.5 - https:\/\/yoast.com\/product\/yoast-seo-wordpress\/ -->\n<title>Ekolet Oiva komposterande toalett &amp; uthus &#183; Ekolet<\/title>\n<meta name=\"description\" content=\"L\u00e4tt, robust och l\u00e4ttmonterad byggnad f\u00f6r Oiva-toaletten.\" \/>\n<meta name=\"robots\" content=\"index, follow, max-snippet:-1, max-image-preview:large, max-video-preview:-1\" \/>\n<link rel=\"canonical\" href=\"https:\/\/ekolet.com\/sv\/produkt\/ekolet-oiva-och-uthus\/\" \/>\n<meta property=\"og:locale\" content=\"sv_SE\" \/>\n<meta property=\"og:type\" content=\"article\" \/>\n<meta property=\"og:title\" content=\"Ekolet Oiva komposterande toalett &amp; uthus &#183; Ekolet\" \/>\n<meta property=\"og:description\" content=\"L\u00e4tt, robust och l\u00e4ttmonterad byggnad f\u00f6r Oiva-toaletten.\" \/>\n<meta property=\"og:url\" content=\"https:\/\/ekolet.com\/sv\/produkt\/ekolet-oiva-och-uthus\/\" \/>\n<meta property=\"og:site_name\" content=\"Ekolet\" \/>\n<meta property=\"article:modified_time\" content=\"2026-05-01T15:47:52+00:00\" \/>\n<meta property=\"og:image\" content=\"https:\/\/ekolet.com\/wp-content\/uploads\/oiva-outhouse-1.png\" \/>\n\t<meta property=\"og:image:width\" content=\"640\" \/>\n\t<meta property=\"og:image:height\" content=\"640\" \/>\n\t<meta property=\"og:image:type\" content=\"image\/png\" \/>\n<meta name=\"twitter:label1\" content=\"Ber\u00e4knad l\u00e4stid\" \/>\n\t<meta name=\"twitter:data1\" content=\"6 minuter\" \/>\n<script type=\"application\/ld+json\" class=\"yoast-schema-graph\">{\"@context\":\"https:\\\/\\\/schema.org\",\"@graph\":[{\"@type\":\"WebPage\",\"@id\":\"https:\\\/\\\/ekolet.com\\\/sv\\\/produkt\\\/ekolet-oiva-och-uthus\\\/\",\"url\":\"https:\\\/\\\/ekolet.com\\\/sv\\\/produkt\\\/ekolet-oiva-och-uthus\\\/\",\"name\":\"Ekolet Oiva komposterande toalett &amp; uthus &#183; Ekolet\",\"isPartOf\":{\"@id\":\"https:\\\/\\\/ekolet.com\\\/sv\\\/#website\"},\"primaryImageOfPage\":{\"@id\":\"https:\\\/\\\/ekolet.com\\\/sv\\\/produkt\\\/ekolet-oiva-och-uthus\\\/#primaryimage\"},\"image\":{\"@id\":\"https:\\\/\\\/ekolet.com\\\/sv\\\/produkt\\\/ekolet-oiva-och-uthus\\\/#primaryimage\"},\"thumbnailUrl\":\"https:\\\/\\\/ekolet.com\\\/wp-content\\\/uploads\\\/oiva-outhouse-1.png\",\"datePublished\":\"2013-10-15T13:28:06+00:00\",\"dateModified\":\"2026-05-01T15:47:52+00:00\",\"description\":\"L\u00e4tt, robust och l\u00e4ttmonterad byggnad f\u00f6r Oiva-toaletten.\",\"breadcrumb\":{\"@id\":\"https:\\\/\\\/ekolet.com\\\/sv\\\/produkt\\\/ekolet-oiva-och-uthus\\\/#breadcrumb\"},\"inLanguage\":\"sv-SE\",\"potentialAction\":[{\"@type\":\"ReadAction\",\"target\":[\"https:\\\/\\\/ekolet.com\\\/sv\\\/produkt\\\/ekolet-oiva-och-uthus\\\/\"]}]},{\"@type\":\"ImageObject\",\"inLanguage\":\"sv-SE\",\"@id\":\"https:\\\/\\\/ekolet.com\\\/sv\\\/produkt\\\/ekolet-oiva-och-uthus\\\/#primaryimage\",\"url\":\"https:\\\/\\\/ekolet.com\\\/wp-content\\\/uploads\\\/oiva-outhouse-1.png\",\"contentUrl\":\"https:\\\/\\\/ekolet.com\\\/wp-content\\\/uploads\\\/oiva-outhouse-1.png\",\"width\":640,\"height\":640},{\"@type\":\"BreadcrumbList\",\"@id\":\"https:\\\/\\\/ekolet.com\\\/sv\\\/produkt\\\/ekolet-oiva-och-uthus\\\/#breadcrumb\",\"itemListElement\":[{\"@type\":\"ListItem\",\"position\":1,\"name\":\"Home\",\"item\":\"https:\\\/\\\/ekolet.com\\\/sv\\\/\"},{\"@type\":\"ListItem\",\"position\":2,\"name\":\"Produkter\",\"item\":\"https:\\\/\\\/ekolet.com\\\/sv\\\/shop\\\/\"},{\"@type\":\"ListItem\",\"position\":3,\"name\":\"Utomhus paketter\",\"item\":\"https:\\\/\\\/ekolet.com\\\/sv\\\/produkt-kategori\\\/ulkopaketit-sv\\\/\"},{\"@type\":\"ListItem\",\"position\":4,\"name\":\"Ekolet Oiva komposterande toalett &amp; uthus\"}]},{\"@type\":\"WebSite\",\"@id\":\"https:\\\/\\\/ekolet.com\\\/sv\\\/#website\",\"url\":\"https:\\\/\\\/ekolet.com\\\/sv\\\/\",\"name\":\"Development\",\"description\":\"\",\"publisher\":{\"@id\":\"https:\\\/\\\/ekolet.com\\\/sv\\\/#organization\"},\"potentialAction\":[{\"@type\":\"SearchAction\",\"target\":{\"@type\":\"EntryPoint\",\"urlTemplate\":\"https:\\\/\\\/ekolet.com\\\/sv\\\/?s={search_term_string}\"},\"query-input\":{\"@type\":\"PropertyValueSpecification\",\"valueRequired\":true,\"valueName\":\"search_term_string\"}}],\"inLanguage\":\"sv-SE\"},{\"@type\":\"Organization\",\"@id\":\"https:\\\/\\\/ekolet.com\\\/sv\\\/#organization\",\"name\":\"Ekolet Oy\",\"url\":\"https:\\\/\\\/ekolet.com\\\/sv\\\/\",\"logo\":{\"@type\":\"ImageObject\",\"inLanguage\":\"sv-SE\",\"@id\":\"https:\\\/\\\/ekolet.com\\\/sv\\\/#\\\/schema\\\/logo\\\/image\\\/\",\"url\":\"https:\\\/\\\/ekolet.com\\\/wp-content\\\/uploads\\\/ekolet-og.png\",\"contentUrl\":\"https:\\\/\\\/ekolet.com\\\/wp-content\\\/uploads\\\/ekolet-og.png\",\"width\":1200,\"height\":630,\"caption\":\"Ekolet Oy\"},\"image\":{\"@id\":\"https:\\\/\\\/ekolet.com\\\/sv\\\/#\\\/schema\\\/logo\\\/image\\\/\"}}]}<\/script>\n<!-- \/ Yoast SEO plugin. -->","yoast_head_json":{"title":"Ekolet Oiva komposterande toalett &amp; uthus &#183; Ekolet","description":"L\u00e4tt, robust och l\u00e4ttmonterad byggnad f\u00f6r Oiva-toaletten.","robots":{"index":"index","follow":"follow","max-snippet":"max-snippet:-1","max-image-preview":"max-image-preview:large","max-video-preview":"max-video-preview:-1"},"canonical":"https:\/\/ekolet.com\/sv\/produkt\/ekolet-oiva-och-uthus\/","og_locale":"sv_SE","og_type":"article","og_title":"Ekolet Oiva komposterande toalett &amp; uthus &#183; Ekolet","og_description":"L\u00e4tt, robust och l\u00e4ttmonterad byggnad f\u00f6r Oiva-toaletten.","og_url":"https:\/\/ekolet.com\/sv\/produkt\/ekolet-oiva-och-uthus\/","og_site_name":"Ekolet","article_modified_time":"2026-05-01T15:47:52+00:00","og_image":[{"width":640,"height":640,"url":"https:\/\/ekolet.com\/wp-content\/uploads\/oiva-outhouse-1.png","type":"image\/png"}],"twitter_misc":{"Ber\u00e4knad l\u00e4stid":"6 minuter"},"schema":{"@context":"https:\/\/schema.org","@graph":[{"@type":"WebPage","@id":"https:\/\/ekolet.com\/sv\/produkt\/ekolet-oiva-och-uthus\/","url":"https:\/\/ekolet.com\/sv\/produkt\/ekolet-oiva-och-uthus\/","name":"Ekolet Oiva komposterande toalett &amp; uthus &#183; Ekolet","isPartOf":{"@id":"https:\/\/ekolet.com\/sv\/#website"},"primaryImageOfPage":{"@id":"https:\/\/ekolet.com\/sv\/produkt\/ekolet-oiva-och-uthus\/#primaryimage"},"image":{"@id":"https:\/\/ekolet.com\/sv\/produkt\/ekolet-oiva-och-uthus\/#primaryimage"},"thumbnailUrl":"https:\/\/ekolet.com\/wp-content\/uploads\/oiva-outhouse-1.png","datePublished":"2013-10-15T13:28:06+00:00","dateModified":"2026-05-01T15:47:52+00:00","description":"L\u00e4tt, robust och l\u00e4ttmonterad byggnad f\u00f6r Oiva-toaletten.","breadcrumb":{"@id":"https:\/\/ekolet.com\/sv\/produkt\/ekolet-oiva-och-uthus\/#breadcrumb"},"inLanguage":"sv-SE","potentialAction":[{"@type":"ReadAction","target":["https:\/\/ekolet.com\/sv\/produkt\/ekolet-oiva-och-uthus\/"]}]},{"@type":"ImageObject","inLanguage":"sv-SE","@id":"https:\/\/ekolet.com\/sv\/produkt\/ekolet-oiva-och-uthus\/#primaryimage","url":"https:\/\/ekolet.com\/wp-content\/uploads\/oiva-outhouse-1.png","contentUrl":"https:\/\/ekolet.com\/wp-content\/uploads\/oiva-outhouse-1.png","width":640,"height":640},{"@type":"BreadcrumbList","@id":"https:\/\/ekolet.com\/sv\/produkt\/ekolet-oiva-och-uthus\/#breadcrumb","itemListElement":[{"@type":"ListItem","position":1,"name":"Home","item":"https:\/\/ekolet.com\/sv\/"},{"@type":"ListItem","position":2,"name":"Produkter","item":"https:\/\/ekolet.com\/sv\/shop\/"},{"@type":"ListItem","position":3,"name":"Utomhus paketter","item":"https:\/\/ekolet.com\/sv\/produkt-kategori\/ulkopaketit-sv\/"},{"@type":"ListItem","position":4,"name":"Ekolet Oiva komposterande toalett &amp; uthus"}]},{"@type":"WebSite","@id":"https:\/\/ekolet.com\/sv\/#website","url":"https:\/\/ekolet.com\/sv\/","name":"Development","description":"","publisher":{"@id":"https:\/\/ekolet.com\/sv\/#organization"},"potentialAction":[{"@type":"SearchAction","target":{"@type":"EntryPoint","urlTemplate":"https:\/\/ekolet.com\/sv\/?s={search_term_string}"},"query-input":{"@type":"PropertyValueSpecification","valueRequired":true,"valueName":"search_term_string"}}],"inLanguage":"sv-SE"},{"@type":"Organization","@id":"https:\/\/ekolet.com\/sv\/#organization","name":"Ekolet Oy","url":"https:\/\/ekolet.com\/sv\/","logo":{"@type":"ImageObject","inLanguage":"sv-SE","@id":"https:\/\/ekolet.com\/sv\/#\/schema\/logo\/image\/","url":"https:\/\/ekolet.com\/wp-content\/uploads\/ekolet-og.png","contentUrl":"https:\/\/ekolet.com\/wp-content\/uploads\/ekolet-og.png","width":1200,"height":630,"caption":"Ekolet Oy"},"image":{"@id":"https:\/\/ekolet.com\/sv\/#\/schema\/logo\/image\/"}}]}},"_links":{"self":[{"href":"https:\/\/ekolet.com\/sv\/wp-json\/wp\/v2\/product\/19363","targetHints":{"allow":["GET"]}}],"collection":[{"href":"https:\/\/ekolet.com\/sv\/wp-json\/wp\/v2\/product"}],"about":[{"href":"https:\/\/ekolet.com\/sv\/wp-json\/wp\/v2\/types\/product"}],"wp:featuredmedia":[{"embeddable":true,"href":"https:\/\/ekolet.com\/sv\/wp-json\/wp\/v2\/media\/19099"}],"wp:attachment":[{"href":"https:\/\/ekolet.com\/sv\/wp-json\/wp\/v2\/media?parent=19363"}],"wp:term":[{"taxonomy":"product_brand","embeddable":true,"href":"https:\/\/ekolet.com\/sv\/wp-json\/wp\/v2\/product_brand?post=19363"},{"taxonomy":"product_cat","embeddable":true,"href":"https:\/\/ekolet.com\/sv\/wp-json\/wp\/v2\/product_cat?post=19363"},{"taxonomy":"product_tag","embeddable":true,"href":"https:\/\/ekolet.com\/sv\/wp-json\/wp\/v2\/product_tag?post=19363"}],"curies":[{"name":"wp","href":"https:\/\/api.w.org\/{rel}","templated":true}]}}