{"id":19365,"date":"2024-03-15T13:22:29","date_gmt":"2024-03-15T10:22:29","guid":{"rendered":"https:\/\/ekolet.hahmode.zoner.dev\/product\/ekolet-anna-komposterande-toalett\/"},"modified":"2025-11-27T15:55:10","modified_gmt":"2025-11-27T12:55:10","slug":"ekolet-anna","status":"publish","type":"product","link":"https:\/\/ekolet.com\/sv\/produkt\/ekolet-anna\/","title":{"rendered":"Ekolet Anna komposterande toalett"},"content":{"rendered":"\n<div class=\"wp-block-columns\">\n<div class=\"wp-block-column _tabs\">\n<div class=\"wp-block-columns _tab_menu\">\n<div class=\"wp-block-column\">\n<h6 class=\"wp-block-heading _current\"><a href=\"#info-1\">Beskrivning<\/a><\/h6>\n<\/div>\n\n\n\n<div class=\"wp-block-column\">\n<h6 class=\"wp-block-heading\"><a href=\"#info-2\">Tekniska specifikationer<\/a><\/h6>\n<\/div>\n\n\n\n<div class=\"wp-block-column\">\n<h6 class=\"wp-block-heading\"><a href=\"#info-3\">Instruktioner<\/a><\/h6>\n<\/div>\n\n\n\n<div class=\"wp-block-column\">\n<h6 class=\"wp-block-heading\"><a href=\"#info-4\">Leverans<\/a><\/h6>\n<\/div>\n<\/div>\n\n\n\n<div class=\"wp-block-columns _tab _current\" id=\"info-1\">\n<div class=\"wp-block-column\" style=\"flex-basis:66.66%\">\n<h2 class=\"wp-block-heading\">Inuti det eleganta s\u00e4tet<\/h2>\n\n\n\n<p>Toalettrummet \u00e4r elegant inrett med bara en robust porslinssits.\nOch sj\u00e4lva uppfinningsrikedomen finns under golvet: en roterande komposteringstank p\u00e5 fyra liter fr\u00e5n Ekolet.   <\/p>\n\n\n\n<p>Den elektriskt s\u00e4krade luftcirkulationen g\u00f6r att toaletten blir helt luktfri.\nFl\u00e4ktens effekt kan justeras och kan \u00e4ven installeras f\u00f6r att fungera med en solpanel.\nOm duschen finns i samma rum b\u00f6r en \u00e5ngventil vid taklinjen anslutas till kompostbeh\u00e5llarens lock.  <\/p>\n\n\n\n<p>Tanken har filtrerade mellanv\u00e5ningar med en avdunstningsniv\u00e5 f\u00f6r v\u00e4tskorna och en bottenbass\u00e4ng f\u00f6r biologisk rening av v\u00e4tskorna.<\/p>\n\n\n\n<h2 class=\"wp-block-heading\">Unikt l\u00e4tt att underh\u00e5lla<\/h2>\n\n\n\n<p>Ungef\u00e4r varje \u00e5r, n\u00e4r tr\u00e5get \u00e4r fullt, l\u00e4ggs ett l\u00e4tt lager kompost p\u00e5 och ett nytt tr\u00e5g rullas ut.\nDe fyra facken m\u00f6jligg\u00f6r en tillr\u00e4ckligt l\u00e5ng period av naturlig kompostering, s\u00e5 att den 100% komposterade n\u00e4ringsrika jorden som t\u00f6ms ut kan appliceras direkt p\u00e5 v\u00e4xterna. <\/p>\n\n\n\n<p>En full bricka ger cirka 150 liter jord.\nI avdunstnings- och sedimenteringsbass\u00e4ngerna leds den biologiskt behandlade v\u00e4tskan till anl\u00e4ggningens gr\u00e5vattensystem f\u00f6r vidare behandling. <\/p>\n\n\n\n<h2 class=\"wp-block-heading\">L\u00e5nglivad och naturv\u00e4nlig<\/h2>\n\n\n\n<p>Ekolet Anna komposteringstoalett f\u00f6r inomhusbruk har en enkel och p\u00e5litlig design.\nDet finns inga delar som hindrar toaletten fr\u00e5n att anv\u00e4ndas om de skulle g\u00e5 s\u00f6nder eller bli blockerade.   <\/p>\n\n\n\n<p>Tack vare den vertikala konstruktionen \u00e4r den n\u00f6dv\u00e4ndiga golvytan liten.\nKomposttoaletten avl\u00e4gsnar ocks\u00e5 effektivt radongas genom att f\u00f6rb\u00e4ttra ventilationen av husets golv. <\/p>\n\n\n\n<p>Toaletten \u00e4r tillverkad av h\u00e5llbara material med l\u00e5ng livsl\u00e4ngd.\nPlastdelarna \u00e4r tillverkade av polyetenplast, metalldelarna \u00e4r tillverkade av rostfritt eller varmf\u00f6rzinkat st\u00e5l och metallhjulen \u00e4r tillverkade av aluminium.\nToaletten Ekolet Anna har en ramgaranti p\u00e5 20 \u00e5r fr\u00e5n ink\u00f6psdatumet.  <\/p>\n\n\n\n<h2 class=\"wp-block-heading\">Best\u00e4ll en bekymmersfri Ekolet Anna inomhustoalett<\/h2>\n\n\n\n<p>Toaletten har en robust porslinssits och en komposteringstank med fyra sk\u00e5lar som roterar under golvet.<\/p>\n\n\n\n<p>25,5 Priset inkluderar en v\u00e4rdeadderande reserv p\u00e5 %.\nEventuella leveranskostnader tillkommer p\u00e5 priset. <\/p>\n\n\n<p class=\"product woocommerce add_to_cart_inline \" style=\"border:4px solid #ccc; padding: 12px;\"><a href=\"\/sv\/wp-json\/wp\/v2\/product\/19365?add-to-cart=5706\" aria-describedby=\"woocommerce_loop_add_to_cart_link_describedby_5706\" data-quantity=\"1\" class=\"button product_type_simple add_to_cart_button ajax_add_to_cart\" data-product_id=\"5706\" data-product_sku=\"\" aria-label=\"L\u00e4gg till i varukorgen: \u201dEkolet Anna -kompostik\u00e4ym\u00e4l\u00e4\u201d\" rel=\"nofollow\" data-success_message=\"&quot;Ekolet Anna -kompostik\u00e4ym\u00e4l\u00e4&quot; har lagts till i din varukorg\">L\u00e4gg till i varukorg<\/a>\t<span id=\"woocommerce_loop_add_to_cart_link_describedby_5706\" class=\"screen-reader-text\">\n\t\t\t<\/span>\n<\/p>\n\n\n\n<div style=\"height:12px\" aria-hidden=\"true\" class=\"wp-block-spacer\"><\/div>\n<\/div>\n\n\n\n<div class=\"wp-block-column\" style=\"flex-basis:33.33%\"><\/div>\n<\/div>\n\n\n\n<div class=\"wp-block-columns _tab\" id=\"info-2\">\n<div class=\"wp-block-column\" style=\"flex-basis:100%\">\n<h2 class=\"wp-block-heading\">Tekniska specifikationer<\/h2>\n\n\n\n<div style=\"height:12px\" aria-hidden=\"true\" class=\"wp-block-spacer\"><\/div>\n\n\n\n<figure class=\"wp-block-table\"><table><tbody><tr><td><strong>Viktiga m\u00e5tt<\/strong><\/td><td><strong>Ekolet Anna kompostbeh\u00e5llare<\/strong><\/td><\/tr><tr><td>Total volym<\/td><td>2000 liter (fyra liter)<\/td><\/tr><tr><td>H\u00f6jd<\/td><td>215 cm<\/td><\/tr><tr><td>Diameter<\/td><td>123 cm<\/td><\/tr><tr><td>Vikt<\/td><td>160 kg<\/td><\/tr><\/tbody><\/table><\/figure>\n\n\n\n<div style=\"height:50px\" aria-hidden=\"true\" class=\"wp-block-spacer\"><\/div>\n\n\n\n<h3 class=\"wp-block-heading\">Utrymmesbehov f\u00f6r porslinsstol och kompostbeh\u00e5llare<\/h3>\n\n\n\n<p>Toalettrummet kommer att ha en robust porslinssits i vitt.\nDen har en bredd p\u00e5 357 mm, en h\u00f6jd p\u00e5 400 mm och en sitth\u00f6jd p\u00e5 ca.\n440 mm.  <\/p>\n\n\n\n<p>Ett vertikalt anslutningsr\u00f6r l\u00f6per fr\u00e5n porslinssitsen till kompostbeh\u00e5llaren under golvet.\nKompostbeh\u00e5llarens diameter \u00e4r 1230 mm, avst\u00e5ndet mellan centrum av anslutningsr\u00f6ret (innerdiameter \u00f8 200 mm, ytterdiameter \u00f8 206 mm) och centrum av kompostbeh\u00e5llaren \u00e4r 350 mm, 230 mm fr\u00e5n sitsens bakkant och 290 mm fr\u00e5n framkanten.\nPorslinssitsen \u00e4r 357 mm bred och 400 mm h\u00f6g.\nSitsens h\u00f6jd \u00e4r 440 mm.   <\/p>\n\n\n\n<figure class=\"wp-block-image size-full\"><img loading=\"lazy\" decoding=\"async\" width=\"1314\" height=\"1500\" src=\"https:\/\/ekolet.com\/wp-content\/uploads\/anna-mittakuva-ylhaalta-1.jpg\" alt=\"\" class=\"wp-image-18705\"\/><\/figure>\n\n\n\n<p>Under golvet i toalettrummet ska det finnas plats f\u00f6r en kompostbeh\u00e5llare som \u00e4r minst 130 cm x 130 cm (125 cm x 125 cm \u00e4r absolut minimum) och minst 215 cm h\u00f6g.\nUtrymmet ska vara uppv\u00e4rmt och ha en golvbrunn.\nDet m\u00e5ste finnas tillg\u00e5ng till sidan av komposten f\u00f6r t\u00f6mning.  <\/p>\n\n\n\n<p>Komposten monteras p\u00e5 golvet p\u00e5 fyra st\u00e5lben.\nKompostbeh\u00e5llarens totala volym \u00e4r \u00f6vertygande 2000 liter.\nDen maximala totalvikten f\u00f6r komposten \u00e4r 1400 kg och den normala driftvikten \u00e4r 700-800 kg.\nKomposteringsdelarna passar genom en 60 cm bred d\u00f6rr.   <\/p>\n\n\n\n<p>Varje fack har sin egen t\u00f6mningslucka p\u00e5 sidan av den kontinuerligt roterande komposten.\nT\u00f6mningen g\u00f6rs enklast med en spade som \u00e4r mindre \u00e4n en normal f\u00e4ltspade.\nEtt fullt kompostsk\u00e5p producerar ca 150 liter g\u00f6dningsmedel som kan spridas direkt till v\u00e4xterna.  <\/p>\n\n\n\n<h3 class=\"wp-block-heading\">Installation med tv\u00e5 s\u00e4ten<\/h3>\n\n\n\n<p>Det \u00e4r ocks\u00e5 m\u00f6jligt att ansluta tv\u00e5 platser till kompostbeh\u00e5llaren, som fyller olika fack.\nI detta fall \u00e4r avst\u00e5ndet mellan dr\u00e4neringsr\u00f6rens centrum 700 mm (motst\u00e5ende fack) eller 485 mm (intilliggande fack). <\/p>\n\n\n\n<figure class=\"wp-block-image size-full _orig_size\"><img loading=\"lazy\" decoding=\"async\" width=\"380\" height=\"256\" src=\"https:\/\/ekolet.com\/wp-content\/uploads\/yv01-2-rakenneratkaisukuva.jpg\" alt=\"\" class=\"wp-image-18707\"\/><\/figure>\n\n\n\n<div style=\"height:48px\" aria-hidden=\"true\" class=\"wp-block-spacer\"><\/div>\n\n\n\n<h3 class=\"wp-block-heading\">Ventilation<\/h3>\n\n\n\n<p>Toalettrummet ventileras genom sitsen.\nOm det finns en dusch i samma rum som toaletten m\u00e5ste \u00e5ngventilen i taket anslutas med ett r\u00f6r till komposttanken (komposttankens lock), s\u00e5 att hela rummets ventilation cirkulerar genom komposttanken.\nOm ett separat ventilationssystem skulle installeras i \u00e5ngventilen, och om det skulle vara kraftigare \u00e4n ventilationen p\u00e5 toaletten, skulle luften kunna b\u00f6rja str\u00f6mma i fel riktning och dra in toalettlukt i rummet.  <\/p>\n\n\n\n<p>Kompostorns elektriska fl\u00e4kt (12V\/8 W) bl\u00e5ser in luft i ett ventilationsr\u00f6r med en diameter p\u00e5 100 mm fr\u00e5n kompostorns lock till taket med en hastighet p\u00e5 15-30 m3 per timme.\nFl\u00e4ktens ventilationseffekt kan justeras ned\u00e5t om s\u00e5 \u00f6nskas.\nFl\u00e4kten kr\u00e4ver ett 230 V 50-60 Hz-uttag i en torr inomhusmilj\u00f6 eller en anslutning till ett solpanelsystem.  <\/p>\n\n\n\n<p>Ventilationskanalen ska alltid vara upp\u00e5triktad s\u00e5 att ventilationen \u00e4r sj\u00e4lvdragsf\u00f6rs\u00f6rjd \u00e4ven vid str\u00f6mavbrott.\nVentilationsr\u00f6ret ska vara omslutet och isolerat om det l\u00f6per inuti byggnadskonstruktionen <\/p>\n\n\n\n<h3 class=\"wp-block-heading\">Behandling av v\u00e4tskor<\/h3>\n\n\n\n<p>Tanken har filtrerade mellanv\u00e5ningar med en avdunstningsniv\u00e5 f\u00f6r v\u00e4tskorna och en bottentank p\u00e5 ca 150 liter f\u00f6r biologisk rening av v\u00e4tskorna.\nMycket av v\u00e4tskorna avdunstar med effektiv luftcirkulation och resten, biologiskt renad i reningsniv\u00e5erna, kommer ut under komposten i en 19-milsslang och sl\u00e4pps ut till det egna reningsverket f\u00f6r gr\u00e5vatten. <\/p>\n<\/div>\n<\/div>\n\n\n\n<div class=\"wp-block-columns _tab\" id=\"info-3\">\n<div class=\"wp-block-column\" style=\"flex-basis:66.66%\">\n<h2 class=\"wp-block-heading\">Instruktioner<\/h2>\n\n\n<a class='_link_to' href='\/wp-content\/uploads\/ekolet-anna-use-instructions-2025-02-12.pdf' target='_blank'>\t\n\t<svg class='_arrow_right' viewBox='0 0 40 40'>\t\n\t\t<path d='m21.4 10.6 10 10.2-10 10'\/>\n\t<\/svg>\n\t<span>Bruksanvisning<\/span>\t\t\n<\/a>\n\n\n\n<a class='_link_to' href='\/wp-content\/uploads\/ekolet-anna-assemby-instructions-2025-02-12.pdf' target='_blank'>\t\n\t<svg class='_arrow_right' viewBox='0 0 40 40'>\t\n\t\t<path d='m21.4 10.6 10 10.2-10 10'\/>\n\t<\/svg>\n\t<span>Monteringsmanual<\/span>\t\t\n<\/a>\n\n\n\n<a class='_link_to' href='https:\/\/www.youtube.com\/watch?v=Q1Fk0HecRtM' target='_blank'>\t\n\t<svg class='_arrow_right' viewBox='0 0 40 40'>\t\n\t\t<path d='m21.4 10.6 10 10.2-10 10'\/>\n\t<\/svg>\n\t<span>Monteringsvideo<\/span>\t\t\n<\/a>\n\n\n\n\n<div style=\"height:12px\" aria-hidden=\"true\" class=\"wp-block-spacer\"><\/div>\n<\/div>\n\n\n\n<div class=\"wp-block-column\" style=\"flex-basis:33.33%\"><\/div>\n<\/div>\n\n\n\n<div class=\"wp-block-columns _tab\" id=\"info-4\">\n<div class=\"wp-block-column\" style=\"flex-basis:66.66%\">\n<h2 class=\"wp-block-heading has-text-align-left\" id=\"verkkokauppiaille\">Leverans<\/h2>\n\n\n\n<p>F\u00f6r leveranser till Finland \u00e4r monteringstiden f\u00f6r Ekolet Anna-produkter cirka 3 veckor fr\u00e5n best\u00e4llning. Om du f\u00f6redrar en annan leveranstid, v\u00e4nligen meddela oss detta i kommentarsf\u00e4ltet p\u00e5 kassasidan n\u00e4r du g\u00f6r din best\u00e4llning.<\/p>\n\n\n\n<p>Chauff\u00f6ren ringer dig alltid f\u00f6re leveranserna, s\u00e5 du kan vid behov ge mer detaljerade k\u00f6rinstruktioner eller ange var leveranserna kan l\u00e4mnas om ingen r\u00e5kar vara p\u00e5 plats p\u00e5 destinationen vid den tidpunkten.<\/p>\n\n\n\n<h2 class=\"wp-block-heading\">Fraktkostnader<\/h2>\n\n\n\n<p>Fraktkostnader f\u00f6r Ekolet produkter i Finland (inte till \u00f6ar utan v\u00e4gf\u00f6rbindelse) visas i n\u00e4tbutikens varukorg. V\u00e4gledande fraktkostnader finns p\u00e5 l\u00e4nk <a href=\"\/sv\/fraktkostnader\/\">Fraktkostnader<\/a>.<\/p>\n\n\n\n<p>Fraktkostnader utanf\u00f6r Finland ska alltid klarg\u00f6ras separat fr\u00e5n oss via e-post.<\/p>\n<\/div>\n\n\n\n<div class=\"wp-block-column\" style=\"flex-basis:33.33%\"><\/div>\n<\/div>\n<\/div>\n<\/div>\n\n\n\n<hr class=\"wp-block-separator has-alpha-channel-opacity\"\/>\n\n\n\n<h2 class=\"wp-block-heading tillbehor\">Tillbeh\u00f6r<\/h2>\n\n\n<div class=\"woocommerce columns-4 \"><ul class=\"products columns-4\">\n<li class=\"product type-product post-19372 status-publish first instock product_cat-lisatarvikkeet-sv has-post-thumbnail taxable shipping-taxable purchasable product-type-simple\">\n\t<a href=\"https:\/\/ekolet.com\/sv\/produkt\/elektrisk-flakt-2\/\" class=\"woocommerce-LoopProduct-link woocommerce-loop-product__link\"><img loading=\"lazy\" decoding=\"async\" width=\"500\" height=\"466\" src=\"https:\/\/ekolet.com\/wp-content\/uploads\/yv-fan-500x466.jpg\" class=\"attachment-woocommerce_thumbnail size-woocommerce_thumbnail\" alt=\"Elektrisk fl\u00e4kt Ekolet f\u00f6r Anna\" \/><h2 class=\"woocommerce-loop-product__title\">Elektrisk fl\u00e4kt Ekolet f\u00f6r Anna<\/h2>\n\t<span class=\"price\"><span class=\"woocommerce-Price-amount amount\"><bdi>90,00&nbsp;<span class=\"woocommerce-Price-currencySymbol\">&euro;<\/span><\/bdi><\/span> <small class=\"woocommerce-price-suffix\"><span class=\"woocommerce-Price-amount amount\"><bdi>90,00&nbsp;<span class=\"woocommerce-Price-currencySymbol\">&euro;<\/span><\/bdi><\/span><\/small><\/span>\n<p>Fl\u00e4kten p\u00e5 Ekolet Anna komposttoaletten m\u00e5ste bytas ungef\u00e4r vart femte \u00e5r. Vi rekommenderar att ha en reservfl\u00e4kt n\u00e4ra toaletten, s\u00e5 att fl\u00e4kten alltid snabbt kan bytas ut mot en ny om fl\u00e4kten som anv\u00e4nds beh\u00f6ver reng\u00f6ras eller g\u00e5r s\u00f6nder.<\/p><\/a><a href=\"\/sv\/wp-json\/wp\/v2\/product\/19365?add-to-cart=19372\" aria-describedby=\"woocommerce_loop_add_to_cart_link_describedby_19372\" data-quantity=\"1\" class=\"button product_type_simple add_to_cart_button ajax_add_to_cart\" data-product_id=\"19372\" data-product_sku=\"\" aria-label=\"L\u00e4gg till i varukorgen: \u201dElektrisk fl\u00e4kt Ekolet f\u00f6r Anna\u201d\" rel=\"nofollow\" data-success_message=\"&quot;Elektrisk fl\u00e4kt Ekolet f\u00f6r Anna&quot; har lagts till i din varukorg\">L\u00e4gg till i varukorg<\/a>\t<span id=\"woocommerce_loop_add_to_cart_link_describedby_19372\" class=\"screen-reader-text\">\n\t\t\t<\/span>\n<span class=\"gtm4wp_productdata\" style=\"display:none; visibility:hidden;\" data-gtm4wp_product_data=\"{&quot;internal_id&quot;:19372,&quot;item_id&quot;:19372,&quot;item_name&quot;:&quot;Elektrisk fl\\u00e4kt Ekolet f\\u00f6r Anna&quot;,&quot;sku&quot;:19372,&quot;price&quot;:90,&quot;stocklevel&quot;:null,&quot;stockstatus&quot;:&quot;instock&quot;,&quot;google_business_vertical&quot;:&quot;retail&quot;,&quot;item_category&quot;:&quot;Tillbeh\\u00f6r&quot;,&quot;id&quot;:19372,&quot;productlink&quot;:&quot;https:\\\/\\\/ekolet.com\\\/sv\\\/produkt\\\/elektrisk-flakt-2\\\/&quot;,&quot;item_list_name&quot;:&quot;General Product List&quot;,&quot;index&quot;:1,&quot;product_type&quot;:&quot;simple&quot;,&quot;item_brand&quot;:&quot;&quot;}\"><\/span><\/li>\n<\/ul>\n<\/div>\n","protected":false},"excerpt":{"rendered":"<p>Beskrivning Tekniska specifikationer Instruktioner Leverans Inuti det eleganta s\u00e4tet Toalettrummet \u00e4r elegant inrett med bara en robust porslinssits. Och sj\u00e4lva uppfinningsrikedomen finns under golvet: en roterande komposteringstank p\u00e5 fyra liter fr\u00e5n Ekolet. Den elektriskt s\u00e4krade luftcirkulationen g\u00f6r att toaletten blir helt luktfri. Fl\u00e4ktens effekt kan justeras och kan \u00e4ven installeras f\u00f6r att fungera med en [&hellip;]<\/p>\n","protected":false},"featured_media":19155,"template":"","meta":[],"product_brand":[],"product_cat":[553],"product_tag":[],"class_list":{"0":"post-19365","1":"product","2":"type-product","3":"status-publish","4":"has-post-thumbnail","6":"product_cat-kuivakaymalat-sisalle-ja-kotiin-sv","7":"product_shipping_class-anna","9":"first","10":"instock","11":"taxable","12":"shipping-taxable","13":"purchasable","14":"product-type-simple"},"yoast_head":"<!-- This site is optimized with the Yoast SEO plugin v27.4 - https:\/\/yoast.com\/product\/yoast-seo-wordpress\/ -->\n<title>Ekolet Anna komposterande toalett &#183; Ekolet<\/title>\n<meta name=\"description\" content=\"Ekolet Anna \u00e4r en torrtoalett f\u00f6r hemmet som \u00e4r utformad f\u00f6r anv\u00e4ndning \u00e5ret runt och som komposterar toalettavfall till en n\u00e4ringsrik jord.\" \/>\n<meta name=\"robots\" content=\"index, follow, max-snippet:-1, max-image-preview:large, max-video-preview:-1\" \/>\n<link rel=\"canonical\" href=\"https:\/\/ekolet.com\/sv\/produkt\/ekolet-anna\/\" \/>\n<meta property=\"og:locale\" content=\"sv_SE\" \/>\n<meta property=\"og:type\" content=\"article\" \/>\n<meta property=\"og:title\" content=\"Ekolet Anna komposterande toalett &#183; Ekolet\" \/>\n<meta property=\"og:description\" content=\"Ekolet Anna \u00e4r en torrtoalett f\u00f6r hemmet som \u00e4r utformad f\u00f6r anv\u00e4ndning \u00e5ret runt och som komposterar toalettavfall till en n\u00e4ringsrik jord.\" \/>\n<meta property=\"og:url\" content=\"https:\/\/ekolet.com\/sv\/produkt\/ekolet-anna\/\" \/>\n<meta property=\"og:site_name\" content=\"Ekolet\" \/>\n<meta property=\"article:modified_time\" content=\"2025-11-27T12:55:10+00:00\" \/>\n<meta property=\"og:image\" content=\"https:\/\/ekolet.com\/wp-content\/uploads\/posliini-istuin.png\" \/>\n\t<meta property=\"og:image:width\" content=\"640\" \/>\n\t<meta property=\"og:image:height\" content=\"640\" \/>\n\t<meta property=\"og:image:type\" content=\"image\/png\" \/>\n<meta name=\"twitter:label1\" content=\"Ber\u00e4knad l\u00e4stid\" \/>\n\t<meta name=\"twitter:data1\" content=\"13 minuter\" \/>\n<script type=\"application\/ld+json\" class=\"yoast-schema-graph\">{\"@context\":\"https:\\\/\\\/schema.org\",\"@graph\":[{\"@type\":\"WebPage\",\"@id\":\"https:\\\/\\\/ekolet.com\\\/sv\\\/produkt\\\/ekolet-anna\\\/\",\"url\":\"https:\\\/\\\/ekolet.com\\\/sv\\\/produkt\\\/ekolet-anna\\\/\",\"name\":\"Ekolet Anna komposterande toalett &#183; Ekolet\",\"isPartOf\":{\"@id\":\"https:\\\/\\\/ekolet.com\\\/sv\\\/#website\"},\"primaryImageOfPage\":{\"@id\":\"https:\\\/\\\/ekolet.com\\\/sv\\\/produkt\\\/ekolet-anna\\\/#primaryimage\"},\"image\":{\"@id\":\"https:\\\/\\\/ekolet.com\\\/sv\\\/produkt\\\/ekolet-anna\\\/#primaryimage\"},\"thumbnailUrl\":\"https:\\\/\\\/ekolet.com\\\/wp-content\\\/uploads\\\/posliini-istuin.png\",\"datePublished\":\"2024-03-15T10:22:29+00:00\",\"dateModified\":\"2025-11-27T12:55:10+00:00\",\"description\":\"Ekolet Anna \u00e4r en torrtoalett f\u00f6r hemmet som \u00e4r utformad f\u00f6r anv\u00e4ndning \u00e5ret runt och som komposterar toalettavfall till en n\u00e4ringsrik jord.\",\"breadcrumb\":{\"@id\":\"https:\\\/\\\/ekolet.com\\\/sv\\\/produkt\\\/ekolet-anna\\\/#breadcrumb\"},\"inLanguage\":\"sv-SE\",\"potentialAction\":[{\"@type\":\"ReadAction\",\"target\":[\"https:\\\/\\\/ekolet.com\\\/sv\\\/produkt\\\/ekolet-anna\\\/\"]}]},{\"@type\":\"ImageObject\",\"inLanguage\":\"sv-SE\",\"@id\":\"https:\\\/\\\/ekolet.com\\\/sv\\\/produkt\\\/ekolet-anna\\\/#primaryimage\",\"url\":\"https:\\\/\\\/ekolet.com\\\/wp-content\\\/uploads\\\/posliini-istuin.png\",\"contentUrl\":\"https:\\\/\\\/ekolet.com\\\/wp-content\\\/uploads\\\/posliini-istuin.png\",\"width\":640,\"height\":640},{\"@type\":\"BreadcrumbList\",\"@id\":\"https:\\\/\\\/ekolet.com\\\/sv\\\/produkt\\\/ekolet-anna\\\/#breadcrumb\",\"itemListElement\":[{\"@type\":\"ListItem\",\"position\":1,\"name\":\"Home\",\"item\":\"https:\\\/\\\/ekolet.com\\\/sv\\\/\"},{\"@type\":\"ListItem\",\"position\":2,\"name\":\"Produkter\",\"item\":\"https:\\\/\\\/ekolet.com\\\/sv\\\/shop\\\/\"},{\"@type\":\"ListItem\",\"position\":3,\"name\":\"Torrtoaletter f\u00f6r inomhusbruk och i hemmet\",\"item\":\"https:\\\/\\\/ekolet.com\\\/sv\\\/produkt-kategori\\\/kuivakaymalat-sisalle-ja-kotiin-sv\\\/\"},{\"@type\":\"ListItem\",\"position\":4,\"name\":\"Ekolet Anna komposterande toalett\"}]},{\"@type\":\"WebSite\",\"@id\":\"https:\\\/\\\/ekolet.com\\\/sv\\\/#website\",\"url\":\"https:\\\/\\\/ekolet.com\\\/sv\\\/\",\"name\":\"Development\",\"description\":\"\",\"publisher\":{\"@id\":\"https:\\\/\\\/ekolet.com\\\/sv\\\/#organization\"},\"potentialAction\":[{\"@type\":\"SearchAction\",\"target\":{\"@type\":\"EntryPoint\",\"urlTemplate\":\"https:\\\/\\\/ekolet.com\\\/sv\\\/?s={search_term_string}\"},\"query-input\":{\"@type\":\"PropertyValueSpecification\",\"valueRequired\":true,\"valueName\":\"search_term_string\"}}],\"inLanguage\":\"sv-SE\"},{\"@type\":\"Organization\",\"@id\":\"https:\\\/\\\/ekolet.com\\\/sv\\\/#organization\",\"name\":\"Ekolet Oy\",\"url\":\"https:\\\/\\\/ekolet.com\\\/sv\\\/\",\"logo\":{\"@type\":\"ImageObject\",\"inLanguage\":\"sv-SE\",\"@id\":\"https:\\\/\\\/ekolet.com\\\/sv\\\/#\\\/schema\\\/logo\\\/image\\\/\",\"url\":\"https:\\\/\\\/ekolet.com\\\/wp-content\\\/uploads\\\/ekolet-og.png\",\"contentUrl\":\"https:\\\/\\\/ekolet.com\\\/wp-content\\\/uploads\\\/ekolet-og.png\",\"width\":1200,\"height\":630,\"caption\":\"Ekolet Oy\"},\"image\":{\"@id\":\"https:\\\/\\\/ekolet.com\\\/sv\\\/#\\\/schema\\\/logo\\\/image\\\/\"}}]}<\/script>\n<!-- \/ Yoast SEO plugin. -->","yoast_head_json":{"title":"Ekolet Anna komposterande toalett &#183; Ekolet","description":"Ekolet Anna \u00e4r en torrtoalett f\u00f6r hemmet som \u00e4r utformad f\u00f6r anv\u00e4ndning \u00e5ret runt och som komposterar toalettavfall till en n\u00e4ringsrik jord.","robots":{"index":"index","follow":"follow","max-snippet":"max-snippet:-1","max-image-preview":"max-image-preview:large","max-video-preview":"max-video-preview:-1"},"canonical":"https:\/\/ekolet.com\/sv\/produkt\/ekolet-anna\/","og_locale":"sv_SE","og_type":"article","og_title":"Ekolet Anna komposterande toalett &#183; Ekolet","og_description":"Ekolet Anna \u00e4r en torrtoalett f\u00f6r hemmet som \u00e4r utformad f\u00f6r anv\u00e4ndning \u00e5ret runt och som komposterar toalettavfall till en n\u00e4ringsrik jord.","og_url":"https:\/\/ekolet.com\/sv\/produkt\/ekolet-anna\/","og_site_name":"Ekolet","article_modified_time":"2025-11-27T12:55:10+00:00","og_image":[{"width":640,"height":640,"url":"https:\/\/ekolet.com\/wp-content\/uploads\/posliini-istuin.png","type":"image\/png"}],"twitter_misc":{"Ber\u00e4knad l\u00e4stid":"13 minuter"},"schema":{"@context":"https:\/\/schema.org","@graph":[{"@type":"WebPage","@id":"https:\/\/ekolet.com\/sv\/produkt\/ekolet-anna\/","url":"https:\/\/ekolet.com\/sv\/produkt\/ekolet-anna\/","name":"Ekolet Anna komposterande toalett &#183; Ekolet","isPartOf":{"@id":"https:\/\/ekolet.com\/sv\/#website"},"primaryImageOfPage":{"@id":"https:\/\/ekolet.com\/sv\/produkt\/ekolet-anna\/#primaryimage"},"image":{"@id":"https:\/\/ekolet.com\/sv\/produkt\/ekolet-anna\/#primaryimage"},"thumbnailUrl":"https:\/\/ekolet.com\/wp-content\/uploads\/posliini-istuin.png","datePublished":"2024-03-15T10:22:29+00:00","dateModified":"2025-11-27T12:55:10+00:00","description":"Ekolet Anna \u00e4r en torrtoalett f\u00f6r hemmet som \u00e4r utformad f\u00f6r anv\u00e4ndning \u00e5ret runt och som komposterar toalettavfall till en n\u00e4ringsrik jord.","breadcrumb":{"@id":"https:\/\/ekolet.com\/sv\/produkt\/ekolet-anna\/#breadcrumb"},"inLanguage":"sv-SE","potentialAction":[{"@type":"ReadAction","target":["https:\/\/ekolet.com\/sv\/produkt\/ekolet-anna\/"]}]},{"@type":"ImageObject","inLanguage":"sv-SE","@id":"https:\/\/ekolet.com\/sv\/produkt\/ekolet-anna\/#primaryimage","url":"https:\/\/ekolet.com\/wp-content\/uploads\/posliini-istuin.png","contentUrl":"https:\/\/ekolet.com\/wp-content\/uploads\/posliini-istuin.png","width":640,"height":640},{"@type":"BreadcrumbList","@id":"https:\/\/ekolet.com\/sv\/produkt\/ekolet-anna\/#breadcrumb","itemListElement":[{"@type":"ListItem","position":1,"name":"Home","item":"https:\/\/ekolet.com\/sv\/"},{"@type":"ListItem","position":2,"name":"Produkter","item":"https:\/\/ekolet.com\/sv\/shop\/"},{"@type":"ListItem","position":3,"name":"Torrtoaletter f\u00f6r inomhusbruk och i hemmet","item":"https:\/\/ekolet.com\/sv\/produkt-kategori\/kuivakaymalat-sisalle-ja-kotiin-sv\/"},{"@type":"ListItem","position":4,"name":"Ekolet Anna komposterande toalett"}]},{"@type":"WebSite","@id":"https:\/\/ekolet.com\/sv\/#website","url":"https:\/\/ekolet.com\/sv\/","name":"Development","description":"","publisher":{"@id":"https:\/\/ekolet.com\/sv\/#organization"},"potentialAction":[{"@type":"SearchAction","target":{"@type":"EntryPoint","urlTemplate":"https:\/\/ekolet.com\/sv\/?s={search_term_string}"},"query-input":{"@type":"PropertyValueSpecification","valueRequired":true,"valueName":"search_term_string"}}],"inLanguage":"sv-SE"},{"@type":"Organization","@id":"https:\/\/ekolet.com\/sv\/#organization","name":"Ekolet Oy","url":"https:\/\/ekolet.com\/sv\/","logo":{"@type":"ImageObject","inLanguage":"sv-SE","@id":"https:\/\/ekolet.com\/sv\/#\/schema\/logo\/image\/","url":"https:\/\/ekolet.com\/wp-content\/uploads\/ekolet-og.png","contentUrl":"https:\/\/ekolet.com\/wp-content\/uploads\/ekolet-og.png","width":1200,"height":630,"caption":"Ekolet Oy"},"image":{"@id":"https:\/\/ekolet.com\/sv\/#\/schema\/logo\/image\/"}}]}},"_links":{"self":[{"href":"https:\/\/ekolet.com\/sv\/wp-json\/wp\/v2\/product\/19365","targetHints":{"allow":["GET"]}}],"collection":[{"href":"https:\/\/ekolet.com\/sv\/wp-json\/wp\/v2\/product"}],"about":[{"href":"https:\/\/ekolet.com\/sv\/wp-json\/wp\/v2\/types\/product"}],"wp:featuredmedia":[{"embeddable":true,"href":"https:\/\/ekolet.com\/sv\/wp-json\/wp\/v2\/media\/19155"}],"wp:attachment":[{"href":"https:\/\/ekolet.com\/sv\/wp-json\/wp\/v2\/media?parent=19365"}],"wp:term":[{"taxonomy":"product_brand","embeddable":true,"href":"https:\/\/ekolet.com\/sv\/wp-json\/wp\/v2\/product_brand?post=19365"},{"taxonomy":"product_cat","embeddable":true,"href":"https:\/\/ekolet.com\/sv\/wp-json\/wp\/v2\/product_cat?post=19365"},{"taxonomy":"product_tag","embeddable":true,"href":"https:\/\/ekolet.com\/sv\/wp-json\/wp\/v2\/product_tag?post=19365"}],"curies":[{"name":"wp","href":"https:\/\/api.w.org\/{rel}","templated":true}]}}